{"id":47479,"date":"2023-06-30T10:57:37","date_gmt":"2023-06-30T03:57:37","guid":{"rendered":"https:\/\/mouldking.store\/shop\/mould-king-27001-bugatti-vision-gt-with-336-pieces-2\/"},"modified":"2023-06-30T10:57:37","modified_gmt":"2023-06-30T03:57:37","slug":"mould-king-27001-bugatti-vision-gt-with-336-pieces-2","status":"publish","type":"product","link":"https:\/\/mouldking.store\/hu\/shop\/mould-king-27001-bugatti-vision-gt-with-336-pieces-2\/","title":{"rendered":"MOULD KING 27001 Bugatti Vision GT with 336 Pieces"},"content":{"rendered":"<div>\u2705 Mould King 27001 Bugatti Vision GT<br \/>&nbsp;<br \/>\u2705The Bugatti Vision Gran Turismo (Vision GT) is a concept car developed by Bugatti for the Gran Turismo video game series. It was unveiled in 2015 at the Frankfurt Motor Show. The Vision GT was created as a virtual concept car specifically designed for the game, but it also served as a platform to showcase Bugatti&#8217;s design direction and technological advancements.<br \/>&nbsp;<br \/>\ud83d\udeab FONTOS!&nbsp;<br \/>&nbsp;<br \/>Product Name: Bugatti Vision GT<br \/>&nbsp;<br \/>Kateg\u00f3ria: M\u0171szaki&nbsp;<br \/>&nbsp;<br \/>This Kit Contains:&nbsp; Mould King 27001<br \/>&nbsp;<br \/>336 pcs Good Quality Bricks&nbsp;<br \/>&nbsp;<br \/>Size: 16 \u00d7 7.8 \u00d7 4.5 cm<br \/>&nbsp;<br \/>K\u00e9zi utas\u00edt\u00e1sok&nbsp;<br \/>&nbsp;<br \/>\ud83d\udcccA f\u0151szerepl\u0151 term\u00e9szete&nbsp;<br \/>&nbsp;<br \/>Introducing our proud collection named \u201cBugatti Vision GT\u201d you should not miss.&nbsp;<br \/>&nbsp;<br \/>The Bugatti Vision GT features an extreme and futuristic design, taking inspiration from Bugatti&#8217;s iconic racing cars from the past. It incorporates several design elements seen in Bugatti&#8217;s production cars, such as the horseshoe grille, the signature C-shaped side line, and the characteristic Bugatti front end. The car&#8217;s aerodynamics were optimized for high-speed performance, with large air intakes, a massive rear diffuser, and an adjustable rear wing. Underneath its striking exterior, the Bugatti Vision GT is powered by a W16 engine, similar to the Bugatti Veyron and Chiron. However, specific technical details and performance figures for the Vision GT were not released since it was purely a concept car created for the virtual world of Gran Turismo.<\/div>","protected":false},"excerpt":{"rendered":"<p>M\u00e1rka: MOLD KING<br \/>\nNem: Uniszex<br \/>\nKoroszt\u00e1ly: 8 \u00e9v felett<br \/>\nModel Number: 27001<br \/>\nBesorol\u00e1s: \u00d6sszeszerel\u00e9s<br \/>\nM\u0171anyag blokk forma: \u00f6nz\u00e1r\u00f3 t\u00e9gla<br \/>\nAnyaga: M\u0171anyag<br \/>\nM\u0171anyag t\u00edpus: ABS<br \/>\nBricks Blocks: 336 +<br \/>\nEredeti doboza nincs<\/p>","protected":false},"featured_media":47477,"comment_status":"open","ping_status":"closed","template":"","meta":{"_acf_changed":false},"product_cat":[1360,1357,364],"product_tag":[1730,457,389,11080,3488],"class_list":["product","first","instock","shipping-taxable","purchasable","product-type-simple"],"acf":[],"_links":{"self":[{"href":"https:\/\/mouldking.store\/hu\/wp-json\/wp\/v2\/product\/47479","targetHints":{"allow":["GET"]}}],"collection":[{"href":"https:\/\/mouldking.store\/hu\/wp-json\/wp\/v2\/product"}],"about":[{"href":"https:\/\/mouldking.store\/hu\/wp-json\/wp\/v2\/types\/product"}],"replies":[{"embeddable":true,"href":"https:\/\/mouldking.store\/hu\/wp-json\/wp\/v2\/comments?post=47479"}],"wp:featuredmedia":[{"embeddable":true,"href":"https:\/\/mouldking.store\/hu\/wp-json\/wp\/v2\/media\/47477"}],"wp:attachment":[{"href":"https:\/\/mouldking.store\/hu\/wp-json\/wp\/v2\/media?parent=47479"}],"wp:term":[{"taxonomy":"product_cat","embeddable":true,"href":"https:\/\/mouldking.store\/hu\/wp-json\/wp\/v2\/product_cat?post=47479"},{"taxonomy":"product_tag","embeddable":true,"href":"https:\/\/mouldking.store\/hu\/wp-json\/wp\/v2\/product_tag?post=47479"}],"curies":[{"name":"wp","href":"https:\/\/api.w.org\/{rel}","templated":true}]}}