{"id":47484,"date":"2023-06-30T11:30:45","date_gmt":"2023-06-30T04:30:45","guid":{"rendered":"https:\/\/mouldking.store\/shop\/k-box-10520-lamborghini-svj-sports-car-with-3811-pieces\/"},"modified":"2023-06-30T11:30:45","modified_gmt":"2023-06-30T04:30:45","slug":"k-box-10520-lamborghini-svj-sports-car-with-3811-pieces","status":"publish","type":"product","link":"https:\/\/mouldking.store\/hu\/shop\/k-box-10520-lamborghini-svj-sports-car-with-3811-pieces\/","title":{"rendered":"K-Box 10520 Lamborghini SVJ Sports Car with 3811 Pieces"},"content":{"rendered":"<div>\u2705 K-Box 10520 Lamborghini SVJ Sports Car<br \/>&nbsp;<br \/>\u2705The Lamborghini SVJ (SuperVeloce Jota) is a high-performance sports car produced by the Italian automaker Lamborghini. It is the most powerful and track-focused variant of the Lamborghini Aventador lineup. The SVJ is a limited-production model that was unveiled at the 2018 Monterey Car Week in California.<br \/>&nbsp;<br \/>\ud83d\udeab FONTOS!&nbsp;<br \/>&nbsp;<br \/>Product Name: Lamborghini SVJ Sports Car<br \/>&nbsp;<br \/>Kateg\u00f3ria: M\u0171szaki<br \/>&nbsp;<br \/>This Kit Contains: K-Box 10520<br \/>&nbsp;<br \/>3811 pcs Good Quality Bricks&nbsp;<br \/>&nbsp;<br \/>Size: 55 \u00d7 26 \u00d7 12 cm<br \/>&nbsp;<br \/>K\u00e9zi utas\u00edt\u00e1sok&nbsp;<br \/>&nbsp;<br \/>\ud83d\udcccA f\u0151szerepl\u0151 term\u00e9szete&nbsp;<br \/>&nbsp;<br \/>Introducing our proud collection named \u201cLamborghini SVJ Sports Car\u201d you should not miss.&nbsp;<br \/>&nbsp;<br \/>The Lamborghini SVJ features an aggressive and aerodynamic design, reflecting its performance-focused nature. It combines sharp lines, large air intakes, and a low-slung profile, with aerodynamic elements such as a large rear wing, side air intakes, and a front splitter to enhance downforce and stability. The SVJ is powered by a naturally aspirated V12 engine, delivering a thrilling driving experience. The 6.5-liter V12 engine produces a staggering 759 horsepower (770 metric horsepower) and 531 lb-ft (720 Nm) of torque, making it one of the most powerful V12 engines produced by Lamborghini.<\/div>","protected":false},"excerpt":{"rendered":"<p>M\u00e1rka: K-Box<br \/>\nNem: Uniszex<br \/>\nKorhat\u00e1r: 14 \u00e9v felett<br \/>\nModel Number: 10520<br \/>\nBesorol\u00e1s: \u00d6sszeszerel\u00e9s<br \/>\nM\u0171anyag blokk forma: \u00f6nz\u00e1r\u00f3 t\u00e9gla<br \/>\nAnyaga: M\u0171anyag<br \/>\nM\u0171anyag t\u00edpus: ABS<br \/>\nBricks Blocks: 3811 +<br \/>\nEredeti doboza nincs<\/p>","protected":false},"featured_media":47480,"comment_status":"open","ping_status":"closed","template":"","meta":{"_acf_changed":false},"product_cat":[1360,1357,364],"product_tag":[457,596,11150,5166,389,11080],"class_list":["product","first","instock","shipping-taxable","purchasable","product-type-simple"],"acf":[],"_links":{"self":[{"href":"https:\/\/mouldking.store\/hu\/wp-json\/wp\/v2\/product\/47484","targetHints":{"allow":["GET"]}}],"collection":[{"href":"https:\/\/mouldking.store\/hu\/wp-json\/wp\/v2\/product"}],"about":[{"href":"https:\/\/mouldking.store\/hu\/wp-json\/wp\/v2\/types\/product"}],"replies":[{"embeddable":true,"href":"https:\/\/mouldking.store\/hu\/wp-json\/wp\/v2\/comments?post=47484"}],"wp:featuredmedia":[{"embeddable":true,"href":"https:\/\/mouldking.store\/hu\/wp-json\/wp\/v2\/media\/47480"}],"wp:attachment":[{"href":"https:\/\/mouldking.store\/hu\/wp-json\/wp\/v2\/media?parent=47484"}],"wp:term":[{"taxonomy":"product_cat","embeddable":true,"href":"https:\/\/mouldking.store\/hu\/wp-json\/wp\/v2\/product_cat?post=47484"},{"taxonomy":"product_tag","embeddable":true,"href":"https:\/\/mouldking.store\/hu\/wp-json\/wp\/v2\/product_tag?post=47484"}],"curies":[{"name":"wp","href":"https:\/\/api.w.org\/{rel}","templated":true}]}}