{"id":47500,"date":"2023-06-30T12:14:28","date_gmt":"2023-06-30T05:14:28","guid":{"rendered":"https:\/\/mouldking.store\/shop\/yourbricks-20013-slag-with-969-pieces\/"},"modified":"2023-06-30T12:14:28","modified_gmt":"2023-06-30T05:14:28","slug":"yourbricks-20013-slag-with-969-pieces","status":"publish","type":"product","link":"https:\/\/mouldking.store\/hu\/shop\/yourbricks-20013-slag-with-969-pieces\/","title":{"rendered":"YOURBRICKS 20013 Slag with 969 Pieces"},"content":{"rendered":"<div>\u2705YOURBRICKS 20013 Slag&nbsp;<br \/>&nbsp;<br \/>\u2705Slag is a fictional character from the Transformers toy line and media franchise. He is one of the Dinobots, a subgroup of the Autobots. Slag is typically depicted as a powerful and aggressive Autobot who transforms into a mechanical Triceratops dinosaur.<br \/>&nbsp;<br \/>\ud83d\udeab FONTOS!&nbsp;<br \/>&nbsp;<br \/>Product Name: Slag<br \/>&nbsp;<br \/>Kateg\u00f3ria: Alkot\u00f3&nbsp;<br \/>&nbsp;<br \/>This Kit Contains: YOURBRICKS 20013&nbsp;<br \/>&nbsp;<br \/>969&nbsp; pcs Good Quality Bricks&nbsp;<br \/>&nbsp;<br \/>K\u00e9zi utas\u00edt\u00e1sok&nbsp;<br \/>&nbsp;<br \/>\ud83d\udcccA f\u0151szerepl\u0151 term\u00e9szete&nbsp;<br \/>&nbsp;<br \/>Introducing our proud collection named \u201cSlag\u201d you should not miss.&nbsp;<br \/>&nbsp;<br \/>Slag is part of the Dinobots, a group of Autobots who transform into dinosaurs. The Dinobots were created by the Autobot leader Optimus Prime to provide additional firepower and combat capabilities. Slag&#8217;s alternate mode is that of a Triceratops, a three-horned dinosaur. In this mode, he retains his strength and durability, using his size and horns for offense and defense. Slag is aligned with the Autobots, the faction of heroic robots who fight for justice and peace against the Decepticons, their antagonistic counterparts.<\/div>","protected":false},"excerpt":{"rendered":"<p>Brand: YOURBRICKS<br \/>\nNem: Uniszex<br \/>\nKoroszt\u00e1ly: &gt; 6 \u00e9v<br \/>\nModel Number: 20013<br \/>\nBesorol\u00e1s: \u00d6sszeszerel\u00e9s<br \/>\nM\u0171anyag blokk forma: \u00f6nz\u00e1r\u00f3 t\u00e9gla<br \/>\nAnyaga: M\u0171anyag<br \/>\nM\u0171anyag t\u00edpus: ABS<br \/>\nBricks Blocks: 969 +<br \/>\nEredeti doboza nincs<\/p>","protected":false},"featured_media":47490,"comment_status":"open","ping_status":"closed","template":"","meta":{"_acf_changed":false},"product_cat":[1365,371],"product_tag":[11072,8452,12182,6795],"class_list":["product","first","instock","shipping-taxable","purchasable","product-type-simple"],"acf":[],"_links":{"self":[{"href":"https:\/\/mouldking.store\/hu\/wp-json\/wp\/v2\/product\/47500","targetHints":{"allow":["GET"]}}],"collection":[{"href":"https:\/\/mouldking.store\/hu\/wp-json\/wp\/v2\/product"}],"about":[{"href":"https:\/\/mouldking.store\/hu\/wp-json\/wp\/v2\/types\/product"}],"replies":[{"embeddable":true,"href":"https:\/\/mouldking.store\/hu\/wp-json\/wp\/v2\/comments?post=47500"}],"wp:featuredmedia":[{"embeddable":true,"href":"https:\/\/mouldking.store\/hu\/wp-json\/wp\/v2\/media\/47490"}],"wp:attachment":[{"href":"https:\/\/mouldking.store\/hu\/wp-json\/wp\/v2\/media?parent=47500"}],"wp:term":[{"taxonomy":"product_cat","embeddable":true,"href":"https:\/\/mouldking.store\/hu\/wp-json\/wp\/v2\/product_cat?post=47500"},{"taxonomy":"product_tag","embeddable":true,"href":"https:\/\/mouldking.store\/hu\/wp-json\/wp\/v2\/product_tag?post=47500"}],"curies":[{"name":"wp","href":"https:\/\/api.w.org\/{rel}","templated":true}]}}