{"id":47606,"date":"2023-07-03T11:21:19","date_gmt":"2023-07-03T04:21:19","guid":{"rendered":"https:\/\/mouldking.store\/shop\/moc-factory-89321-yu-gi-oh-yaranzo-treasure-monster-with-359-pieces\/"},"modified":"2025-12-16T22:24:53","modified_gmt":"2025-12-16T15:24:53","slug":"moc-factory-89321-yu-gi-oh-yaranzo-treasure-monster-with-359-pieces","status":"publish","type":"product","link":"https:\/\/mouldking.store\/hu\/shop\/moc-factory-89321-yu-gi-oh-yaranzo-treasure-monster-with-359-pieces\/","title":{"rendered":"MOC Factory 89321 Yu-Gi-Oh Yaranzo Treasure Monster with 359 Pieces"},"content":{"rendered":"<div>\u2705 MOC-89321 Yu-Gi-Oh Yaranzo Treasure Monster<br \/>&nbsp;<br \/>\u2705Yu-Gi-Oh! is a popular trading card game (TCG) created by Kazuki Takahashi. It originated from the manga series of the same name, which was serialized in Japan from 1996 to 2004. The manga follows the adventures of a young boy named Yugi Mutou, who possesses an ancient Egyptian artifact called the Millennium Puzzle. When Yugi solves the puzzle, he becomes host to a mysterious spirit known as Yami Yugi or the &#8220;Pharaoh.&#8221;<br \/>&nbsp;<br \/>\ud83d\udeab FONTOS!&nbsp;<br \/>&nbsp;<br \/>Product Name:&nbsp; Yu-Gi-Oh Yaranzo Treasure Monster<br \/>&nbsp;<br \/>Kateg\u00f3ria: Alkot\u00f3&nbsp;<br \/>&nbsp;<br \/>This Kit Contains: F-C7889<br \/>&nbsp;<br \/>359 pcs Good Quality Bricks&nbsp;<br \/>&nbsp;<br \/>Size: 14.7 x 9.3 x 11.6 cm<br \/>&nbsp;<br \/>K\u00e9zi utas\u00edt\u00e1sok&nbsp;<br \/>&nbsp;<br \/>\ud83d\udcccA f\u0151szerepl\u0151 term\u00e9szete&nbsp;<br \/>&nbsp;<br \/>Introducing our proud collection named \u201cYu-Gi-Oh Yaranzo Treasure Monster\u201d you should not miss.&nbsp;<br \/>&nbsp;<br \/>The Yu-Gi-Oh! TCG was developed based on the manga and was first released in Japan in 1999. It quickly gained international popularity and has since become one of the most successful trading card games worldwide. The game centers around players constructing decks of cards representing monsters, spells, and traps. These cards are then used to simulate battles between two players, with the goal of reducing the opponent&#8217;s life points to zero.<\/div>","protected":false},"excerpt":{"rendered":"<p>M\u00e1rka: MOC Factory<br \/>\nNem: Uniszex<br \/>\nKoroszt\u00e1ly: &gt; 6 \u00e9v<br \/>\nModel Number: 89321<br \/>\nBesorol\u00e1s: \u00d6sszeszerel\u00e9s<br \/>\nM\u0171anyag blokk forma: \u00f6nz\u00e1r\u00f3 t\u00e9gla<br \/>\nAnyaga: M\u0171anyag<br \/>\nM\u0171anyag t\u00edpus: ABS<br \/>\nBricks Blocks: 359 +<br \/>\nEredeti doboza nincs<\/p>","protected":false},"featured_media":47595,"comment_status":"open","ping_status":"closed","template":"","meta":{"_acf_changed":false},"product_cat":[1365,371],"product_tag":[11072,8452,468,12189,11586],"class_list":["product","first","instock","shipping-taxable","purchasable","product-type-simple"],"acf":[],"_links":{"self":[{"href":"https:\/\/mouldking.store\/hu\/wp-json\/wp\/v2\/product\/47606","targetHints":{"allow":["GET"]}}],"collection":[{"href":"https:\/\/mouldking.store\/hu\/wp-json\/wp\/v2\/product"}],"about":[{"href":"https:\/\/mouldking.store\/hu\/wp-json\/wp\/v2\/types\/product"}],"replies":[{"embeddable":true,"href":"https:\/\/mouldking.store\/hu\/wp-json\/wp\/v2\/comments?post=47606"}],"wp:featuredmedia":[{"embeddable":true,"href":"https:\/\/mouldking.store\/hu\/wp-json\/wp\/v2\/media\/47595"}],"wp:attachment":[{"href":"https:\/\/mouldking.store\/hu\/wp-json\/wp\/v2\/media?parent=47606"}],"wp:term":[{"taxonomy":"product_cat","embeddable":true,"href":"https:\/\/mouldking.store\/hu\/wp-json\/wp\/v2\/product_cat?post=47606"},{"taxonomy":"product_tag","embeddable":true,"href":"https:\/\/mouldking.store\/hu\/wp-json\/wp\/v2\/product_tag?post=47606"}],"curies":[{"name":"wp","href":"https:\/\/api.w.org\/{rel}","templated":true}]}}