{"id":47660,"date":"2023-07-03T14:16:28","date_gmt":"2023-07-03T07:16:28","guid":{"rendered":"https:\/\/mouldking.store\/shop\/pantasy-86311-the-little-prince-suitcase-with-500-pieces\/"},"modified":"2023-07-03T14:16:28","modified_gmt":"2023-07-03T07:16:28","slug":"pantasy-86311-the-little-prince-suitcase-with-500-pieces","status":"publish","type":"product","link":"https:\/\/mouldking.store\/hu\/shop\/pantasy-86311-the-little-prince-suitcase-with-500-pieces\/","title":{"rendered":"Pantasy 86311 The Little Prince Suitcase with 500 Pieces"},"content":{"rendered":"<div>\u2705 Pantasy 86311 The Little Prince Suitcase<br \/>&nbsp;<br \/>\u2705The Little Prince Suitcase, also known as &#8220;The Little Prince Travel Set,&#8221; is a merchandise item inspired by the classic novella &#8220;The Little Prince&#8221; written by Antoine de Saint-Exup\u00e9ry. The novella tells the story of a young prince who travels from planet to planet, meeting various characters and learning important life lessons along the way.<br \/>&nbsp;<br \/>\ud83d\udeab FONTOS!&nbsp;<br \/>&nbsp;<br \/>Product Name: The Little Prince Suitcase<br \/>&nbsp;<br \/>Kateg\u00f3ria: Alkot\u00f3&nbsp;<br \/>&nbsp;<br \/>This Kit Contains: Pantasy 86311<br \/>&nbsp;<br \/>500 db j\u00f3 min\u0151s\u00e9g\u0171 t\u00e9gla&nbsp;<br \/>&nbsp;<br \/>Size: 17.3 \u00d7 10.3 \u00d7 13.7 cm<br \/>&nbsp;<br \/>K\u00e9zi utas\u00edt\u00e1sok&nbsp;<br \/>&nbsp;<br \/>\ud83d\udcccA f\u0151szerepl\u0151 term\u00e9szete&nbsp;<br \/>&nbsp;<br \/>Introducing our proud collection named \u201cThe Little Prince Suitcase\u201d you should not miss.&nbsp;<br \/>&nbsp;<br \/>The Little Prince Suitcase is a beautifully designed set that typically includes items such as a small suitcase or box adorned with illustrations and quotes from the book. Inside the suitcase, you may find a variety of related items, such as a hardcover copy of &#8220;The Little Prince&#8221; with special illustrations, postcards, bookmarks, stickers, and sometimes additional accessories like a keychain or a small plush toy of the Little Prince himself. The purpose of the Little Prince Suitcase is to provide fans of the book with a special collector&#8217;s item and a complete set of themed merchandise. It allows readers to immerse themselves in the world of &#8220;The Little Prince&#8221; and carry a piece of the story with them wherever they go.<\/div>","protected":false},"excerpt":{"rendered":"<p>M\u00e1rka: Pantasy<br \/>\nNem: Uniszex<br \/>\nKoroszt\u00e1ly: &gt; 6 \u00e9v<br \/>\nModel Number: 86311<br \/>\nBesorol\u00e1s: \u00d6sszeszerel\u00e9s<br \/>\nM\u0171anyag blokk forma: \u00f6nz\u00e1r\u00f3 t\u00e9gla<br \/>\nAnyaga: M\u0171anyag<br \/>\nM\u0171anyag t\u00edpus: ABS<br \/>\nT\u00e9gla T\u00e9gla: 500+<br \/>\nEredeti doboza nincs<\/p>","protected":false},"featured_media":47654,"comment_status":"open","ping_status":"closed","template":"","meta":{"_acf_changed":false},"product_cat":[1365,371],"product_tag":[11072,8452,12195,12196],"class_list":["product","first","instock","shipping-taxable","purchasable","product-type-simple"],"acf":[],"_links":{"self":[{"href":"https:\/\/mouldking.store\/hu\/wp-json\/wp\/v2\/product\/47660","targetHints":{"allow":["GET"]}}],"collection":[{"href":"https:\/\/mouldking.store\/hu\/wp-json\/wp\/v2\/product"}],"about":[{"href":"https:\/\/mouldking.store\/hu\/wp-json\/wp\/v2\/types\/product"}],"replies":[{"embeddable":true,"href":"https:\/\/mouldking.store\/hu\/wp-json\/wp\/v2\/comments?post=47660"}],"wp:featuredmedia":[{"embeddable":true,"href":"https:\/\/mouldking.store\/hu\/wp-json\/wp\/v2\/media\/47654"}],"wp:attachment":[{"href":"https:\/\/mouldking.store\/hu\/wp-json\/wp\/v2\/media?parent=47660"}],"wp:term":[{"taxonomy":"product_cat","embeddable":true,"href":"https:\/\/mouldking.store\/hu\/wp-json\/wp\/v2\/product_cat?post=47660"},{"taxonomy":"product_tag","embeddable":true,"href":"https:\/\/mouldking.store\/hu\/wp-json\/wp\/v2\/product_tag?post=47660"}],"curies":[{"name":"wp","href":"https:\/\/api.w.org\/{rel}","templated":true}]}}