{"id":47684,"date":"2023-07-07T09:41:47","date_gmt":"2023-07-07T02:41:47","guid":{"rendered":"https:\/\/mouldking.store\/shop\/moc-factory-89312-skibidi-toilet-large-tv-man-with-333-pieces\/"},"modified":"2025-12-16T22:24:51","modified_gmt":"2025-12-16T15:24:51","slug":"moc-factory-89312-skibidi-toilet-large-tv-man-with-333-pieces","status":"publish","type":"product","link":"https:\/\/mouldking.store\/hu\/shop\/moc-factory-89312-skibidi-toilet-large-tv-man-with-333-pieces\/","title":{"rendered":"MOC Factory 89312 Skibidi Toilet Large TV Man with 333 Pieces"},"content":{"rendered":"<div>\u2705 MOC-89312 Skibidi Toilet Large TV Man<\/p>\n<p>\u2705The Large TV Man is a character that so far only appears in Episode 40 and Episode 43 of the Skibidi Toilet series<\/p>\n<p>\ud83d\udeab FONTOS!<\/p>\n<p>Product Name: Skibidi Toilet Large TV Man<\/p>\n<p>Kateg\u00f3ria: Film<\/p>\n<p>This Kit Contains: C9634Y05<\/p>\n<p>333&nbsp; pcs Good Quality Bricks<\/p>\n<p>Size:&nbsp; 17.9 x 4.5 x 23.1 cm<\/p>\n<p>Weight: 0.18 kg<\/p>\n<p>PDF \u00datmutat\u00f3<\/p>\n<p>\ud83d\udcccA f\u0151szerepl\u0151 term\u00e9szete<\/p>\n<p>Introducing our proud collection named \u201cSkibidi Toilet Large TV Man\u201d you should not miss.<\/p>\n<p>The Skibidi Toilets or just Toilets for short, are a strange anomaly and are the antagonists of Skibidi Toilet. They are toilets with heads extending out of Toilets that chase and kill the Cameramen and Speakermen, the Skibidi Toilets are also most commonly seen being killed by being flushed due to their skull getting crushed<\/p><\/div>","protected":false},"excerpt":{"rendered":"<p>M\u00e1rka: MOC Factory<br \/>\nNem: Uniszex<br \/>\nKoroszt\u00e1ly: &gt; 6 \u00e9v<br \/>\nModel Number: 89312<br \/>\nBesorol\u00e1s: \u00d6sszeszerel\u00e9s<br \/>\nM\u0171anyag blokk forma: \u00f6nz\u00e1r\u00f3 t\u00e9gla<br \/>\nAnyaga: M\u0171anyag<br \/>\nM\u0171anyag t\u00edpus: ABS<br \/>\nBricks Blocks: 333 +<br \/>\nEredeti doboza nincs<\/p>","protected":false},"featured_media":47680,"comment_status":"open","ping_status":"closed","template":"","meta":{"_acf_changed":false},"product_cat":[1365,371,581,1408],"product_tag":[11072,8452,8896,434,12101,12200,12201],"class_list":["product","first","instock","shipping-taxable","purchasable","product-type-simple"],"acf":[],"_links":{"self":[{"href":"https:\/\/mouldking.store\/hu\/wp-json\/wp\/v2\/product\/47684","targetHints":{"allow":["GET"]}}],"collection":[{"href":"https:\/\/mouldking.store\/hu\/wp-json\/wp\/v2\/product"}],"about":[{"href":"https:\/\/mouldking.store\/hu\/wp-json\/wp\/v2\/types\/product"}],"replies":[{"embeddable":true,"href":"https:\/\/mouldking.store\/hu\/wp-json\/wp\/v2\/comments?post=47684"}],"wp:featuredmedia":[{"embeddable":true,"href":"https:\/\/mouldking.store\/hu\/wp-json\/wp\/v2\/media\/47680"}],"wp:attachment":[{"href":"https:\/\/mouldking.store\/hu\/wp-json\/wp\/v2\/media?parent=47684"}],"wp:term":[{"taxonomy":"product_cat","embeddable":true,"href":"https:\/\/mouldking.store\/hu\/wp-json\/wp\/v2\/product_cat?post=47684"},{"taxonomy":"product_tag","embeddable":true,"href":"https:\/\/mouldking.store\/hu\/wp-json\/wp\/v2\/product_tag?post=47684"}],"curies":[{"name":"wp","href":"https:\/\/api.w.org\/{rel}","templated":true}]}}