{"id":47698,"date":"2023-07-07T09:52:46","date_gmt":"2023-07-07T02:52:46","guid":{"rendered":"https:\/\/mouldking.store\/shop\/moc-factory-89310-my-singing-monsters-wubbox-red-with-303-pieces\/"},"modified":"2025-12-16T22:24:51","modified_gmt":"2025-12-16T15:24:51","slug":"moc-factory-89310-my-singing-monsters-wubbox-red-with-303-pieces","status":"publish","type":"product","link":"https:\/\/mouldking.store\/hu\/shop\/moc-factory-89310-my-singing-monsters-wubbox-red-with-303-pieces\/","title":{"rendered":"MOC Factory 89310 My Singing Monsters Wubbox Red with 303 Pieces"},"content":{"rendered":"<div>\u2705 MOC-89310 My Singing Monsters Wubbox Red<\/p>\n<p>\u2705In the mobile game &#8220;My Singing Monsters,&#8221; the Wubbox is a unique and rare monster that players can obtain and breed on their islands. The Wubbox is known for its distinct appearance and its ability to produce a variety of musical sounds.<\/p>\n<p>\ud83d\udeab FONTOS!<\/p>\n<p>Product Name: My Singing Monsters Wubbox Red<\/p>\n<p>Kateg\u00f3ria: Film<\/p>\n<p>This Kit Contains: C9593<\/p>\n<p>303 pcs Good Quality Bricks<\/p>\n<p>Size: 18.5 x 9.5 x 19 cm<\/p>\n<p>S\u00faly: 0,15 kg<\/p>\n<p>PDF \u00datmutat\u00f3<\/p>\n<p>\ud83d\udcccA f\u0151szerepl\u0151 term\u00e9szete<\/p>\n<p>Introducing our proud collection named \u201cMy Singing Monsters Wubbox Red\u201d you should not miss.<\/p>\n<p>The Wubbox is typically unlocked at higher levels of the game when players have achieved specific milestones. The process of breeding a Wubbox involves combining certain combinations of monsters in the game to create an egg that hatches into a Wubbox. The Wubbox stands out from other monsters with its large, box-like shape. It has a metallic body with colorful lights and wires, giving it a futuristic and robotic appearance. The Wubbox is an exceptionally unique monster because it can produce all the sounds of the other monsters in the game. When activated, it plays a harmonized melody that combines the musical elements of all the monsters on the island.<\/p><\/div>","protected":false},"excerpt":{"rendered":"<p>M\u00e1rka: MOC Factory<br \/>\nNem: Uniszex<br \/>\nKoroszt\u00e1ly: &gt; 6 \u00e9v<br \/>\nModel Number: 89310<br \/>\nBesorol\u00e1s: \u00d6sszeszerel\u00e9s<br \/>\nM\u0171anyag blokk forma: \u00f6nz\u00e1r\u00f3 t\u00e9gla<br \/>\nAnyaga: M\u0171anyag<br \/>\nM\u0171anyag t\u00edpus: ABS<br \/>\nBricks Blocks: 303 +<br \/>\nEredeti doboza nincs<\/p>","protected":false},"featured_media":47690,"comment_status":"open","ping_status":"closed","template":"","meta":{"_acf_changed":false},"product_cat":[1365,371],"product_tag":[11072,8452,9139,11468,11859,11467,11860],"class_list":["product","first","instock","shipping-taxable","purchasable","product-type-simple"],"acf":[],"_links":{"self":[{"href":"https:\/\/mouldking.store\/hu\/wp-json\/wp\/v2\/product\/47698","targetHints":{"allow":["GET"]}}],"collection":[{"href":"https:\/\/mouldking.store\/hu\/wp-json\/wp\/v2\/product"}],"about":[{"href":"https:\/\/mouldking.store\/hu\/wp-json\/wp\/v2\/types\/product"}],"replies":[{"embeddable":true,"href":"https:\/\/mouldking.store\/hu\/wp-json\/wp\/v2\/comments?post=47698"}],"wp:featuredmedia":[{"embeddable":true,"href":"https:\/\/mouldking.store\/hu\/wp-json\/wp\/v2\/media\/47690"}],"wp:attachment":[{"href":"https:\/\/mouldking.store\/hu\/wp-json\/wp\/v2\/media?parent=47698"}],"wp:term":[{"taxonomy":"product_cat","embeddable":true,"href":"https:\/\/mouldking.store\/hu\/wp-json\/wp\/v2\/product_cat?post=47698"},{"taxonomy":"product_tag","embeddable":true,"href":"https:\/\/mouldking.store\/hu\/wp-json\/wp\/v2\/product_tag?post=47698"}],"curies":[{"name":"wp","href":"https:\/\/api.w.org\/{rel}","templated":true}]}}