{"id":47709,"date":"2023-07-07T10:09:52","date_gmt":"2023-07-07T03:09:52","guid":{"rendered":"https:\/\/mouldking.store\/shop\/moc-factory-89308-skibidi-toilet-cameraman-battle-pack-with-220-pieces\/"},"modified":"2025-12-16T22:24:50","modified_gmt":"2025-12-16T15:24:50","slug":"moc-factory-89308-skibidi-toilet-cameraman-battle-pack-with-220-pieces","status":"publish","type":"product","link":"https:\/\/mouldking.store\/hu\/shop\/moc-factory-89308-skibidi-toilet-cameraman-battle-pack-with-220-pieces\/","title":{"rendered":"MOC Factory 89308 Skibidi Toilet Cameraman Battle Pack with 220 Pieces"},"content":{"rendered":"<div>\u2705 MOC-89308 Skibidi Toilet Cameraman Battle Pack<\/p>\n<p>\u2705The average cameraman takes place on a body of a Valve Character, with a head of a camera. A Cameraman is basically a human but with a camera on its head.<\/p>\n<p>\ud83d\udeab FONTOS!<\/p>\n<p>Product Name: Skibidi Toilet Cameraman Battle Pack<\/p>\n<p>Kateg\u00f3ria: Film<\/p>\n<p>This Kit Contains: C9634Y02<\/p>\n<p>220 pcs Good Quality Bricks<\/p>\n<p>Size: 23.1 x 21.7 x 11 cm<\/p>\n<p>S\u00faly: 0,1 kg<\/p>\n<p>PDF \u00datmutat\u00f3<\/p>\n<p>\ud83d\udcccA f\u0151szerepl\u0151 term\u00e9szete<\/p>\n<p>Introducing our proud collection named \u201cSkibidi Toilet Cameraman Battle Pack\u201d you should not miss.<\/p>\n<p>Cameramen (plural of Cameraman) are the protagonists of the Skibidi Toilet story. They are at war with the Skibidi Toilets, being constantly locked into battle with them. There are many different types of Cameramen. The Me-cameraman and other cameramen constantly and relentlessly attempt to stop the Skibidi Toilets, even though they mostly get attacked and die.<\/p><\/div>","protected":false},"excerpt":{"rendered":"<p>M\u00e1rka: MOC Factory<br \/>\nNem: Uniszex<br \/>\nKoroszt\u00e1ly: &gt; 6 \u00e9v<br \/>\nModel Number: 89308<br \/>\nBesorol\u00e1s: \u00d6sszeszerel\u00e9s<br \/>\nM\u0171anyag blokk forma: \u00f6nz\u00e1r\u00f3 t\u00e9gla<br \/>\nAnyaga: M\u0171anyag<br \/>\nM\u0171anyag t\u00edpus: ABS<br \/>\nBricks Blocks: 220 +<br \/>\nEredeti doboza nincs<\/p>","protected":false},"featured_media":47705,"comment_status":"open","ping_status":"closed","template":"","meta":{"_acf_changed":false},"product_cat":[1365,371,581,1408],"product_tag":[9077,12205,11072,8452,434,12101,12200],"class_list":["product","first","instock","shipping-taxable","purchasable","product-type-simple"],"acf":[],"_links":{"self":[{"href":"https:\/\/mouldking.store\/hu\/wp-json\/wp\/v2\/product\/47709","targetHints":{"allow":["GET"]}}],"collection":[{"href":"https:\/\/mouldking.store\/hu\/wp-json\/wp\/v2\/product"}],"about":[{"href":"https:\/\/mouldking.store\/hu\/wp-json\/wp\/v2\/types\/product"}],"replies":[{"embeddable":true,"href":"https:\/\/mouldking.store\/hu\/wp-json\/wp\/v2\/comments?post=47709"}],"wp:featuredmedia":[{"embeddable":true,"href":"https:\/\/mouldking.store\/hu\/wp-json\/wp\/v2\/media\/47705"}],"wp:attachment":[{"href":"https:\/\/mouldking.store\/hu\/wp-json\/wp\/v2\/media?parent=47709"}],"wp:term":[{"taxonomy":"product_cat","embeddable":true,"href":"https:\/\/mouldking.store\/hu\/wp-json\/wp\/v2\/product_cat?post=47709"},{"taxonomy":"product_tag","embeddable":true,"href":"https:\/\/mouldking.store\/hu\/wp-json\/wp\/v2\/product_tag?post=47709"}],"curies":[{"name":"wp","href":"https:\/\/api.w.org\/{rel}","templated":true}]}}