{"id":47768,"date":"2023-07-07T11:09:18","date_gmt":"2023-07-07T04:09:18","guid":{"rendered":"https:\/\/mouldking.store\/shop\/52toys-bb-03bn-jojo-jobana-with-100-pieces\/"},"modified":"2023-07-07T11:09:18","modified_gmt":"2023-07-07T04:09:18","slug":"52toys-bb-03bn-jojo-jobana-with-100-pieces","status":"publish","type":"product","link":"https:\/\/mouldking.store\/hu\/shop\/52toys-bb-03bn-jojo-jobana-with-100-pieces\/","title":{"rendered":"52TOYS BB-03BN JOJO Jobana with 100 Pieces"},"content":{"rendered":"<div>\u2705 52TOYS BB-03BN JOJO Jobana<br \/>&nbsp;<br \/>\ud83d\udeab FONTOS!&nbsp;<br \/>&nbsp;<br \/>Product Name: JOJO Jobana<br \/>&nbsp;<br \/>Kateg\u00f3ria: Alkot\u00f3&nbsp;<\/p>\n<p>This kit contains:&nbsp; 52TOYS BB-03BN<br \/>&nbsp;<br \/>100 db j\u00f3 min\u0151s\u00e9g\u0171 t\u00e9gla&nbsp;<br \/>&nbsp;<br \/>Size:&nbsp; 7.9 cm<br \/>&nbsp;<br \/>K\u00e9zi utas\u00edt\u00e1sok&nbsp;<br \/>&nbsp;<br \/>\ud83d\udcccA f\u0151szerepl\u0151 term\u00e9szete&nbsp;<br \/>&nbsp;<br \/>Introducing our proud collection named \u201cJOJO Jobana\u201d you should not miss.&nbsp;<br \/>&nbsp;<br \/>JOJO the gorilla gets a new release in the BeastBOX figure series from 52Toys, in a yellow and black color scheme! In addition to some design upgrades, he&#8217;s packing a new banana gun. He transforms from his gorilla form to a 5cm cube with ease, and he&#8217;d make a great addition to your collection<\/div>","protected":false},"excerpt":{"rendered":"<p>M\u00e1rka: 52TOYS<br \/>\nNem: Uniszex<br \/>\nKoroszt\u00e1ly: &gt; 6 \u00e9v<br \/>\nModel Number: BB-03BN<br \/>\nBesorol\u00e1s: \u00d6sszeszerel\u00e9s<br \/>\nM\u0171anyag blokk forma: \u00f6nz\u00e1r\u00f3 t\u00e9gla<br \/>\nAnyaga: M\u0171anyag<br \/>\nM\u0171anyag t\u00edpus: ABS<br \/>\nT\u00e9gla T\u00e9gla: 100+<br \/>\nEredeti doboza nincs<br \/>\nA darabok v\u00e1ltozhatnak<\/p>","protected":false},"featured_media":47759,"comment_status":"open","ping_status":"closed","template":"","meta":{"_acf_changed":false},"product_cat":[1365,371],"product_tag":[11072,8452,12212,6922,12211],"class_list":["product","first","instock","shipping-taxable","purchasable","product-type-simple"],"acf":[],"_links":{"self":[{"href":"https:\/\/mouldking.store\/hu\/wp-json\/wp\/v2\/product\/47768","targetHints":{"allow":["GET"]}}],"collection":[{"href":"https:\/\/mouldking.store\/hu\/wp-json\/wp\/v2\/product"}],"about":[{"href":"https:\/\/mouldking.store\/hu\/wp-json\/wp\/v2\/types\/product"}],"replies":[{"embeddable":true,"href":"https:\/\/mouldking.store\/hu\/wp-json\/wp\/v2\/comments?post=47768"}],"wp:featuredmedia":[{"embeddable":true,"href":"https:\/\/mouldking.store\/hu\/wp-json\/wp\/v2\/media\/47759"}],"wp:attachment":[{"href":"https:\/\/mouldking.store\/hu\/wp-json\/wp\/v2\/media?parent=47768"}],"wp:term":[{"taxonomy":"product_cat","embeddable":true,"href":"https:\/\/mouldking.store\/hu\/wp-json\/wp\/v2\/product_cat?post=47768"},{"taxonomy":"product_tag","embeddable":true,"href":"https:\/\/mouldking.store\/hu\/wp-json\/wp\/v2\/product_tag?post=47768"}],"curies":[{"name":"wp","href":"https:\/\/api.w.org\/{rel}","templated":true}]}}