{"id":47782,"date":"2023-07-07T11:19:20","date_gmt":"2023-07-07T04:19:20","guid":{"rendered":"https:\/\/mouldking.store\/shop\/52toys-bb-06-thunder-rhinoceros-with-100-pieces\/"},"modified":"2023-07-07T11:19:20","modified_gmt":"2023-07-07T04:19:20","slug":"52toys-bb-06-thunder-rhinoceros-with-100-pieces","status":"publish","type":"product","link":"https:\/\/mouldking.store\/hu\/shop\/52toys-bb-06-thunder-rhinoceros-with-100-pieces\/","title":{"rendered":"52TOYS BB-06 Mennyd\u00f6rg\u0151 orrszarv\u00fa 100 darabos"},"content":{"rendered":"<div>\u2705 52TOYS BB-06 Thunder Rhinoceros<br \/>&nbsp;<br \/>\u2705The BB-06 Thunder Rhinoceros figure is designed to resemble a robotic representation of a rhinoceros. Like other BeastBox figures, it features a cube-shaped design that can transform into its animal form. The transformation process involves unfolding and reconfiguring various parts to achieve the desired rhinoceros mode.<br \/>\ud83d\udeab FONTOS!&nbsp;<br \/>&nbsp;<br \/>Product Name: Thunder Rhinoceros<br \/>&nbsp;<br \/>Kateg\u00f3ria: Alkot\u00f3&nbsp;<br \/>&nbsp;<br \/>This Kit Contains:&nbsp; 52TOYS BB-06<br \/>&nbsp;<br \/>100&nbsp; pcs Good Quality Bricks&nbsp;<br \/>&nbsp;<br \/>Size: 10.5cm<br \/>&nbsp;<br \/>K\u00e9zi utas\u00edt\u00e1sok&nbsp;<br \/>&nbsp;<br \/>\ud83d\udcccA f\u0151szerepl\u0151 term\u00e9szete&nbsp;<br \/>&nbsp;<br \/>Introducing our proud collection named \u201cThunder Rhinoceros\u201d you should not miss.&nbsp;<br \/>&nbsp;<br \/>The figure is typically articulated, allowing for posing and dynamic displays. It may include additional accessories such as interchangeable faces or weapons, depending on the specific release or version. BeastBox figures, including the BB-06 Thunder Rhinoceros, are popular among collectors and fans of the series due to their unique design and transformation features. They offer a combination of robotic and animal-themed aesthetics that appeal to collectors of various genres. The BB-06 Thunder Rhinoceros figure is designed to be compatible with other BeastBox figures. They can be displayed individually or combined with other figures in the line to create unique scenes or displays.<\/div>","protected":false},"excerpt":{"rendered":"<p>M\u00e1rka: 52TOYS<br \/>\nNem: Uniszex<br \/>\nKoroszt\u00e1ly: &gt; 6 \u00e9v<br \/>\nModel Number: BB-06<br \/>\nBesorol\u00e1s: \u00d6sszeszerel\u00e9s<br \/>\nM\u0171anyag blokk forma: \u00f6nz\u00e1r\u00f3 t\u00e9gla<br \/>\nAnyaga: M\u0171anyag<br \/>\nM\u0171anyag t\u00edpus: ABS<br \/>\nT\u00e9gla T\u00e9gla: 100+<br \/>\nEredeti doboza nincs<br \/>\nA darabok v\u00e1ltozhatnak<\/p>","protected":false},"featured_media":47775,"comment_status":"open","ping_status":"closed","template":"","meta":{"_acf_changed":false},"product_cat":[1365,371],"product_tag":[11072,8452,12215,12213,12211],"class_list":["product","first","instock","shipping-taxable","purchasable","product-type-simple"],"acf":[],"_links":{"self":[{"href":"https:\/\/mouldking.store\/hu\/wp-json\/wp\/v2\/product\/47782","targetHints":{"allow":["GET"]}}],"collection":[{"href":"https:\/\/mouldking.store\/hu\/wp-json\/wp\/v2\/product"}],"about":[{"href":"https:\/\/mouldking.store\/hu\/wp-json\/wp\/v2\/types\/product"}],"replies":[{"embeddable":true,"href":"https:\/\/mouldking.store\/hu\/wp-json\/wp\/v2\/comments?post=47782"}],"wp:featuredmedia":[{"embeddable":true,"href":"https:\/\/mouldking.store\/hu\/wp-json\/wp\/v2\/media\/47775"}],"wp:attachment":[{"href":"https:\/\/mouldking.store\/hu\/wp-json\/wp\/v2\/media?parent=47782"}],"wp:term":[{"taxonomy":"product_cat","embeddable":true,"href":"https:\/\/mouldking.store\/hu\/wp-json\/wp\/v2\/product_cat?post=47782"},{"taxonomy":"product_tag","embeddable":true,"href":"https:\/\/mouldking.store\/hu\/wp-json\/wp\/v2\/product_tag?post=47782"}],"curies":[{"name":"wp","href":"https:\/\/api.w.org\/{rel}","templated":true}]}}