{"id":47797,"date":"2023-07-07T11:37:45","date_gmt":"2023-07-07T04:37:45","guid":{"rendered":"https:\/\/mouldking.store\/shop\/joytoy-jt0814-mecha-depot-weapon-section-with-200-pieces\/"},"modified":"2023-07-07T11:37:45","modified_gmt":"2023-07-07T04:37:45","slug":"joytoy-jt0814-mecha-depot-weapon-section-with-200-pieces","status":"publish","type":"product","link":"https:\/\/mouldking.store\/hu\/shop\/joytoy-jt0814-mecha-depot-weapon-section-with-200-pieces\/","title":{"rendered":"Joytoy JT0814 Mecha Depot fegyverr\u00e9sz 200 darabbal"},"content":{"rendered":"<div>\u2705 JOYTOY JT0814 Mecha Depot fegyverr\u00e9sz<br \/>&nbsp;<br \/>\u2705 A fegyverr\u00e9sz kifejezetten kompatibilis a JOYTOY 1:18 m\u00e9retar\u00e1ny\u00fa mecha figur\u00e1ival. K\u00fcl\u00f6nf\u00e9le fegyvereket \u00e9s kieg\u00e9sz\u00edt\u0151ket tartalmaz, amelyek seg\u00edts\u00e9g\u00e9vel jav\u00edthat\u00f3 ezeknek a figur\u00e1knak a j\u00e1tszhat\u00f3s\u00e1ga \u00e9s testreszab\u00e1si lehet\u0151s\u00e9gei.<br \/>&nbsp;<br \/>\ud83d\udeab FONTOS!&nbsp;<br \/>&nbsp;<br \/>Term\u00e9k neve: Mecha Depot fegyverr\u00e9sz<br \/>&nbsp;<br \/>Kateg\u00f3ria: Katonai<br \/>&nbsp;<br \/>A k\u00e9szlet tartalma: JOYTOY JT0814&nbsp;<br \/>&nbsp;<br \/>200 db j\u00f3 min\u0151s\u00e9g\u0171 t\u00e9gla&nbsp;<br \/>&nbsp;<br \/>M\u00e9rete: 27 x 22,5 x 29,4 cm&nbsp;<br \/>&nbsp;<br \/>K\u00e9zi utas\u00edt\u00e1sok&nbsp;<br \/>&nbsp;<br \/>\ud83d\udcccA f\u0151szerepl\u0151 term\u00e9szete&nbsp;<br \/>&nbsp;<br \/>Bemutatjuk b\u00fcszke kollekci\u00f3nkat, a \u201eMecha Depot Weapon Section\u201d-t, amit nem szabad kihagyni.&nbsp;<br \/>&nbsp;<br \/>A JOYTOY term\u00e9kek \u00e1ltal\u00e1ban magas szint\u0171 r\u00e9szletess\u00e9g\u00fckr\u0151l \u00e9s min\u0151s\u00e9g\u00fckr\u0151l ismertek. A Mecha Depot Weapon Section val\u00f3sz\u00edn\u0171leg a r\u00e9szletekre val\u00f3 odafigyel\u00e9ssel k\u00e9sz\u00fclt, bonyolult tervez\u00e9si \u00e9s fest\u00e9si lehet\u0151s\u00e9geket k\u00edn\u00e1lva a mecha figur\u00e1k \u00e1ltal\u00e1nos megjelen\u00e9s\u00e9nek jav\u00edt\u00e1sa \u00e9rdek\u00e9ben. A JOYTOY Mecha Depot Weapon Section keresett az 1:18 m\u00e9retar\u00e1ny\u00fa mecha figur\u00e1k gy\u0171jt\u0151i \u00e9s rajong\u00f3i k\u00f6r\u00e9ben. Tov\u00e1bbi testreszab\u00e1si lehet\u0151s\u00e9geket k\u00edn\u00e1l, \u00e9s lehet\u0151v\u00e9 teszi a gy\u0171jt\u0151k sz\u00e1m\u00e1ra, hogy fegyverek \u00e9s kieg\u00e9sz\u00edt\u0151k sz\u00e9lesebb v\u00e1laszt\u00e9k\u00e1val b\u0151v\u00edts\u00e9k kijelz\u0151iket \u00e9s jeleneteiket.<\/div>","protected":false},"excerpt":{"rendered":"<p>M\u00e1rka: Joytoy<br \/>\nNem: Uniszex<br \/>\nKoroszt\u00e1ly: &gt; 6 \u00e9v<br \/>\nModellsz\u00e1m: JT0814<br \/>\nBesorol\u00e1s: \u00d6sszeszerel\u00e9s<br \/>\nM\u0171anyag blokk forma: \u00f6nz\u00e1r\u00f3 t\u00e9gla<br \/>\nAnyaga: M\u0171anyag<br \/>\nM\u0171anyag t\u00edpus: ABS<br \/>\nT\u00e9gla T\u00e9gla: 200+<br \/>\nEredeti doboza nincs<br \/>\nA darabok v\u00e1ltozhatnak<\/p>","protected":false},"featured_media":47793,"comment_status":"open","ping_status":"closed","template":"","meta":{"_acf_changed":false},"product_cat":[1365,1350,371,372],"product_tag":[11072,8452,12217,9302,374,12218,3243],"class_list":["product","first","instock","shipping-taxable","purchasable","product-type-simple"],"acf":[],"_links":{"self":[{"href":"https:\/\/mouldking.store\/hu\/wp-json\/wp\/v2\/product\/47797","targetHints":{"allow":["GET"]}}],"collection":[{"href":"https:\/\/mouldking.store\/hu\/wp-json\/wp\/v2\/product"}],"about":[{"href":"https:\/\/mouldking.store\/hu\/wp-json\/wp\/v2\/types\/product"}],"replies":[{"embeddable":true,"href":"https:\/\/mouldking.store\/hu\/wp-json\/wp\/v2\/comments?post=47797"}],"wp:featuredmedia":[{"embeddable":true,"href":"https:\/\/mouldking.store\/hu\/wp-json\/wp\/v2\/media\/47793"}],"wp:attachment":[{"href":"https:\/\/mouldking.store\/hu\/wp-json\/wp\/v2\/media?parent=47797"}],"wp:term":[{"taxonomy":"product_cat","embeddable":true,"href":"https:\/\/mouldking.store\/hu\/wp-json\/wp\/v2\/product_cat?post=47797"},{"taxonomy":"product_tag","embeddable":true,"href":"https:\/\/mouldking.store\/hu\/wp-json\/wp\/v2\/product_tag?post=47797"}],"curies":[{"name":"wp","href":"https:\/\/api.w.org\/{rel}","templated":true}]}}