{"id":47831,"date":"2023-07-07T11:58:21","date_gmt":"2023-07-07T04:58:21","guid":{"rendered":"https:\/\/mouldking.store\/shop\/magic-square-ms-b51d-combaticons-brawl-heavy-gunner-ver-idw-with-100-pieces\/"},"modified":"2025-01-09T10:37:28","modified_gmt":"2025-01-09T03:37:28","slug":"magic-square-ms-b51d-combaticons-brawl-heavy-gunner-ver-idw-with-100-pieces","status":"publish","type":"product","link":"https:\/\/mouldking.store\/hu\/shop\/magic-square-ms-b51d-combaticons-brawl-heavy-gunner-ver-idw-with-100-pieces\/","title":{"rendered":"MAGIC SQUARE MS-B51D Combaticons Brawl Heavy Gunner Ver. IDW with 100 Pieces"},"content":{"rendered":"<div>\u2705MS-TOYS MS-B51D G1 Combaticons Brawl Heavy Gunner Ver. IDW<br \/>&nbsp;<br \/>\u2705The MAGIC SQUARE MS-TOYS MS-B51D G1 Combaticons Brawl Heavy Gunner Ver. IDW is a specific figure from the Magic Square Toys line, inspired by the character Brawl from the Combaticons team in the Generation 1 (G1) Transformers series and the IDW comic book series.<br \/>&nbsp;<br \/>\ud83d\udeab FONTOS!&nbsp;<br \/>&nbsp;<br \/>Product Name: Combaticons Brawl Heavy Gunner Ver. IDW<br \/>&nbsp;<br \/>Kateg\u00f3ria: Alkot\u00f3&nbsp;<br \/>&nbsp;<br \/>This Kit Contains: MS-TOYS MS-B51D<br \/>&nbsp;<br \/>100 db j\u00f3 min\u0151s\u00e9g\u0171 t\u00e9gla&nbsp;<br \/>&nbsp;<br \/>Size: 13cm<br \/>&nbsp;<br \/>K\u00e9zi utas\u00edt\u00e1sok&nbsp;<br \/>&nbsp;<br \/>\ud83d\udcccA f\u0151szerepl\u0151 term\u00e9szete&nbsp;<br \/>&nbsp;<br \/>Introducing our proud collection named \u201cCombaticons Brawl Heavy Gunner Ver. IDW\u201d you should not miss.&nbsp;<br \/>&nbsp;<br \/>The figure is designed to resemble the character Brawl, known as a tank in the Combaticons team. The design may take inspiration from Brawl&#8217;s appearances in both the G1 Transformers series and the IDW comic books. The figure typically features a detailed sculpt, accurate paint applications, and aims to capture the essence of Brawl&#8217;s appearance. The MS-B51D Brawl Heavy Gunner Ver. IDW figure is designed to transform between robot mode and vehicle mode, representing Brawl&#8217;s tank form. The transformation process involves manipulating various parts of the figure to achieve the desired form.<\/div>","protected":false},"excerpt":{"rendered":"<p>Brand: MAGIC SQUARE<br \/>\nNem: Uniszex<br \/>\nKoroszt\u00e1ly: &gt; 6 \u00e9v<br \/>\nModel Number: MS-B51D<br \/>\nBesorol\u00e1s: \u00d6sszeszerel\u00e9s<br \/>\nM\u0171anyag blokk forma: \u00f6nz\u00e1r\u00f3 t\u00e9gla<br \/>\nAnyaga: M\u0171anyag<br \/>\nM\u0171anyag t\u00edpus: ABS<br \/>\nT\u00e9gla T\u00e9gla: 100+<br \/>\nEredeti doboza nincs<br \/>\nA darabok v\u00e1ltozhatnak<\/p>","protected":false},"featured_media":47821,"comment_status":"open","ping_status":"closed","template":"","meta":{"_acf_changed":false},"product_cat":[1365,371],"product_tag":[12224,12221,11072,8452,12225,6795],"class_list":["product","first","outofstock","shipping-taxable","purchasable","product-type-simple"],"acf":[],"_links":{"self":[{"href":"https:\/\/mouldking.store\/hu\/wp-json\/wp\/v2\/product\/47831","targetHints":{"allow":["GET"]}}],"collection":[{"href":"https:\/\/mouldking.store\/hu\/wp-json\/wp\/v2\/product"}],"about":[{"href":"https:\/\/mouldking.store\/hu\/wp-json\/wp\/v2\/types\/product"}],"replies":[{"embeddable":true,"href":"https:\/\/mouldking.store\/hu\/wp-json\/wp\/v2\/comments?post=47831"}],"wp:featuredmedia":[{"embeddable":true,"href":"https:\/\/mouldking.store\/hu\/wp-json\/wp\/v2\/media\/47821"}],"wp:attachment":[{"href":"https:\/\/mouldking.store\/hu\/wp-json\/wp\/v2\/media?parent=47831"}],"wp:term":[{"taxonomy":"product_cat","embeddable":true,"href":"https:\/\/mouldking.store\/hu\/wp-json\/wp\/v2\/product_cat?post=47831"},{"taxonomy":"product_tag","embeddable":true,"href":"https:\/\/mouldking.store\/hu\/wp-json\/wp\/v2\/product_tag?post=47831"}],"curies":[{"name":"wp","href":"https:\/\/api.w.org\/{rel}","templated":true}]}}