{"id":47852,"date":"2023-07-07T12:23:52","date_gmt":"2023-07-07T05:23:52","guid":{"rendered":"https:\/\/mouldking.store\/shop\/magic-square-ms-b36-megatron-doomsday-grey-legs-with-100-pieces\/"},"modified":"2025-01-09T10:37:27","modified_gmt":"2025-01-09T03:37:27","slug":"magic-square-ms-b36-megatron-doomsday-grey-legs-with-100-pieces","status":"publish","type":"product","link":"https:\/\/mouldking.store\/hu\/shop\/magic-square-ms-b36-megatron-doomsday-grey-legs-with-100-pieces\/","title":{"rendered":"MAGIC SQUARE MS-B36 Megatron Doomsday Grey Legs with 100 Pieces"},"content":{"rendered":"<div>\u2705MS-TOYS MS-B36 G1 Megatron Doomsday Grey Legs<br \/>&nbsp;<br \/>\ud83d\udeab FONTOS!&nbsp;<br \/>&nbsp;<br \/>Product Name:&nbsp; Megatron Doomsday Grey Legs<br \/>&nbsp;<br \/>Kateg\u00f3ria: Alkot\u00f3&nbsp;<br \/>&nbsp;<br \/>This Kit Contains: MS-TOYS MS-B36<br \/>&nbsp;<br \/>100 db j\u00f3 min\u0151s\u00e9g\u0171 t\u00e9gla&nbsp;<br \/>&nbsp;<br \/>Size: 13cm<br \/>&nbsp;<br \/>K\u00e9zi utas\u00edt\u00e1sok&nbsp;<br \/>&nbsp;<br \/>\ud83d\udcccA f\u0151szerepl\u0151 term\u00e9szete&nbsp;<br \/>&nbsp;<br \/>Introducing our proud collection named \u201cMegatron Doomsday Grey Legs\u201d you should not miss.&nbsp;<br \/>&nbsp;<br \/>Magic Square introduces their new MS-B36 Ragnar Doomsday! This figure is Magic Squares interpretation of the great G1 Megatron mold, also very cartoon-accurate in both modes, and a very good range of poseability.<\/div>","protected":false},"excerpt":{"rendered":"<p>Brand: MAGIC SQUARE<br \/>\nNem: Uniszex<br \/>\nKoroszt\u00e1ly: &gt; 6 \u00e9v<br \/>\nModel Number: MS-B36<br \/>\nBesorol\u00e1s: \u00d6sszeszerel\u00e9s<br \/>\nM\u0171anyag blokk forma: \u00f6nz\u00e1r\u00f3 t\u00e9gla<br \/>\nAnyaga: M\u0171anyag<br \/>\nM\u0171anyag t\u00edpus: ABS<br \/>\nT\u00e9gla T\u00e9gla: 100+<br \/>\nEredeti doboza nincs<\/p>","protected":false},"featured_media":47847,"comment_status":"open","ping_status":"closed","template":"","meta":{"_acf_changed":false},"product_cat":[1365,371],"product_tag":[11072,8452,2869,11543,12231,6059],"class_list":["product","first","outofstock","shipping-taxable","purchasable","product-type-simple"],"acf":[],"_links":{"self":[{"href":"https:\/\/mouldking.store\/hu\/wp-json\/wp\/v2\/product\/47852","targetHints":{"allow":["GET"]}}],"collection":[{"href":"https:\/\/mouldking.store\/hu\/wp-json\/wp\/v2\/product"}],"about":[{"href":"https:\/\/mouldking.store\/hu\/wp-json\/wp\/v2\/types\/product"}],"replies":[{"embeddable":true,"href":"https:\/\/mouldking.store\/hu\/wp-json\/wp\/v2\/comments?post=47852"}],"wp:featuredmedia":[{"embeddable":true,"href":"https:\/\/mouldking.store\/hu\/wp-json\/wp\/v2\/media\/47847"}],"wp:attachment":[{"href":"https:\/\/mouldking.store\/hu\/wp-json\/wp\/v2\/media?parent=47852"}],"wp:term":[{"taxonomy":"product_cat","embeddable":true,"href":"https:\/\/mouldking.store\/hu\/wp-json\/wp\/v2\/product_cat?post=47852"},{"taxonomy":"product_tag","embeddable":true,"href":"https:\/\/mouldking.store\/hu\/wp-json\/wp\/v2\/product_tag?post=47852"}],"curies":[{"name":"wp","href":"https:\/\/api.w.org\/{rel}","templated":true}]}}