{"id":47859,"date":"2023-07-07T12:28:39","date_gmt":"2023-07-07T05:28:39","guid":{"rendered":"https:\/\/mouldking.store\/shop\/52toys-bb-41rh-rhapsody-with-100-pieces\/"},"modified":"2023-07-07T12:28:39","modified_gmt":"2023-07-07T05:28:39","slug":"52toys-bb-41rh-rhapsody-with-100-pieces","status":"publish","type":"product","link":"https:\/\/mouldking.store\/hu\/shop\/52toys-bb-41rh-rhapsody-with-100-pieces\/","title":{"rendered":"52TOYS BB-41RH Rhapsody with 100 Pieces"},"content":{"rendered":"<div>\u2705 52TOYS BB-41RH Rhapsody<br \/>&nbsp;<br \/>\u2705The 52TOYS BeastBox BB-41RH Rhapsody is a specific figure from the BeastBox line produced by 52TOYS. BeastBox is a series of collectible figures featuring animal-themed robots that can transform into cubes.<br \/>&nbsp;<br \/>\ud83d\udeab FONTOS!&nbsp;<br \/>&nbsp;<br \/>Product Name: Rhapsody<br \/>&nbsp;<br \/>Kateg\u00f3ria: Alkot\u00f3&nbsp;<br \/>&nbsp;<br \/>This Kit Contains:&nbsp; 52TOYS BB-41RH<br \/>&nbsp;<br \/>100 db j\u00f3 min\u0151s\u00e9g\u0171 t\u00e9gla&nbsp;<br \/>&nbsp;<br \/>Size: 12 cm<br \/>&nbsp;<br \/>K\u00e9zi utas\u00edt\u00e1sok&nbsp;<br \/>&nbsp;<br \/>\ud83d\udcccA f\u0151szerepl\u0151 term\u00e9szete&nbsp;<br \/>&nbsp;<br \/>Introducing our proud collection named \u201cRhapsody\u201d you should not miss.&nbsp;<br \/>&nbsp;<br \/>The BB-41RH Rhapsody figure is designed to resemble a robotic representation of a musical instrument or musician. The exact design can vary, but it typically features a cube-shaped body that can transform into its musical-themed form. The transformation process involves unfolding and reconfiguring various parts to achieve the desired appearance. The figure is typically articulated, allowing for posing and dynamic displays. It may include additional accessories, such as musical instruments or other character-specific items, depending on the specific release. These accessories enhance the playability and customization options of the figure.<\/div>","protected":false},"excerpt":{"rendered":"<p>M\u00e1rka: 52TOYS<br \/>\nNem: Uniszex<br \/>\nKoroszt\u00e1ly: &gt; 6 \u00e9v<br \/>\nModel Number: BB-41RH<br \/>\nBesorol\u00e1s: \u00d6sszeszerel\u00e9s<br \/>\nM\u0171anyag blokk forma: \u00f6nz\u00e1r\u00f3 t\u00e9gla<br \/>\nAnyaga: M\u0171anyag<br \/>\nM\u0171anyag t\u00edpus: ABS<br \/>\nT\u00e9gla T\u00e9gla: 100+<br \/>\nEredeti doboza nincs<br \/>\nA darabok v\u00e1ltozhatnak<\/p>","protected":false},"featured_media":47853,"comment_status":"open","ping_status":"closed","template":"","meta":{"_acf_changed":false},"product_cat":[1365,371],"product_tag":[11072,8452,12232,12211],"class_list":["product","first","instock","shipping-taxable","purchasable","product-type-simple"],"acf":[],"_links":{"self":[{"href":"https:\/\/mouldking.store\/hu\/wp-json\/wp\/v2\/product\/47859","targetHints":{"allow":["GET"]}}],"collection":[{"href":"https:\/\/mouldking.store\/hu\/wp-json\/wp\/v2\/product"}],"about":[{"href":"https:\/\/mouldking.store\/hu\/wp-json\/wp\/v2\/types\/product"}],"replies":[{"embeddable":true,"href":"https:\/\/mouldking.store\/hu\/wp-json\/wp\/v2\/comments?post=47859"}],"wp:featuredmedia":[{"embeddable":true,"href":"https:\/\/mouldking.store\/hu\/wp-json\/wp\/v2\/media\/47853"}],"wp:attachment":[{"href":"https:\/\/mouldking.store\/hu\/wp-json\/wp\/v2\/media?parent=47859"}],"wp:term":[{"taxonomy":"product_cat","embeddable":true,"href":"https:\/\/mouldking.store\/hu\/wp-json\/wp\/v2\/product_cat?post=47859"},{"taxonomy":"product_tag","embeddable":true,"href":"https:\/\/mouldking.store\/hu\/wp-json\/wp\/v2\/product_tag?post=47859"}],"curies":[{"name":"wp","href":"https:\/\/api.w.org\/{rel}","templated":true}]}}