{"id":48086,"date":"2023-07-11T09:33:29","date_gmt":"2023-07-11T02:33:29","guid":{"rendered":"https:\/\/mouldking.store\/shop\/quanguan-100248-russian-kv-2-heavy-tank-with-472-pieces\/"},"modified":"2023-07-11T09:33:29","modified_gmt":"2023-07-11T02:33:29","slug":"quanguan-100248-russian-kv-2-heavy-tank-with-472-pieces","status":"publish","type":"product","link":"https:\/\/mouldking.store\/hu\/shop\/quanguan-100248-russian-kv-2-heavy-tank-with-472-pieces\/","title":{"rendered":"QUANGUAN 100248 Orosz KV-2 Neh\u00e9z Tank 472 Darabbal"},"content":{"rendered":"<div>\u2705 QuanGuan 100248 Russian KV-2 Heavy Tank<br \/>&nbsp;<br \/>\u2705The Russian KV-2 heavy tank was a World War II-era armored vehicle that was developed and deployed by the Soviet Union. The KV-2 was part of the KV series of tanks, named after Soviet military leader Kliment Voroshilov.<br \/>&nbsp;<br \/>\ud83d\udeab FONTOS!&nbsp;<br \/>&nbsp;<br \/>Product Name: Russian KV-2 Heavy Tank<br \/>&nbsp;<br \/>Kateg\u00f3ria: Katonai<br \/>&nbsp;<br \/>This Kit Contains: QuanGuan 100248<br \/>&nbsp;<br \/>472 db j\u00f3 min\u0151s\u00e9g\u0171 t\u00e9gla&nbsp;<br \/>&nbsp;<br \/>Size: 18.8 x 7.2 x 7.1 cm&nbsp;<br \/>&nbsp;<br \/>K\u00e9zi utas\u00edt\u00e1sok&nbsp;<br \/>&nbsp;<br \/>\ud83d\udcccA f\u0151szerepl\u0151 term\u00e9szete&nbsp;<br \/>&nbsp;<br \/>Introducing our proud collection named \u201cRussian KV-2 Heavy Tank\u201d you should not miss.&nbsp;<br \/>&nbsp;<br \/>The KV-2 had thick armor plating, providing significant protection against enemy fire. Its front armor was particularly robust, ranging from 75mm to 110mm in thickness, which made it difficult for enemy tanks to penetrate. The main armament of the KV-2 was a 152mm howitzer, which was primarily designed for engaging fortified positions and enemy structures. It had a short barrel and low muzzle velocity, which made it less effective against enemy tanks but highly effective against fortifications and infantry.&nbsp; In addition to the main howitzer, the KV-2 also had a 7.62mm machine gun mounted in a secondary turret. This machine gun provided additional firepower against infantry and light targets.<\/div>","protected":false},"excerpt":{"rendered":"<p>M\u00e1rka: QUANGUAN<br \/>\nNem: Uniszex<br \/>\nKoroszt\u00e1ly: &gt; 6 \u00e9v<br \/>\nModel Number: 100248<br \/>\nBesorol\u00e1s: \u00d6sszeszerel\u00e9s<br \/>\nM\u0171anyag blokk forma: \u00f6nz\u00e1r\u00f3 t\u00e9gla<br \/>\nAnyaga: M\u0171anyag<br \/>\nM\u0171anyag t\u00edpus: ABS<br \/>\nT\u00e9gl\u00e1k Blokkok: 472 +<br \/>\nEredeti doboza nincs<\/p>","protected":false},"featured_media":48081,"comment_status":"open","ping_status":"closed","template":"","meta":{"_acf_changed":false},"product_cat":[1350,1357,372,364],"product_tag":[12111,12281,374,12280,485,389],"class_list":["product","first","instock","shipping-taxable","purchasable","product-type-simple"],"acf":[],"_links":{"self":[{"href":"https:\/\/mouldking.store\/hu\/wp-json\/wp\/v2\/product\/48086","targetHints":{"allow":["GET"]}}],"collection":[{"href":"https:\/\/mouldking.store\/hu\/wp-json\/wp\/v2\/product"}],"about":[{"href":"https:\/\/mouldking.store\/hu\/wp-json\/wp\/v2\/types\/product"}],"replies":[{"embeddable":true,"href":"https:\/\/mouldking.store\/hu\/wp-json\/wp\/v2\/comments?post=48086"}],"wp:featuredmedia":[{"embeddable":true,"href":"https:\/\/mouldking.store\/hu\/wp-json\/wp\/v2\/media\/48081"}],"wp:attachment":[{"href":"https:\/\/mouldking.store\/hu\/wp-json\/wp\/v2\/media?parent=48086"}],"wp:term":[{"taxonomy":"product_cat","embeddable":true,"href":"https:\/\/mouldking.store\/hu\/wp-json\/wp\/v2\/product_cat?post=48086"},{"taxonomy":"product_tag","embeddable":true,"href":"https:\/\/mouldking.store\/hu\/wp-json\/wp\/v2\/product_tag?post=48086"}],"curies":[{"name":"wp","href":"https:\/\/api.w.org\/{rel}","templated":true}]}}