{"id":48109,"date":"2023-07-11T10:18:24","date_gmt":"2023-07-11T03:18:24","guid":{"rendered":"https:\/\/mouldking.store\/shop\/qman-enlighten-keeppley-23013-combat-zones-with-1736-pieces\/"},"modified":"2023-07-11T10:18:24","modified_gmt":"2023-07-11T03:18:24","slug":"qman-enlighten-keeppley-23013-combat-zones-with-1736-pieces","status":"publish","type":"product","link":"https:\/\/mouldking.store\/hu\/shop\/qman-enlighten-keeppley-23013-combat-zones-with-1736-pieces\/","title":{"rendered":"QMAN \/ ENLIGHTEN \/ KEEPPLEY 23013 Combat Zones with 1736 Pieces"},"content":{"rendered":"<div>\u2705 QMAN 23013 Combat Zones<br \/>&nbsp;<br \/>\u2705 Combat Zones or Y-20 large transport aircraft is a massive aircraft, comparable in size to the Boeing C-17 Globemaster III and the Russian Ilyushin Il-76. It has a length of approximately 47 meters (154 feet), a wingspan of around 50 meters (164 feet), and a maximum takeoff weight of about 200 tons. It can carry up to 66 tons of cargo or around 200 fully equipped troops.<br \/>&nbsp;<br \/>\ud83d\udeab FONTOS!&nbsp;<br \/>&nbsp;<br \/>Product Name: Combat Zones<br \/>&nbsp;<br \/>Kateg\u00f3ria: Katonai<\/p>\n<p>This kit contains:&nbsp; QMAN 23013<br \/>&nbsp;<br \/>1736 pcs Good Quality Bricks&nbsp;<br \/>&nbsp;<br \/>K\u00e9zi utas\u00edt\u00e1sok&nbsp;<br \/>&nbsp;<br \/>\ud83d\udcccA f\u0151szerepl\u0151 term\u00e9szete&nbsp;<br \/>&nbsp;<br \/>Introducing our proud collection named \u201cCombat Zones\u201d you should not miss.&nbsp;<br \/>&nbsp;<br \/>The Y-20 is powered by four turbofan engines, providing it with substantial thrust and allowing it to operate in a variety of conditions. It has a range of approximately 4,500 kilometers (2,800 miles) and can fly at a maximum speed of about 900 kilometers per hour (560 miles per hour). These capabilities enable it to transport heavy cargo or personnel over long distances. The Y-20 enhances China&#8217;s strategic airlift capabilities by providing the Chinese military with the ability to transport large amounts of equipment, supplies, and personnel to distant locations. This is particularly important for logistical support, humanitarian aid, and potential military operations.<\/div>","protected":false},"excerpt":{"rendered":"<p>M\u00e1rka: QMAN \/ ENLIGHTEN \/ KEEPPLEY<br \/>\nNem: Uniszex<br \/>\nKoroszt\u00e1ly: 8 \u00e9v felett<br \/>\nModel Number: 23013<br \/>\nBesorol\u00e1s: \u00d6sszeszerel\u00e9s<br \/>\nM\u0171anyag blokk forma: \u00f6nz\u00e1r\u00f3 t\u00e9gla<br \/>\nAnyaga: M\u0171anyag<br \/>\nM\u0171anyag t\u00edpus: ABS<br \/>\nBricks Blocks: 1736 +<br \/>\nEredeti doboza nincs<\/p>","protected":false},"featured_media":48106,"comment_status":"open","ping_status":"closed","template":"","meta":{"_acf_changed":false},"product_cat":[1350,1357,372,364],"product_tag":[5271,11753,12284,374,389,11222],"class_list":["product","first","instock","shipping-taxable","purchasable","product-type-simple"],"acf":[],"_links":{"self":[{"href":"https:\/\/mouldking.store\/hu\/wp-json\/wp\/v2\/product\/48109","targetHints":{"allow":["GET"]}}],"collection":[{"href":"https:\/\/mouldking.store\/hu\/wp-json\/wp\/v2\/product"}],"about":[{"href":"https:\/\/mouldking.store\/hu\/wp-json\/wp\/v2\/types\/product"}],"replies":[{"embeddable":true,"href":"https:\/\/mouldking.store\/hu\/wp-json\/wp\/v2\/comments?post=48109"}],"wp:featuredmedia":[{"embeddable":true,"href":"https:\/\/mouldking.store\/hu\/wp-json\/wp\/v2\/media\/48106"}],"wp:attachment":[{"href":"https:\/\/mouldking.store\/hu\/wp-json\/wp\/v2\/media?parent=48109"}],"wp:term":[{"taxonomy":"product_cat","embeddable":true,"href":"https:\/\/mouldking.store\/hu\/wp-json\/wp\/v2\/product_cat?post=48109"},{"taxonomy":"product_tag","embeddable":true,"href":"https:\/\/mouldking.store\/hu\/wp-json\/wp\/v2\/product_tag?post=48109"}],"curies":[{"name":"wp","href":"https:\/\/api.w.org\/{rel}","templated":true}]}}