{"id":48121,"date":"2023-07-11T10:36:30","date_gmt":"2023-07-11T03:36:30","guid":{"rendered":"https:\/\/mouldking.store\/shop\/mould-king-16041-magic-joker-shop-with-3363-pieces-2\/"},"modified":"2024-04-25T23:06:22","modified_gmt":"2024-04-25T16:06:22","slug":"mould-king-16041-magic-joker-shop-with-3363-pieces-2","status":"publish","type":"product","link":"https:\/\/mouldking.store\/hu\/shop\/mould-king-16041-magic-joker-shop-with-3363-pieces-2\/","title":{"rendered":"MOULD KING 16041 Magic Joker Shop with 3363 Pieces"},"content":{"rendered":"<div>\u2705 Mould King 16041 Magic Joker Shop<br \/>&nbsp;<br \/>\u2705The Mould King 16041 set is inspired by the Magic Joker Shop from movies and games. It is likely a fictional or imaginative representation rather than a specific reference to an established movie or game.<br \/>&nbsp;<br \/>\ud83d\udeab FONTOS!&nbsp;<\/p>\n<p>Product Name: Magic Joker Shop<br \/>&nbsp;<br \/>Kateg\u00f3ria: Modul\u00e1ris \u00e9p\u00fclet<br \/>&nbsp;<br \/>This Kit Contains: Mould King 16041<br \/>&nbsp;<br \/>3363 pcs Good Quality Bricks&nbsp;<br \/>&nbsp;<br \/>Size: 32.4 \u00d7 33.2 \u00d7 38 cm<br \/>&nbsp;<br \/>K\u00e9zi utas\u00edt\u00e1sok&nbsp;<br \/>&nbsp;<br \/>\ud83d\udcccA f\u0151szerepl\u0151 term\u00e9szete&nbsp;<br \/>&nbsp;<br \/>Introducing our proud collection named \u201cMagic Joker Shop\u201d you should not miss.&nbsp;<br \/>&nbsp;<br \/>The set consists of 3,363 building blocks or bricks. These bricks come in various shapes, sizes, and colors that allow for the construction of the Magic Joker Shop model. The Mould King 16041 set is a model kit that provides instructions on how to assemble the Magic Joker Shop. The instructions guide users through the building process, step by step.&nbsp; Constructing the model from the building blocks offers an engaging and creative experience. It allows enthusiasts to exercise their imagination, problem-solving skills, and attention to detail.<\/div>","protected":false},"excerpt":{"rendered":"<p>M\u00e1rka: MOLD KING<br \/>\nNem: Uniszex<br \/>\nKorhat\u00e1r: 14 \u00e9v felett<br \/>\nModel Number: 16041<br \/>\nBesorol\u00e1s: \u00d6sszeszerel\u00e9s<br \/>\nM\u0171anyag blokk forma: \u00f6nz\u00e1r\u00f3 t\u00e9gla<br \/>\nAnyaga: M\u0171anyag<br \/>\nM\u0171anyag t\u00edpus: ABS<br \/>\nBricks Blocks: 3363 +<br \/>\nEredeti doboza nincs<\/p>","protected":false},"featured_media":48116,"comment_status":"open","ping_status":"closed","template":"","meta":{"_acf_changed":false},"product_cat":[1395,390,581,1408],"product_tag":[727,1757,8858,392,434,1711],"class_list":["product","first","instock","shipping-taxable","purchasable","product-type-simple"],"acf":[],"_links":{"self":[{"href":"https:\/\/mouldking.store\/hu\/wp-json\/wp\/v2\/product\/48121","targetHints":{"allow":["GET"]}}],"collection":[{"href":"https:\/\/mouldking.store\/hu\/wp-json\/wp\/v2\/product"}],"about":[{"href":"https:\/\/mouldking.store\/hu\/wp-json\/wp\/v2\/types\/product"}],"replies":[{"embeddable":true,"href":"https:\/\/mouldking.store\/hu\/wp-json\/wp\/v2\/comments?post=48121"}],"wp:featuredmedia":[{"embeddable":true,"href":"https:\/\/mouldking.store\/hu\/wp-json\/wp\/v2\/media\/48116"}],"wp:attachment":[{"href":"https:\/\/mouldking.store\/hu\/wp-json\/wp\/v2\/media?parent=48121"}],"wp:term":[{"taxonomy":"product_cat","embeddable":true,"href":"https:\/\/mouldking.store\/hu\/wp-json\/wp\/v2\/product_cat?post=48121"},{"taxonomy":"product_tag","embeddable":true,"href":"https:\/\/mouldking.store\/hu\/wp-json\/wp\/v2\/product_tag?post=48121"}],"curies":[{"name":"wp","href":"https:\/\/api.w.org\/{rel}","templated":true}]}}