{"id":48127,"date":"2023-07-11T10:43:22","date_gmt":"2023-07-11T03:43:22","guid":{"rendered":"https:\/\/mouldking.store\/shop\/dk-6001-the-black-pearl-with-3423-pieces\/"},"modified":"2023-07-11T10:43:22","modified_gmt":"2023-07-11T03:43:22","slug":"dk-6001-the-black-pearl-with-3423-pieces","status":"publish","type":"product","link":"https:\/\/mouldking.store\/hu\/shop\/dk-6001-the-black-pearl-with-3423-pieces\/","title":{"rendered":"DK 6001 The Black Pearl with 3423 Pieces"},"content":{"rendered":"<div>\u2705 DK 6001 The Black Pearl<br \/>&nbsp;<br \/>\u2705The Black Pearl is a fictional ship from the Pirates of the Caribbean film series produced by Disney. It serves as the iconic pirate ship captained by the notorious pirate, Captain Jack Sparrow, portrayed by actor Johnny Depp.<br \/>&nbsp;<br \/>\ud83d\udeab FONTOS!&nbsp;<br \/>&nbsp;<br \/>Product Name: The Black Pearl<br \/>&nbsp;<br \/>Kateg\u00f3ria: Alkot\u00f3&nbsp;<br \/>&nbsp;<br \/>This Kit Contains: DK 6001&nbsp;<br \/>&nbsp;<br \/>3423 pcs Good Quality Bricks&nbsp;<br \/>&nbsp;<br \/>Size: 80 \u00d7 61 cm<br \/>&nbsp;<br \/>K\u00e9zi utas\u00edt\u00e1sok&nbsp;<br \/>&nbsp;<br \/>\ud83d\udcccA f\u0151szerepl\u0151 term\u00e9szete&nbsp;<br \/>&nbsp;<br \/>Introducing our proud collection named \u201cThe Black Pearl\u201d you should not miss.&nbsp;<br \/>&nbsp;<br \/>The Black Pearl is a large, three-masted ship with a distinctive black hull, hence its name. It features tattered sails, an ornately carved figurehead in the shape of a woman, and menacing black flags adorned with a skull and crossed bones. The ship&#8217;s appearance reflects its reputation as a formidable and fearsome vessel.&nbsp; In the Pirates of the Caribbean storyline, the Black Pearl has a rich history and is known as one of the fastest and most dangerous pirate ships in the Caribbean. It has a reputation for being crewed by cursed pirates who roam the seas in search of treasure and adventure.<\/div>","protected":false},"excerpt":{"rendered":"<p>M\u00e1rka: DK<br \/>\nNem: Uniszex<br \/>\nKoroszt\u00e1ly: &gt; 6 \u00e9v<br \/>\nModel Number: 6001<br \/>\nBesorol\u00e1s: \u00d6sszeszerel\u00e9s<br \/>\nM\u0171anyag blokk forma: \u00f6nz\u00e1r\u00f3 t\u00e9gla<br \/>\nAnyaga: M\u0171anyag<br \/>\nM\u0171anyag t\u00edpus: ABS<br \/>\nBricks Blocks: 3423 +<br \/>\nEredeti doboza nincs<\/p>","protected":false},"featured_media":48122,"comment_status":"open","ping_status":"closed","template":"","meta":{"_acf_changed":false},"product_cat":[1365,371],"product_tag":[8711,6240,11072,8452,8704],"class_list":["product","first","instock","shipping-taxable","purchasable","product-type-simple"],"acf":[],"_links":{"self":[{"href":"https:\/\/mouldking.store\/hu\/wp-json\/wp\/v2\/product\/48127","targetHints":{"allow":["GET"]}}],"collection":[{"href":"https:\/\/mouldking.store\/hu\/wp-json\/wp\/v2\/product"}],"about":[{"href":"https:\/\/mouldking.store\/hu\/wp-json\/wp\/v2\/types\/product"}],"replies":[{"embeddable":true,"href":"https:\/\/mouldking.store\/hu\/wp-json\/wp\/v2\/comments?post=48127"}],"wp:featuredmedia":[{"embeddable":true,"href":"https:\/\/mouldking.store\/hu\/wp-json\/wp\/v2\/media\/48122"}],"wp:attachment":[{"href":"https:\/\/mouldking.store\/hu\/wp-json\/wp\/v2\/media?parent=48127"}],"wp:term":[{"taxonomy":"product_cat","embeddable":true,"href":"https:\/\/mouldking.store\/hu\/wp-json\/wp\/v2\/product_cat?post=48127"},{"taxonomy":"product_tag","embeddable":true,"href":"https:\/\/mouldking.store\/hu\/wp-json\/wp\/v2\/product_tag?post=48127"}],"curies":[{"name":"wp","href":"https:\/\/api.w.org\/{rel}","templated":true}]}}