{"id":48141,"date":"2023-07-11T10:58:13","date_gmt":"2023-07-11T03:58:13","guid":{"rendered":"https:\/\/mouldking.store\/shop\/zhegao-ql0964-cathedrale-notre-dame-de-paris-with-2541-pieces\/"},"modified":"2023-07-11T10:58:13","modified_gmt":"2023-07-11T03:58:13","slug":"zhegao-ql0964-cathedrale-notre-dame-de-paris-with-2541-pieces","status":"publish","type":"product","link":"https:\/\/mouldking.store\/hu\/shop\/zhegao-ql0964-cathedrale-notre-dame-de-paris-with-2541-pieces\/","title":{"rendered":"ZHEGAO QL0964 Cath\u00e9drale Notre Dame de Paris with 2541 Pieces"},"content":{"rendered":"<div>\u2705 ZHEGAO QL0964 Cath\u00e9drale Notre Dame de Paris<br \/>&nbsp;<br \/>\u2705The Cath\u00e9drale Notre-Dame de Paris, often referred to simply as Notre-Dame Cathedral, is one of the most famous Gothic cathedrals in the world. Located in the heart of Paris, France, it is an architectural masterpiece and an iconic symbol of the city.&nbsp;<br \/>&nbsp;<br \/>\ud83d\udeab FONTOS!&nbsp;<br \/>&nbsp;<br \/>Product Name: Cath\u00e9drale Notre Dame de Paris<br \/>&nbsp;<br \/>Kateg\u00f3ria: Modul\u00e1ris \u00e9p\u00fclet<br \/>&nbsp;<br \/>This Kit Contains:&nbsp; ZHEGAO QL0964<br \/>&nbsp;<br \/>2541 pcs Good Quality Bricks&nbsp;<br \/>&nbsp;<br \/>Size: 40 \u00d7 21 x 31.5 cm&nbsp;<br \/>&nbsp;<br \/>K\u00e9zi utas\u00edt\u00e1sok&nbsp;<br \/>&nbsp;<br \/>\ud83d\udcccA f\u0151szerepl\u0151 term\u00e9szete&nbsp;<br \/>&nbsp;<br \/>Introducing our proud collection named \u201cCath\u00e9drale Notre Dame de Paris\u201d you should not miss.&nbsp;<br \/>&nbsp;<br \/>Notre-Dame Cathedral is renowned for its Gothic architecture, characterized by pointed arches, ribbed vaults, and intricate stone tracery. The construction of the cathedral began in 1163 and was completed in the mid-14th century. Its exterior features flying buttresses, ornate sculptures, and iconic gargoyles that adorn the building. The cathedral spans an area of around 5,500 square meters (59,200 square feet) and reaches a height of 69 meters (226 feet) at its tallest point. It has a nave with a length of 130 meters (427 feet) and can accommodate thousands of worshipers. Notre-Dame is renowned for its three impressive stained glass rose windows. The largest, located on the west fa\u00e7ade, is known as the South Rose Window and dates back to the 13th century. The North Rose Window and West Rose Window are equally stunning and feature intricate designs.<\/div>","protected":false},"excerpt":{"rendered":"<p>M\u00e1rka: ZHEGAO<br \/>\nNem: Uniszex<br \/>\nKoroszt\u00e1ly: &gt; 6 \u00e9v<br \/>\nModel Number: QL0964<br \/>\nBesorol\u00e1s: \u00d6sszeszerel\u00e9s<br \/>\nM\u0171anyag blokk forma: \u00f6nz\u00e1r\u00f3 t\u00e9gla<br \/>\nAnyaga: M\u0171anyag<br \/>\nM\u0171anyag t\u00edpus: ABS<br \/>\nBricks Blocks: 2541 +<br \/>\nEredeti doboza nincs<\/p>","protected":false},"featured_media":48135,"comment_status":"open","ping_status":"closed","template":"","meta":{"_acf_changed":false},"product_cat":[1395,390],"product_tag":[727,12286,12289,11318,392,12287,12288,10833],"class_list":["product","first","instock","shipping-taxable","purchasable","product-type-simple"],"acf":[],"_links":{"self":[{"href":"https:\/\/mouldking.store\/hu\/wp-json\/wp\/v2\/product\/48141","targetHints":{"allow":["GET"]}}],"collection":[{"href":"https:\/\/mouldking.store\/hu\/wp-json\/wp\/v2\/product"}],"about":[{"href":"https:\/\/mouldking.store\/hu\/wp-json\/wp\/v2\/types\/product"}],"replies":[{"embeddable":true,"href":"https:\/\/mouldking.store\/hu\/wp-json\/wp\/v2\/comments?post=48141"}],"wp:featuredmedia":[{"embeddable":true,"href":"https:\/\/mouldking.store\/hu\/wp-json\/wp\/v2\/media\/48135"}],"wp:attachment":[{"href":"https:\/\/mouldking.store\/hu\/wp-json\/wp\/v2\/media?parent=48141"}],"wp:term":[{"taxonomy":"product_cat","embeddable":true,"href":"https:\/\/mouldking.store\/hu\/wp-json\/wp\/v2\/product_cat?post=48141"},{"taxonomy":"product_tag","embeddable":true,"href":"https:\/\/mouldking.store\/hu\/wp-json\/wp\/v2\/product_tag?post=48141"}],"curies":[{"name":"wp","href":"https:\/\/api.w.org\/{rel}","templated":true}]}}