{"id":48147,"date":"2023-07-11T11:04:12","date_gmt":"2023-07-11T04:04:12","guid":{"rendered":"https:\/\/mouldking.store\/shop\/sluban-m38b-1118-the-great-shark-with-592-pieces\/"},"modified":"2023-07-11T11:04:12","modified_gmt":"2023-07-11T04:04:12","slug":"sluban-m38b-1118-the-great-shark-with-592-pieces","status":"publish","type":"product","link":"https:\/\/mouldking.store\/hu\/shop\/sluban-m38b-1118-the-great-shark-with-592-pieces\/","title":{"rendered":"Sluban M38B-1118 The Great Shark with 592 Pieces"},"content":{"rendered":"<div>\u2705 Sluban M38B-1118 The Great Shark&nbsp;<br \/>&nbsp;<br \/>\u2705&#8221;The Great Shark&#8221; set is a model ship designed to resemble a ship . It is part of Sluban&#8217;s City Series, which focuses on urban-themed building block sets.<br \/>&nbsp;<br \/>\ud83d\udeab FONTOS!&nbsp;<br \/>&nbsp;<br \/>Product Name: The Great Shark&nbsp;<br \/>&nbsp;<br \/>Kateg\u00f3ria: Alkot\u00f3&nbsp;<\/p>\n<p>This kit contains: Sluban M38B-1118<br \/>&nbsp;<br \/>592 pcs Good Quality Bricks&nbsp;<br \/>&nbsp;<br \/>K\u00e9zi utas\u00edt\u00e1sok&nbsp;<br \/>&nbsp;<br \/>\ud83d\udcccA f\u0151szerepl\u0151 term\u00e9szete&nbsp;<br \/>&nbsp;<br \/>Introducing our proud collection named \u201cThe Great Shark \u201d you should not miss.&nbsp;<br \/>&nbsp;<br \/>The set includes 592 building blocks or bricks in various shapes, sizes, and colors. These bricks can be assembled to construct the model ship.Constructing the ship from the building blocks offers an engaging and creative experience. It allows enthusiasts to exercise their imagination, problem-solving skills, and attention to detail.<\/div>","protected":false},"excerpt":{"rendered":"<p>M\u00e1rka: Sluban<br \/>\nNem: Uniszex<br \/>\nKoroszt\u00e1ly: &gt; 6 \u00e9v<br \/>\nModel Number: M38B-1118<br \/>\nBesorol\u00e1s: \u00d6sszeszerel\u00e9s<br \/>\nM\u0171anyag blokk forma: \u00f6nz\u00e1r\u00f3 t\u00e9gla<br \/>\nAnyaga: M\u0171anyag<br \/>\nM\u0171anyag t\u00edpus: ABS<br \/>\nBricks Blocks: 592 +<br \/>\nEredeti doboza nincs<\/p>","protected":false},"featured_media":48142,"comment_status":"open","ping_status":"closed","template":"","meta":{"_acf_changed":false},"product_cat":[1365,371],"product_tag":[11072,8452,5969,304,12290],"class_list":["product","first","instock","shipping-taxable","purchasable","product-type-simple"],"acf":[],"_links":{"self":[{"href":"https:\/\/mouldking.store\/hu\/wp-json\/wp\/v2\/product\/48147","targetHints":{"allow":["GET"]}}],"collection":[{"href":"https:\/\/mouldking.store\/hu\/wp-json\/wp\/v2\/product"}],"about":[{"href":"https:\/\/mouldking.store\/hu\/wp-json\/wp\/v2\/types\/product"}],"replies":[{"embeddable":true,"href":"https:\/\/mouldking.store\/hu\/wp-json\/wp\/v2\/comments?post=48147"}],"wp:featuredmedia":[{"embeddable":true,"href":"https:\/\/mouldking.store\/hu\/wp-json\/wp\/v2\/media\/48142"}],"wp:attachment":[{"href":"https:\/\/mouldking.store\/hu\/wp-json\/wp\/v2\/media?parent=48147"}],"wp:term":[{"taxonomy":"product_cat","embeddable":true,"href":"https:\/\/mouldking.store\/hu\/wp-json\/wp\/v2\/product_cat?post=48147"},{"taxonomy":"product_tag","embeddable":true,"href":"https:\/\/mouldking.store\/hu\/wp-json\/wp\/v2\/product_tag?post=48147"}],"curies":[{"name":"wp","href":"https:\/\/api.w.org\/{rel}","templated":true}]}}