{"id":48155,"date":"2023-07-11T11:13:52","date_gmt":"2023-07-11T04:13:52","guid":{"rendered":"https:\/\/mouldking.store\/shop\/mould-king-13067-icarus-supercar-with-rc-with-1932-pieces\/"},"modified":"2023-07-11T11:13:52","modified_gmt":"2023-07-11T04:13:52","slug":"mould-king-13067-icarus-supercar-with-rc-with-1932-pieces","status":"publish","type":"product","link":"https:\/\/mouldking.store\/hu\/shop\/mould-king-13067-icarus-supercar-with-rc-with-1932-pieces\/","title":{"rendered":"MOULD KING 13067 ICARUS Supercar With RC with 1932 Pieces"},"content":{"rendered":"<div>\u2705 Mould King 13067 MOC-4562 ICARUS Supercar With RC<br \/>&nbsp;<br \/>\u2705The Mould King 13067 set allows builders to construct a model supercar called &#8220;ICARUS&#8221; using building blocks. The design of the car is likely based on a fictional or imaginative concept rather than a specific real-world supercar.<br \/>&nbsp;<br \/>\ud83d\udeab FONTOS!&nbsp;<br \/>&nbsp;<br \/>Product Name: ICARUS Supercar With RC<br \/>&nbsp;<br \/>Kateg\u00f3ria: M\u0171szaki<br \/>&nbsp;<br \/>This Kit Contains: Mould King 13067 MOC-4562<br \/>&nbsp;<br \/>1932 pcs Good Quality Bricks&nbsp;<br \/>&nbsp;<br \/>Size: 42.5 x 20.5 x 11.5 cm&nbsp;<br \/>&nbsp;<br \/>K\u00e9zi utas\u00edt\u00e1sok&nbsp;<br \/>&nbsp;<br \/>\ud83d\udcccA f\u0151szerepl\u0151 term\u00e9szete&nbsp;<br \/>&nbsp;<br \/>Introducing our proud collection named \u201cICARUS Supercar With RC\u201d you should not miss.&nbsp;<br \/>&nbsp;<br \/>The set includes 1,932 building blocks or bricks in various shapes, sizes, and colors. These bricks can be assembled to create the ICARUS Supercar model. Constructing the ICARUS Supercar from the building blocks provides an engaging and creative experience. It allows enthusiasts to exercise their imagination, problem-solving skills, and attention to detail, while also exploring the mechanics of the Technic building system.<\/div>","protected":false},"excerpt":{"rendered":"<p>M\u00e1rka: MOLD KING<br \/>\nNem: Uniszex<br \/>\nKoroszt\u00e1ly: 8 \u00e9v felett<br \/>\nModellsz\u00e1m: 13067<br \/>\nBesorol\u00e1s: \u00d6sszeszerel\u00e9s<br \/>\nM\u0171anyag blokk forma: \u00f6nz\u00e1r\u00f3 t\u00e9gla<br \/>\nAnyaga: M\u0171anyag<br \/>\nM\u0171anyag t\u00edpus: ABS<br \/>\nBricks Blocks: 1932 +<br \/>\nEredeti doboza nincs<\/p>","protected":false},"featured_media":48148,"comment_status":"open","ping_status":"closed","template":"","meta":{"_acf_changed":false},"product_cat":[1357,364],"product_tag":[6874,588,389,11080],"class_list":["product","first","instock","shipping-taxable","purchasable","product-type-simple"],"acf":[],"_links":{"self":[{"href":"https:\/\/mouldking.store\/hu\/wp-json\/wp\/v2\/product\/48155","targetHints":{"allow":["GET"]}}],"collection":[{"href":"https:\/\/mouldking.store\/hu\/wp-json\/wp\/v2\/product"}],"about":[{"href":"https:\/\/mouldking.store\/hu\/wp-json\/wp\/v2\/types\/product"}],"replies":[{"embeddable":true,"href":"https:\/\/mouldking.store\/hu\/wp-json\/wp\/v2\/comments?post=48155"}],"wp:featuredmedia":[{"embeddable":true,"href":"https:\/\/mouldking.store\/hu\/wp-json\/wp\/v2\/media\/48148"}],"wp:attachment":[{"href":"https:\/\/mouldking.store\/hu\/wp-json\/wp\/v2\/media?parent=48155"}],"wp:term":[{"taxonomy":"product_cat","embeddable":true,"href":"https:\/\/mouldking.store\/hu\/wp-json\/wp\/v2\/product_cat?post=48155"},{"taxonomy":"product_tag","embeddable":true,"href":"https:\/\/mouldking.store\/hu\/wp-json\/wp\/v2\/product_tag?post=48155"}],"curies":[{"name":"wp","href":"https:\/\/api.w.org\/{rel}","templated":true}]}}