{"id":48160,"date":"2023-07-11T11:21:26","date_gmt":"2023-07-11T04:21:26","guid":{"rendered":"https:\/\/mouldking.store\/shop\/xingbao-18020-christmas-castle-music-box-with-1294-pieces\/"},"modified":"2023-07-11T11:21:26","modified_gmt":"2023-07-11T04:21:26","slug":"xingbao-18020-christmas-castle-music-box-with-1294-pieces","status":"publish","type":"product","link":"https:\/\/mouldking.store\/hu\/shop\/xingbao-18020-christmas-castle-music-box-with-1294-pieces\/","title":{"rendered":"XINGBAO 18020 Christmas Castle Music Box with 1294 Pieces"},"content":{"rendered":"<div>\u2705 XINGBAO 18020 Christmas Castle Music Box<br \/>&nbsp;<br \/>\u2705A Christmas Castle Music Box refers to a decorative music box that is designed in the shape of a castle and is associated with the Christmas holiday. These music boxes often feature intricate detailing, festive colors, and holiday-themed elements.<br \/>&nbsp;<br \/>\ud83d\udeab FONTOS!&nbsp;<br \/>&nbsp;<br \/>Product Name: Christmas Castle Music Box<br \/>&nbsp;<br \/>Kateg\u00f3ria: Alkot\u00f3&nbsp;<br \/>&nbsp;<br \/>This Kit Contains: XINGBAO 18020<br \/>&nbsp;<br \/>1294 pcs Good Quality Bricks&nbsp;<br \/>&nbsp;<br \/>Size: 19.5 \u00d7 21 \u00d7 24 cm<br \/>&nbsp;<br \/>K\u00e9zi utas\u00edt\u00e1sok&nbsp;<br \/>&nbsp;<br \/>\ud83d\udcccA f\u0151szerepl\u0151 term\u00e9szete&nbsp;<br \/>&nbsp;<br \/>Introducing our proud collection named \u201cChristmas Castle Music Box\u201d you should not miss.&nbsp;<br \/>&nbsp;<br \/>The music box is shaped like a castle or a winter palace, often reminiscent of a fairytale setting. It may have towers, turrets, and ornate architectural elements. Christmas Castle Music Boxes are typically adorned with festive decorations such as wreaths, garlands, snowflakes, or Christmas lights. They may also incorporate holiday motifs like Santa Claus, reindeer, snowmen, or Christmas trees. When the music box is wound or activated, it plays a holiday tune or a popular Christmas melody. Some music boxes feature a mechanism that animates or rotates a scene within the castle, such as miniature figurines dancing, sleighs moving, or snow falling.<\/div>","protected":false},"excerpt":{"rendered":"<p>Brand: XINGBAO<br \/>\nNem: Uniszex<br \/>\nKoroszt\u00e1ly: &gt; 6 \u00e9v<br \/>\nModel Number: 18020<br \/>\nBesorol\u00e1s: \u00d6sszeszerel\u00e9s<br \/>\nM\u0171anyag blokk forma: \u00f6nz\u00e1r\u00f3 t\u00e9gla<br \/>\nAnyaga: M\u0171anyag<br \/>\nM\u0171anyag t\u00edpus: ABS<br \/>\nBricks Blocks: 1294 +<br \/>\nEredeti doboza nincs<\/p>","protected":false},"featured_media":48156,"comment_status":"open","ping_status":"closed","template":"","meta":{"_acf_changed":false},"product_cat":[1365,371],"product_tag":[787,1066,11072,8452,1465,1370],"class_list":["product","first","instock","shipping-taxable","purchasable","product-type-simple"],"acf":[],"_links":{"self":[{"href":"https:\/\/mouldking.store\/hu\/wp-json\/wp\/v2\/product\/48160","targetHints":{"allow":["GET"]}}],"collection":[{"href":"https:\/\/mouldking.store\/hu\/wp-json\/wp\/v2\/product"}],"about":[{"href":"https:\/\/mouldking.store\/hu\/wp-json\/wp\/v2\/types\/product"}],"replies":[{"embeddable":true,"href":"https:\/\/mouldking.store\/hu\/wp-json\/wp\/v2\/comments?post=48160"}],"wp:featuredmedia":[{"embeddable":true,"href":"https:\/\/mouldking.store\/hu\/wp-json\/wp\/v2\/media\/48156"}],"wp:attachment":[{"href":"https:\/\/mouldking.store\/hu\/wp-json\/wp\/v2\/media?parent=48160"}],"wp:term":[{"taxonomy":"product_cat","embeddable":true,"href":"https:\/\/mouldking.store\/hu\/wp-json\/wp\/v2\/product_cat?post=48160"},{"taxonomy":"product_tag","embeddable":true,"href":"https:\/\/mouldking.store\/hu\/wp-json\/wp\/v2\/product_tag?post=48160"}],"curies":[{"name":"wp","href":"https:\/\/api.w.org\/{rel}","templated":true}]}}