{"id":48172,"date":"2023-07-11T11:31:57","date_gmt":"2023-07-11T04:31:57","guid":{"rendered":"https:\/\/mouldking.store\/shop\/mould-king-11002-dream-crystal-parade-float-with-901-pieces\/"},"modified":"2023-07-11T11:31:57","modified_gmt":"2023-07-11T04:31:57","slug":"mould-king-11002-dream-crystal-parade-float-with-901-pieces","status":"publish","type":"product","link":"https:\/\/mouldking.store\/hu\/shop\/mould-king-11002-dream-crystal-parade-float-with-901-pieces\/","title":{"rendered":"MOULD KING 11002 Dream Crystal Parade Float with 901 Pieces"},"content":{"rendered":"<div>\u2705 Mould King 11002 Dream Crystal Parade Float<br \/>&nbsp;<br \/>\u2705A Dream Crystal Parade Float refers to a decorative float or carriage used in parades, often featuring a dream-like or fantasy theme and adorned with crystals. These parade floats are designed to create a visually stunning and magical experience for spectators.&nbsp;<br \/>&nbsp;<br \/>\ud83d\udeab FONTOS!&nbsp;<br \/>&nbsp;<br \/>Product Name:&nbsp; Dream Crystal Parade Float<br \/>&nbsp;<br \/>Kateg\u00f3ria: Alkot\u00f3&nbsp;<br \/>&nbsp;<br \/>This Kit Contains:&nbsp; Mould King 11002<br \/>&nbsp;<br \/>901 pcs Good Quality Bricks<br \/>&nbsp;<br \/>K\u00e9zi utas\u00edt\u00e1sok&nbsp;<br \/>&nbsp;<br \/>\ud83d\udcccA f\u0151szerepl\u0151 term\u00e9szete&nbsp;<br \/>&nbsp;<br \/>Introducing our proud collection named \u201cDream Crystal Parade Float\u201d you should not miss.&nbsp;<br \/>&nbsp;<br \/>&nbsp;Dream Crystal Parade Floats often incorporate fantastical or whimsical themes, inspired by fairy tales, dreams, mythical creatures, or fantasy worlds. They are designed to evoke a sense of wonder and enchantment. These parade floats feature an abundance of crystals as decorative elements. Crystals, such as rhinestones or faux gems, are meticulously placed throughout the float to catch and reflect light, creating a sparkling and dazzling effect.<\/div>","protected":false},"excerpt":{"rendered":"<p>M\u00e1rka: MOLD KING<br \/>\nNem: Uniszex<br \/>\nKoroszt\u00e1ly: 8 \u00e9v felett<br \/>\nModellsz\u00e1m: 11002<br \/>\nBesorol\u00e1s: \u00d6sszeszerel\u00e9s<br \/>\nM\u0171anyag blokk forma: \u00f6nz\u00e1r\u00f3 t\u00e9gla<br \/>\nAnyaga: M\u0171anyag<br \/>\nM\u0171anyag t\u00edpus: ABS<br \/>\nBricks Blocks: 901 +<br \/>\nEredeti doboza nincs<\/p>","protected":false},"featured_media":48167,"comment_status":"open","ping_status":"closed","template":"","meta":{"_acf_changed":false},"product_cat":[1365,371],"product_tag":[11072,8452,729,2722,12294,12293],"class_list":["product","first","instock","shipping-taxable","purchasable","product-type-simple"],"acf":[],"_links":{"self":[{"href":"https:\/\/mouldking.store\/hu\/wp-json\/wp\/v2\/product\/48172","targetHints":{"allow":["GET"]}}],"collection":[{"href":"https:\/\/mouldking.store\/hu\/wp-json\/wp\/v2\/product"}],"about":[{"href":"https:\/\/mouldking.store\/hu\/wp-json\/wp\/v2\/types\/product"}],"replies":[{"embeddable":true,"href":"https:\/\/mouldking.store\/hu\/wp-json\/wp\/v2\/comments?post=48172"}],"wp:featuredmedia":[{"embeddable":true,"href":"https:\/\/mouldking.store\/hu\/wp-json\/wp\/v2\/media\/48167"}],"wp:attachment":[{"href":"https:\/\/mouldking.store\/hu\/wp-json\/wp\/v2\/media?parent=48172"}],"wp:term":[{"taxonomy":"product_cat","embeddable":true,"href":"https:\/\/mouldking.store\/hu\/wp-json\/wp\/v2\/product_cat?post=48172"},{"taxonomy":"product_tag","embeddable":true,"href":"https:\/\/mouldking.store\/hu\/wp-json\/wp\/v2\/product_tag?post=48172"}],"curies":[{"name":"wp","href":"https:\/\/api.w.org\/{rel}","templated":true}]}}