{"id":48194,"date":"2023-07-12T09:50:50","date_gmt":"2023-07-12T02:50:50","guid":{"rendered":"https:\/\/mouldking.store\/shop\/mould-king-13145-motor-mclaren-720s-with-3176-pieces\/"},"modified":"2023-07-12T09:50:50","modified_gmt":"2023-07-12T02:50:50","slug":"mould-king-13145-motor-mclaren-720s-with-3176-pieces","status":"publish","type":"product","link":"https:\/\/mouldking.store\/hu\/shop\/mould-king-13145-motor-mclaren-720s-with-3176-pieces\/","title":{"rendered":"MOULD KING 13145 Motor McLaren 720S with 3176 Pieces"},"content":{"rendered":"<div>\u2705 Mould King 13145 Motor McLaren 720S<br \/>&nbsp;<br \/>\u2705The McLaren 720S is a high-performance sports car produced by the British automaker McLaren Automotive. It was unveiled at the Geneva Motor Show in 2017 as the successor to the McLaren 650S.<br \/>&nbsp;<br \/>\ud83d\udeab FONTOS!&nbsp;<br \/>&nbsp;<br \/>Product Name: Motor McLaren 720S<br \/>&nbsp;<br \/>Kateg\u00f3ria: M\u0171szaki<br \/>&nbsp;<br \/>This Kit Contains: Mould King 13145<br \/>&nbsp;<br \/>3176 pcs Good Quality Bricks&nbsp;<br \/>&nbsp;<br \/>Size: 47 \u00d7 13.5 cm<br \/>&nbsp;<br \/>K\u00e9zi utas\u00edt\u00e1sok&nbsp;<br \/>&nbsp;<br \/>\ud83d\udcccA f\u0151szerepl\u0151 term\u00e9szete&nbsp;<br \/>&nbsp;<br \/>Introducing our proud collection named \u201cMotor McLaren 720S\u201d you should not miss.&nbsp;<br \/>&nbsp;<br \/>The 720S features a sleek and aerodynamic design with a carbon fiber monocoque chassis, which contributes to its lightweight construction and structural rigidity. It incorporates advanced aerodynamics, including an active rear wing and a unique &#8220;double-skin&#8221; door design that channels air into the engine bay. Under the hood, the 720S is powered by a 4.0-liter twin-turbocharged V8 engine that produces an impressive 710 horsepower and 568 lb-ft of torque. It uses a seven-speed dual-clutch automatic transmission to deliver power to the rear wheels. With this setup, the 720S can accelerate from 0 to 60 mph (0 to 97 km\/h) in just 2.8 seconds and has a top speed of 212 mph (341 km\/h).<\/div>","protected":false},"excerpt":{"rendered":"<p>M\u00e1rka: MOLD KING<br \/>\nNem: Uniszex<br \/>\nKorhat\u00e1r: 14 \u00e9v felett<br \/>\nModel Number: 13145<br \/>\nBesorol\u00e1s: \u00d6sszeszerel\u00e9s<br \/>\nM\u0171anyag blokk forma: \u00f6nz\u00e1r\u00f3 t\u00e9gla<br \/>\nAnyaga: M\u0171anyag<br \/>\nM\u0171anyag t\u00edpus: ABS<br \/>\nBricks Blocks: 3176 +<br \/>\nEredeti doboza nincs<\/p>","protected":false},"featured_media":48189,"comment_status":"open","ping_status":"closed","template":"","meta":{"_acf_changed":false},"product_cat":[1360,1357,364],"product_tag":[1740,457,1744,389,11080],"class_list":["product","first","instock","shipping-taxable","purchasable","product-type-simple"],"acf":[],"_links":{"self":[{"href":"https:\/\/mouldking.store\/hu\/wp-json\/wp\/v2\/product\/48194","targetHints":{"allow":["GET"]}}],"collection":[{"href":"https:\/\/mouldking.store\/hu\/wp-json\/wp\/v2\/product"}],"about":[{"href":"https:\/\/mouldking.store\/hu\/wp-json\/wp\/v2\/types\/product"}],"replies":[{"embeddable":true,"href":"https:\/\/mouldking.store\/hu\/wp-json\/wp\/v2\/comments?post=48194"}],"wp:featuredmedia":[{"embeddable":true,"href":"https:\/\/mouldking.store\/hu\/wp-json\/wp\/v2\/media\/48189"}],"wp:attachment":[{"href":"https:\/\/mouldking.store\/hu\/wp-json\/wp\/v2\/media?parent=48194"}],"wp:term":[{"taxonomy":"product_cat","embeddable":true,"href":"https:\/\/mouldking.store\/hu\/wp-json\/wp\/v2\/product_cat?post=48194"},{"taxonomy":"product_tag","embeddable":true,"href":"https:\/\/mouldking.store\/hu\/wp-json\/wp\/v2\/product_tag?post=48194"}],"curies":[{"name":"wp","href":"https:\/\/api.w.org\/{rel}","templated":true}]}}