{"id":48208,"date":"2023-07-12T10:23:46","date_gmt":"2023-07-12T03:23:46","guid":{"rendered":"https:\/\/mouldking.store\/shop\/jiestar-89101-downtown-diner-apocalypse-version-with-2438-pieces\/"},"modified":"2023-07-12T10:23:46","modified_gmt":"2023-07-12T03:23:46","slug":"jiestar-89101-downtown-diner-apocalypse-version-with-2438-pieces","status":"publish","type":"product","link":"https:\/\/mouldking.store\/hu\/shop\/jiestar-89101-downtown-diner-apocalypse-version-with-2438-pieces\/","title":{"rendered":"JIESTAR 89101 Downtown Diner &#8211; Apocalypse Version with 2438 Pieces"},"content":{"rendered":"<div>\u2705 JIESTAR 89101 Downtown Diner &#8211; Apocalypse Version<br \/>&nbsp;<br \/>\u2705The Downtown Diner &#8211; Apocalypse Version is a hypothetical concept that envisions a post-apocalyptic adaptation of the traditional downtown diner. In this scenario, the diner has undergone modifications and adjustments to suit the new world shaped by the apocalypse, offering a unique experience for survivors in need of food, community, and respite.<br \/>&nbsp;<br \/>\ud83d\udeab FONTOS!&nbsp;<br \/>&nbsp;<br \/>Product Name: Downtown Diner &#8211; Apocalypse Version<br \/>&nbsp;<br \/>Kateg\u00f3ria: Modul\u00e1ris \u00e9p\u00fclet&nbsp;<br \/>&nbsp;<br \/>This Kit Contains: JIESTAR 89101&nbsp;<br \/>&nbsp;<br \/>2438 pcs Good Quality Bricks&nbsp;<br \/>&nbsp;<br \/>Size: 25.6 \u00d7 25.6 \u00d7 34.4 cm<br \/>&nbsp;<br \/>K\u00e9zi utas\u00edt\u00e1sok&nbsp;<br \/>&nbsp;<br \/>\ud83d\udcccA f\u0151szerepl\u0151 term\u00e9szete&nbsp;<br \/>&nbsp;<br \/>Introducing our proud collection named \u201cDowntown Diner &#8211; Apocalypse Version\u201d you should not miss.&nbsp;<br \/>&nbsp;<br \/>The Downtown Diner &#8211; Apocalypse Version would aim to create a haven amidst chaos, providing not only sustenance but also a sense of community, safety, and hope for those navigating the challenging post-apocalyptic landscape.<\/div>","protected":false},"excerpt":{"rendered":"<p>M\u00e1rka: JIESTAR<br \/>\nNem: Uniszex<br \/>\nKoroszt\u00e1ly: &gt; 6 \u00e9v<br \/>\nModel Number: 89101<br \/>\nBesorol\u00e1s: \u00d6sszeszerel\u00e9s<br \/>\nM\u0171anyag blokk forma: \u00f6nz\u00e1r\u00f3 t\u00e9gla<br \/>\nAnyaga: M\u0171anyag<br \/>\nM\u0171anyag t\u00edpus: ABS<br \/>\nBricks Blocks: 2438 +<br \/>\nEredeti doboza nincs<\/p>","protected":false},"featured_media":48204,"comment_status":"open","ping_status":"closed","template":"","meta":{"_acf_changed":false},"product_cat":[1395,390],"product_tag":[11714,4883,10653,12301,392],"class_list":["product","first","instock","shipping-taxable","purchasable","product-type-simple"],"acf":[],"_links":{"self":[{"href":"https:\/\/mouldking.store\/hu\/wp-json\/wp\/v2\/product\/48208","targetHints":{"allow":["GET"]}}],"collection":[{"href":"https:\/\/mouldking.store\/hu\/wp-json\/wp\/v2\/product"}],"about":[{"href":"https:\/\/mouldking.store\/hu\/wp-json\/wp\/v2\/types\/product"}],"replies":[{"embeddable":true,"href":"https:\/\/mouldking.store\/hu\/wp-json\/wp\/v2\/comments?post=48208"}],"wp:featuredmedia":[{"embeddable":true,"href":"https:\/\/mouldking.store\/hu\/wp-json\/wp\/v2\/media\/48204"}],"wp:attachment":[{"href":"https:\/\/mouldking.store\/hu\/wp-json\/wp\/v2\/media?parent=48208"}],"wp:term":[{"taxonomy":"product_cat","embeddable":true,"href":"https:\/\/mouldking.store\/hu\/wp-json\/wp\/v2\/product_cat?post=48208"},{"taxonomy":"product_tag","embeddable":true,"href":"https:\/\/mouldking.store\/hu\/wp-json\/wp\/v2\/product_tag?post=48208"}],"curies":[{"name":"wp","href":"https:\/\/api.w.org\/{rel}","templated":true}]}}