{"id":48222,"date":"2023-07-12T10:47:43","date_gmt":"2023-07-12T03:47:43","guid":{"rendered":"https:\/\/mouldking.store\/shop\/tuole-6006-transformers-optimus-prime-with-2068-pieces\/"},"modified":"2023-07-12T10:47:43","modified_gmt":"2023-07-12T03:47:43","slug":"tuole-6006-transformers-optimus-prime-with-2068-pieces","status":"publish","type":"product","link":"https:\/\/mouldking.store\/hu\/shop\/tuole-6006-transformers-optimus-prime-with-2068-pieces\/","title":{"rendered":"TUOLE 6006 Transformers Optimus Prime with 2068 Pieces"},"content":{"rendered":"<div>\u2705 Tuole 6006 Transformers Optimus Prime<br \/>&nbsp;<br \/>\u2705Optimus Prime is a fictional character from the Transformers franchise, known as the leader of the Autobots, a faction of sentient alien robots that can transform into vehicles, weapons, and other forms. Optimus Prime is one of the most iconic and recognizable characters in the Transformers universe.<br \/>&nbsp;<br \/>\ud83d\udeab FONTOS!&nbsp;<br \/>&nbsp;<br \/>Product Name: Transformers Optimus Prime<br \/>&nbsp;<br \/>Kateg\u00f3ria: Film<br \/>&nbsp;<br \/>This Kit Contains: Tuole 6006<br \/>&nbsp;<br \/>2068 pcs Good Quality Bricks&nbsp;<br \/>&nbsp;<br \/>Size: 29.5 \u00d7 26 \u00d7 34.5 cm<br \/>&nbsp;<br \/>K\u00e9zi utas\u00edt\u00e1sok&nbsp;<br \/>&nbsp;<br \/>\ud83d\udcccA f\u0151szerepl\u0151 term\u00e9szete&nbsp;<br \/>&nbsp;<br \/>Introducing our proud collection named \u201cTransformers Optimus Prime\u201d you should not miss.&nbsp;<br \/>&nbsp;<br \/>Optimus Prime embodies the values of heroism, selflessness, and leadership, making him a beloved and enduring figure in the Transformers franchise. His portrayal has inspired fans of all ages and continues to captivate audiences through different iterations and adaptations of the Transformers universe.<\/div>","protected":false},"excerpt":{"rendered":"<p>Brand: TUOLE<br \/>\nNem: Uniszex<br \/>\nKoroszt\u00e1ly: &gt; 6 \u00e9v<br \/>\nModel Number: 6006<br \/>\nBesorol\u00e1s: \u00d6sszeszerel\u00e9s<br \/>\nM\u0171anyag blokk forma: \u00f6nz\u00e1r\u00f3 t\u00e9gla<br \/>\nAnyaga: M\u0171anyag<br \/>\nM\u0171anyag t\u00edpus: ABS<br \/>\nBricks Blocks: 2068 +<br \/>\nEredeti doboza nincs<\/p>","protected":false},"featured_media":48218,"comment_status":"open","ping_status":"closed","template":"","meta":{"_acf_changed":false},"product_cat":[1365,371,581,1408],"product_tag":[11072,8452,434,1767,1571,590,6795],"class_list":["product","first","instock","shipping-taxable","purchasable","product-type-simple"],"acf":[],"_links":{"self":[{"href":"https:\/\/mouldking.store\/hu\/wp-json\/wp\/v2\/product\/48222","targetHints":{"allow":["GET"]}}],"collection":[{"href":"https:\/\/mouldking.store\/hu\/wp-json\/wp\/v2\/product"}],"about":[{"href":"https:\/\/mouldking.store\/hu\/wp-json\/wp\/v2\/types\/product"}],"replies":[{"embeddable":true,"href":"https:\/\/mouldking.store\/hu\/wp-json\/wp\/v2\/comments?post=48222"}],"wp:featuredmedia":[{"embeddable":true,"href":"https:\/\/mouldking.store\/hu\/wp-json\/wp\/v2\/media\/48218"}],"wp:attachment":[{"href":"https:\/\/mouldking.store\/hu\/wp-json\/wp\/v2\/media?parent=48222"}],"wp:term":[{"taxonomy":"product_cat","embeddable":true,"href":"https:\/\/mouldking.store\/hu\/wp-json\/wp\/v2\/product_cat?post=48222"},{"taxonomy":"product_tag","embeddable":true,"href":"https:\/\/mouldking.store\/hu\/wp-json\/wp\/v2\/product_tag?post=48222"}],"curies":[{"name":"wp","href":"https:\/\/api.w.org\/{rel}","templated":true}]}}