{"id":48240,"date":"2023-07-12T11:22:04","date_gmt":"2023-07-12T04:22:04","guid":{"rendered":"https:\/\/mouldking.store\/shop\/mould-king-13088-motor-avtoros-shaman-8x8-with-2576-pieces\/"},"modified":"2023-07-12T11:22:04","modified_gmt":"2023-07-12T04:22:04","slug":"mould-king-13088-motor-avtoros-shaman-8x8-with-2576-pieces","status":"publish","type":"product","link":"https:\/\/mouldking.store\/hu\/shop\/mould-king-13088-motor-avtoros-shaman-8x8-with-2576-pieces\/","title":{"rendered":"MOLD KING 13088 Motor Avtoros Shaman 8\u00d78 2576 darabbal"},"content":{"rendered":"<div>\u2705Mould King 13088 Motor Avtoros Shaman 8&#215;8<br \/>&nbsp;<br \/>\u2705The Avtoros Shaman 8&#215;8 is a unique and powerful off-road vehicle manufactured by Avtoros, a Russian company specializing in the production of extreme terrain vehicles. The Shaman 8&#215;8 is designed to navigate challenging terrains and conquer difficult environments with its exceptional off-road capabilities.<br \/>&nbsp;<br \/>\ud83d\udeab FONTOS!&nbsp;<br \/>&nbsp;<br \/>Product Name: Motor Avtoros Shaman 8&#215;8<br \/>&nbsp;<br \/>Kateg\u00f3ria: M\u0171szaki<\/p>\n<p>This kit contains: Mould King 13088<br \/>&nbsp;<br \/>2576 pcs Good Quality Bricks&nbsp;<br \/>&nbsp;<br \/>K\u00e9zi utas\u00edt\u00e1sok&nbsp;<br \/>&nbsp;<br \/>\ud83d\udcccA f\u0151szerepl\u0151 term\u00e9szete&nbsp;<br \/>&nbsp;<br \/>Introducing our proud collection named \u201cMotor Avtoros Shaman 8&#215;8\u201d you should not miss.&nbsp;<br \/>&nbsp;<br \/>The Avtoros Shaman 8&#215;8 is a formidable and versatile off-road vehicle that combines robust performance, amphibious capabilities, and a spacious interior. Its unique design and advanced features make it well-suited for adventurous individuals, outdoor enthusiasts, and professionals who require a reliable and capable vehicle to navigate extreme terrains and conquer various off-road challenges.<\/div>","protected":false},"excerpt":{"rendered":"<p>M\u00e1rka: MOLD KING<br \/>\nNem: Uniszex<br \/>\nKorhat\u00e1r: 14 \u00e9v felett<br \/>\nModel Number: 13088<br \/>\nBesorol\u00e1s: \u00d6sszeszerel\u00e9s<br \/>\nM\u0171anyag blokk forma: \u00f6nz\u00e1r\u00f3 t\u00e9gla<br \/>\nAnyaga: M\u0171anyag<br \/>\nM\u0171anyag t\u00edpus: ABS<br \/>\nBricks Blocks: 2576 +<br \/>\nEredeti doboza nincs<\/p>","protected":false},"featured_media":48235,"comment_status":"open","ping_status":"closed","template":"","meta":{"_acf_changed":false},"product_cat":[1357,364],"product_tag":[12308,12309,12310,389,11080],"class_list":["product","first","instock","shipping-taxable","purchasable","product-type-simple"],"acf":[],"_links":{"self":[{"href":"https:\/\/mouldking.store\/hu\/wp-json\/wp\/v2\/product\/48240","targetHints":{"allow":["GET"]}}],"collection":[{"href":"https:\/\/mouldking.store\/hu\/wp-json\/wp\/v2\/product"}],"about":[{"href":"https:\/\/mouldking.store\/hu\/wp-json\/wp\/v2\/types\/product"}],"replies":[{"embeddable":true,"href":"https:\/\/mouldking.store\/hu\/wp-json\/wp\/v2\/comments?post=48240"}],"wp:featuredmedia":[{"embeddable":true,"href":"https:\/\/mouldking.store\/hu\/wp-json\/wp\/v2\/media\/48235"}],"wp:attachment":[{"href":"https:\/\/mouldking.store\/hu\/wp-json\/wp\/v2\/media?parent=48240"}],"wp:term":[{"taxonomy":"product_cat","embeddable":true,"href":"https:\/\/mouldking.store\/hu\/wp-json\/wp\/v2\/product_cat?post=48240"},{"taxonomy":"product_tag","embeddable":true,"href":"https:\/\/mouldking.store\/hu\/wp-json\/wp\/v2\/product_tag?post=48240"}],"curies":[{"name":"wp","href":"https:\/\/api.w.org\/{rel}","templated":true}]}}