{"id":48245,"date":"2023-07-12T11:34:20","date_gmt":"2023-07-12T04:34:20","guid":{"rendered":"https:\/\/mouldking.store\/shop\/kaiyu-86101-madrid-stadium-spain-with-4750-pieces\/"},"modified":"2023-07-12T11:34:20","modified_gmt":"2023-07-12T04:34:20","slug":"kaiyu-86101-madrid-stadium-spain-with-4750-pieces","status":"publish","type":"product","link":"https:\/\/mouldking.store\/hu\/shop\/kaiyu-86101-madrid-stadium-spain-with-4750-pieces\/","title":{"rendered":"Kaiyu 86101 Madrid Stadium Spain with 4750 Pieces"},"content":{"rendered":"<div>\u2705 KAIYU 86101 Madrid Stadium Spain<br \/>&nbsp;<br \/>\u2705The stadium in Madrid, Spain, commonly referred to as the &#8220;Madrid Stadium,&#8221; likely refers to the Santiago Bernabeu Stadium. It is the iconic home stadium of one of Spain&#8217;s most successful football clubs, Real Madrid.<br \/>&nbsp;<br \/>\ud83d\udeab FONTOS!&nbsp;<br \/>&nbsp;<br \/>Product Name: Madrid Stadium Spain<br \/>&nbsp;<br \/>Kateg\u00f3ria: Modul\u00e1ris \u00e9p\u00fclet<br \/>&nbsp;<br \/>This Kit Contains:&nbsp; KAIYU 86101&nbsp;<br \/>&nbsp;<br \/>4750 pcs Good Quality Bricks&nbsp;<br \/>&nbsp;<br \/>Size: 54.6&nbsp; x43.6 cm&nbsp;<br \/>&nbsp;<br \/>K\u00e9zi utas\u00edt\u00e1sok&nbsp;<br \/>&nbsp;<br \/>\ud83d\udcccA f\u0151szerepl\u0151 term\u00e9szete&nbsp;<br \/>&nbsp;<br \/>Introducing our proud collection named \u201cMadrid Stadium Spain\u201d you should not miss.&nbsp;<br \/>&nbsp;<br \/>The Santiago Bernabeu Stadium is not only a home ground for Real Madrid but also an iconic landmark in the city of Madrid. It has become a symbol of football excellence and a must-visit destination for football enthusiasts and tourists alike.<\/div>","protected":false},"excerpt":{"rendered":"<p>Brand: Kaiyu<br \/>\nNem: Uniszex<br \/>\nKorhat\u00e1r: &gt; 16 \u00e9v<br \/>\nModel Number: 86101<br \/>\nBesorol\u00e1s: \u00d6sszeszerel\u00e9s<br \/>\nM\u0171anyag blokk forma: \u00f6nz\u00e1r\u00f3 t\u00e9gla<br \/>\nAnyaga: M\u0171anyag<br \/>\nM\u0171anyag t\u00edpus: ABS<br \/>\nBricks Blocks: 4750 +<br \/>\nEredeti doboza nincs<\/p>","protected":false},"featured_media":48241,"comment_status":"open","ping_status":"closed","template":"","meta":{"_acf_changed":false},"product_cat":[1395,390],"product_tag":[4883,12312,392,12313,12311,12314,9160],"class_list":["product","first","instock","shipping-taxable","purchasable","product-type-simple"],"acf":[],"_links":{"self":[{"href":"https:\/\/mouldking.store\/hu\/wp-json\/wp\/v2\/product\/48245","targetHints":{"allow":["GET"]}}],"collection":[{"href":"https:\/\/mouldking.store\/hu\/wp-json\/wp\/v2\/product"}],"about":[{"href":"https:\/\/mouldking.store\/hu\/wp-json\/wp\/v2\/types\/product"}],"replies":[{"embeddable":true,"href":"https:\/\/mouldking.store\/hu\/wp-json\/wp\/v2\/comments?post=48245"}],"wp:featuredmedia":[{"embeddable":true,"href":"https:\/\/mouldking.store\/hu\/wp-json\/wp\/v2\/media\/48241"}],"wp:attachment":[{"href":"https:\/\/mouldking.store\/hu\/wp-json\/wp\/v2\/media?parent=48245"}],"wp:term":[{"taxonomy":"product_cat","embeddable":true,"href":"https:\/\/mouldking.store\/hu\/wp-json\/wp\/v2\/product_cat?post=48245"},{"taxonomy":"product_tag","embeddable":true,"href":"https:\/\/mouldking.store\/hu\/wp-json\/wp\/v2\/product_tag?post=48245"}],"curies":[{"name":"wp","href":"https:\/\/api.w.org\/{rel}","templated":true}]}}