{"id":48257,"date":"2023-07-12T11:43:09","date_gmt":"2023-07-12T04:43:09","guid":{"rendered":"https:\/\/mouldking.store\/shop\/xingbao-01037-breakfast-shop-with-3180-pieces\/"},"modified":"2023-07-12T11:43:09","modified_gmt":"2023-07-12T04:43:09","slug":"xingbao-01037-breakfast-shop-with-3180-pieces","status":"publish","type":"product","link":"https:\/\/mouldking.store\/hu\/shop\/xingbao-01037-breakfast-shop-with-3180-pieces\/","title":{"rendered":"XINGBAO 01037 Breakfast Shop with 3180 Pieces"},"content":{"rendered":"<div>\u2705 XINGBAO 01037 Breakfast Shop<br \/>&nbsp;<br \/>\u2705A breakfast shop is an establishment that specializes in serving breakfast meals and beverages to customers. It is a place where people can start their day with a satisfying and delicious breakfast, typically offering a variety of breakfast options to cater to different preferences and dietary needs.<br \/>&nbsp;<br \/>\ud83d\udeab FONTOS!&nbsp;<br \/>&nbsp;<br \/>Product Name: Breakfast Shop<br \/>&nbsp;<br \/>Kateg\u00f3ria: Modul\u00e1ris \u00e9p\u00fclet<br \/>&nbsp;<br \/>This Kit Contains: XINGBAO 01037<br \/>&nbsp;<br \/>3180 pcs Good Quality Bricks&nbsp;<br \/>&nbsp;<br \/>Size:&nbsp; 25.6 \u00d7 25.6 \u00d7 33 cm<br \/>&nbsp;<br \/>K\u00e9zi utas\u00edt\u00e1sok&nbsp;<br \/>&nbsp;<br \/>\ud83d\udcccA f\u0151szerepl\u0151 term\u00e9szete&nbsp;<br \/>&nbsp;<br \/>Introducing our proud collection named \u201cBreakfast Shop\u201d you should not miss.&nbsp;<br \/>&nbsp;<br \/>Whether it&#8217;s a quick bite on the way to work or a leisurely morning meal, breakfast shops provide a convenient and enjoyable option for people seeking a delicious start to their day. They offer a welcoming environment, a range of menu choices, and a focus on providing a satisfying breakfast experience for customers.<\/div>","protected":false},"excerpt":{"rendered":"<p>Brand: XINGBAO<br \/>\nNem: Uniszex<br \/>\nKoroszt\u00e1ly: &gt; 6 \u00e9v<br \/>\nModel Number: 01037<br \/>\nBesorol\u00e1s: \u00d6sszeszerel\u00e9s<br \/>\nM\u0171anyag blokk forma: \u00f6nz\u00e1r\u00f3 t\u00e9gla<br \/>\nAnyaga: M\u0171anyag<br \/>\nM\u0171anyag t\u00edpus: ABS<br \/>\nBricks Blocks: 3180 +<br \/>\nEredeti doboza nincs<\/p>","protected":false},"featured_media":48251,"comment_status":"open","ping_status":"closed","template":"","meta":{"_acf_changed":false},"product_cat":[1395,390],"product_tag":[12316,4883,392,1711],"class_list":["product","first","instock","shipping-taxable","purchasable","product-type-simple"],"acf":[],"_links":{"self":[{"href":"https:\/\/mouldking.store\/hu\/wp-json\/wp\/v2\/product\/48257","targetHints":{"allow":["GET"]}}],"collection":[{"href":"https:\/\/mouldking.store\/hu\/wp-json\/wp\/v2\/product"}],"about":[{"href":"https:\/\/mouldking.store\/hu\/wp-json\/wp\/v2\/types\/product"}],"replies":[{"embeddable":true,"href":"https:\/\/mouldking.store\/hu\/wp-json\/wp\/v2\/comments?post=48257"}],"wp:featuredmedia":[{"embeddable":true,"href":"https:\/\/mouldking.store\/hu\/wp-json\/wp\/v2\/media\/48251"}],"wp:attachment":[{"href":"https:\/\/mouldking.store\/hu\/wp-json\/wp\/v2\/media?parent=48257"}],"wp:term":[{"taxonomy":"product_cat","embeddable":true,"href":"https:\/\/mouldking.store\/hu\/wp-json\/wp\/v2\/product_cat?post=48257"},{"taxonomy":"product_tag","embeddable":true,"href":"https:\/\/mouldking.store\/hu\/wp-json\/wp\/v2\/product_tag?post=48257"}],"curies":[{"name":"wp","href":"https:\/\/api.w.org\/{rel}","templated":true}]}}