{"id":48310,"date":"2023-07-15T21:09:09","date_gmt":"2023-07-15T14:09:09","guid":{"rendered":"https:\/\/mouldking.store\/shop\/moc-factory-89302-working-mechanical-mimic-chest-with-682-pieces\/"},"modified":"2025-12-16T22:24:50","modified_gmt":"2025-12-16T15:24:50","slug":"moc-factory-89302-working-mechanical-mimic-chest-with-682-pieces","status":"publish","type":"product","link":"https:\/\/mouldking.store\/hu\/shop\/moc-factory-89302-working-mechanical-mimic-chest-with-682-pieces\/","title":{"rendered":"MOC Factory 89302 Working Mechanical Mimic Chest with 682 Pieces"},"content":{"rendered":"<div>\u2705MOC-89302 Working Mechanical Mimic Chest<\/p>\n<p>\u2705A working mechanical mimic chest is a fascinating and intricate piece of craftsmanship that combines mechanical engineering with artistic design. Mimic chests are designed to resemble ordinary chests or containers but have hidden mechanisms that create unexpected movements or surprises when opened.<\/p>\n<p>\ud83d\udeab FONTOS!<\/p>\n<p>Product Name: Working Mechanical Mimic Chest<\/p>\n<p>Category:&nbsp;<\/p>\n<p>This Kit Contains: C7889Y02<\/p>\n<p>682&nbsp; pcs Good Quality Bricks<\/p>\n<p>Size: 16 x 14 x 14 cm<\/p>\n<p>S\u00faly: 0,42 kg<\/p>\n<p>PDF \u00datmutat\u00f3<\/p>\n<p>\ud83d\udcccA f\u0151szerepl\u0151 term\u00e9szete<\/p>\n<p>Introducing our proud collection named \u201cWorking Mechanical Mimic Chest\u201d you should not miss.<\/p>\n<p>The mimic chest is carefully crafted to resemble a regular chest, often made from wood or other materials. The exterior can be intricately carved or decorated to match a specific style or theme, such as Gothic, Victorian, or fantasy. The mimic chest contains various hidden mechanisms that are triggered when the chest is opened or interacted with. These mechanisms can be powered by gears, levers, springs, or even electronic components, depending on the complexity of the design.<\/p><\/div>","protected":false},"excerpt":{"rendered":"<p>M\u00e1rka: MOC Factory<br \/>\nNem: Uniszex<br \/>\nKoroszt\u00e1ly: &gt; 6 \u00e9v<br \/>\nModel Number: 89302<br \/>\nBesorol\u00e1s: \u00d6sszeszerel\u00e9s<br \/>\nM\u0171anyag blokk forma: \u00f6nz\u00e1r\u00f3 t\u00e9gla<br \/>\nAnyaga: M\u0171anyag<br \/>\nM\u0171anyag t\u00edpus: ABS<br \/>\nBricks Blocks: 682 +<br \/>\nEredeti doboza nincs<\/p>","protected":false},"featured_media":48302,"comment_status":"open","ping_status":"closed","template":"","meta":{"_acf_changed":false},"product_cat":[1365,371],"product_tag":[12321,11072,8452,7345,12202,6542],"class_list":["product","first","instock","shipping-taxable","purchasable","product-type-simple"],"acf":[],"_links":{"self":[{"href":"https:\/\/mouldking.store\/hu\/wp-json\/wp\/v2\/product\/48310","targetHints":{"allow":["GET"]}}],"collection":[{"href":"https:\/\/mouldking.store\/hu\/wp-json\/wp\/v2\/product"}],"about":[{"href":"https:\/\/mouldking.store\/hu\/wp-json\/wp\/v2\/types\/product"}],"replies":[{"embeddable":true,"href":"https:\/\/mouldking.store\/hu\/wp-json\/wp\/v2\/comments?post=48310"}],"wp:featuredmedia":[{"embeddable":true,"href":"https:\/\/mouldking.store\/hu\/wp-json\/wp\/v2\/media\/48302"}],"wp:attachment":[{"href":"https:\/\/mouldking.store\/hu\/wp-json\/wp\/v2\/media?parent=48310"}],"wp:term":[{"taxonomy":"product_cat","embeddable":true,"href":"https:\/\/mouldking.store\/hu\/wp-json\/wp\/v2\/product_cat?post=48310"},{"taxonomy":"product_tag","embeddable":true,"href":"https:\/\/mouldking.store\/hu\/wp-json\/wp\/v2\/product_tag?post=48310"}],"curies":[{"name":"wp","href":"https:\/\/api.w.org\/{rel}","templated":true}]}}