{"id":48351,"date":"2023-07-15T21:35:19","date_gmt":"2023-07-15T14:35:19","guid":{"rendered":"https:\/\/mouldking.store\/shop\/moc-factory-89297-portal-wheatley-with-236-pieces\/"},"modified":"2025-12-16T22:24:50","modified_gmt":"2025-12-16T15:24:50","slug":"moc-factory-89297-portal-wheatley-with-236-pieces","status":"publish","type":"product","link":"https:\/\/mouldking.store\/hu\/shop\/moc-factory-89297-portal-wheatley-with-236-pieces\/","title":{"rendered":"MOC Factory 89297 Portal Wheatley with 236 Pieces"},"content":{"rendered":"<div>\u2705 MOC-89297 Portal Wheatley<\/p>\n<p>\u2705Portal Wheatley is a fictional character from the video game series Portal, developed by Valve Corporation. Wheatley is an artificial intelligence (AI) personality core that plays a significant role in the game Portal 2.&nbsp;<\/p>\n<p>\ud83d\udeab FONTOS!<\/p>\n<p>Product Name: Portal Wheatley<\/p>\n<p>Kateg\u00f3ria: Film<\/p>\n<p>This Kit Contains: C9598&nbsp;<\/p>\n<p>236 pcs Good Quality Bricks<\/p>\n<p>Size: 12.5 x 9.1 x 12.1 cm<\/p>\n<p>S\u00faly: 0,16 kg<\/p>\n<p>PDF \u00datmutat\u00f3<\/p>\n<p>\ud83d\udcccA f\u0151szerepl\u0151 term\u00e9szete<\/p>\n<p>Introducing our proud collection named \u201cPortal Wheatley\u201d you should not miss.<\/p>\n<p>Wheatley is a small, spherical AI core with a blue eye at the center. He has a metal exterior and is equipped with handles that allow him to be carried and interacted with by the player. Despite his simple appearance, Wheatley is full of personality and expressive facial animations. Wheatley is portrayed as a bumbling, yet well-intentioned character. He is designed to be friendly and helpful, but his lack of intelligence and decision-making abilities often leads to comical and chaotic situations. Wheatley has a charming and talkative personality, often making jokes or humorous observations.<\/p><\/div>","protected":false},"excerpt":{"rendered":"<p>M\u00e1rka: MOC Factory<br \/>\nNem: Uniszex<br \/>\nKoroszt\u00e1ly: &gt; 6 \u00e9v<br \/>\nModel Number: 89297<br \/>\nBesorol\u00e1s: \u00d6sszeszerel\u00e9s<br \/>\nM\u0171anyag blokk forma: \u00f6nz\u00e1r\u00f3 t\u00e9gla<br \/>\nAnyaga: M\u0171anyag<br \/>\nM\u0171anyag t\u00edpus: ABS<br \/>\nBricks Blocks: 236 +<br \/>\nEredeti doboza nincs<\/p>","protected":false},"featured_media":48343,"comment_status":"open","ping_status":"closed","template":"","meta":{"_acf_changed":false},"product_cat":[1365,371],"product_tag":[11072,8452,9139,11803,12328],"class_list":["product","first","instock","shipping-taxable","purchasable","product-type-simple"],"acf":[],"_links":{"self":[{"href":"https:\/\/mouldking.store\/hu\/wp-json\/wp\/v2\/product\/48351","targetHints":{"allow":["GET"]}}],"collection":[{"href":"https:\/\/mouldking.store\/hu\/wp-json\/wp\/v2\/product"}],"about":[{"href":"https:\/\/mouldking.store\/hu\/wp-json\/wp\/v2\/types\/product"}],"replies":[{"embeddable":true,"href":"https:\/\/mouldking.store\/hu\/wp-json\/wp\/v2\/comments?post=48351"}],"wp:featuredmedia":[{"embeddable":true,"href":"https:\/\/mouldking.store\/hu\/wp-json\/wp\/v2\/media\/48343"}],"wp:attachment":[{"href":"https:\/\/mouldking.store\/hu\/wp-json\/wp\/v2\/media?parent=48351"}],"wp:term":[{"taxonomy":"product_cat","embeddable":true,"href":"https:\/\/mouldking.store\/hu\/wp-json\/wp\/v2\/product_cat?post=48351"},{"taxonomy":"product_tag","embeddable":true,"href":"https:\/\/mouldking.store\/hu\/wp-json\/wp\/v2\/product_tag?post=48351"}],"curies":[{"name":"wp","href":"https:\/\/api.w.org\/{rel}","templated":true}]}}