{"id":48384,"date":"2023-07-25T09:14:55","date_gmt":"2023-07-25T02:14:55","guid":{"rendered":"https:\/\/mouldking.store\/shop\/reobrix-11028-aston-martin-victor-with-1638-pieces\/"},"modified":"2023-07-25T09:14:55","modified_gmt":"2023-07-25T02:14:55","slug":"reobrix-11028-aston-martin-victor-with-1638-pieces","status":"publish","type":"product","link":"https:\/\/mouldking.store\/hu\/shop\/reobrix-11028-aston-martin-victor-with-1638-pieces\/","title":{"rendered":"REOBRIX 11028 Aston Martin Victor with 1638 Pieces"},"content":{"rendered":"<div>\u2705 Reobrix 11028 Aston Martin Victor<br \/>&nbsp;<br \/>\u2705The Aston Martin Victor is a limited-edition hypercar that was unveiled in 2020. It is a one-off creation by Aston Martin&#8217;s Q division, which specializes in bespoke and personalized vehicles. The Victor pays homage to the classic Aston Martin V8 Vantage of the 1970s and 1980s.<br \/>&nbsp;<br \/>\ud83d\udeab FONTOS!&nbsp;<br \/>&nbsp;<br \/>Product Name: Aston Martin Victor<br \/>&nbsp;<br \/>Kateg\u00f3ria: M\u0171szaki<br \/>&nbsp;<br \/>This Kit Contains: Reobrix 11028<br \/>&nbsp;<br \/>1638 pcs Good Quality Bricks&nbsp;<br \/>&nbsp;<br \/>Size: 34.7 \u00d7 15.5 \u00d7 9.8 cm<br \/>&nbsp;<br \/>K\u00e9zi utas\u00edt\u00e1sok&nbsp;<br \/>&nbsp;<br \/>\ud83d\udcccA f\u0151szerepl\u0151 term\u00e9szete&nbsp;<br \/>&nbsp;<br \/>Introducing our proud collection named \u201cAston Martin Victor\u201d you should not miss.&nbsp;<br \/>&nbsp;<br \/>The Victor is based on the Aston Martin One-77 platform but features numerous modifications and enhancements. It boasts a striking retro-inspired design with a long hood, wide fenders, and a muscular stance. The car&#8217;s body is handcrafted from carbon fiber, and it incorporates various aerodynamic elements to improve performance.&nbsp;<br \/>Under the hood, the Aston Martin Victor is powered by a naturally aspirated 7.3-liter V12 engine sourced from the Aston Martin One-77. This engine produces an impressive 836 horsepower, making it one of the most powerful naturally aspirated V12 engines ever produced. The power is sent to the rear wheels through a six-speed manual transmission, offering a thrilling driving experience.<\/div>","protected":false},"excerpt":{"rendered":"<p>M\u00e1rka: REOBRIX<br \/>\nNem: Uniszex<br \/>\nKorhat\u00e1r: 14 \u00e9v felett<br \/>\nModel Number: 11028<br \/>\nBesorol\u00e1s: \u00d6sszeszerel\u00e9s<br \/>\nM\u0171anyag blokk forma: \u00f6nz\u00e1r\u00f3 t\u00e9gla<br \/>\nAnyaga: M\u0171anyag<br \/>\nM\u0171anyag t\u00edpus: ABS<br \/>\nBricks Blocks: 1638 +<br \/>\nEredeti doboza nincs<\/p>","protected":false},"featured_media":48382,"comment_status":"open","ping_status":"closed","template":"","meta":{"_acf_changed":false},"product_cat":[1360,1357,364],"product_tag":[11108,5147,457,11109,389,11080,11993],"class_list":["product","first","instock","shipping-taxable","purchasable","product-type-simple"],"acf":[],"_links":{"self":[{"href":"https:\/\/mouldking.store\/hu\/wp-json\/wp\/v2\/product\/48384","targetHints":{"allow":["GET"]}}],"collection":[{"href":"https:\/\/mouldking.store\/hu\/wp-json\/wp\/v2\/product"}],"about":[{"href":"https:\/\/mouldking.store\/hu\/wp-json\/wp\/v2\/types\/product"}],"replies":[{"embeddable":true,"href":"https:\/\/mouldking.store\/hu\/wp-json\/wp\/v2\/comments?post=48384"}],"wp:featuredmedia":[{"embeddable":true,"href":"https:\/\/mouldking.store\/hu\/wp-json\/wp\/v2\/media\/48382"}],"wp:attachment":[{"href":"https:\/\/mouldking.store\/hu\/wp-json\/wp\/v2\/media?parent=48384"}],"wp:term":[{"taxonomy":"product_cat","embeddable":true,"href":"https:\/\/mouldking.store\/hu\/wp-json\/wp\/v2\/product_cat?post=48384"},{"taxonomy":"product_tag","embeddable":true,"href":"https:\/\/mouldking.store\/hu\/wp-json\/wp\/v2\/product_tag?post=48384"}],"curies":[{"name":"wp","href":"https:\/\/api.w.org\/{rel}","templated":true}]}}