{"id":48446,"date":"2023-07-25T09:22:26","date_gmt":"2023-07-25T02:22:26","guid":{"rendered":"https:\/\/mouldking.store\/shop\/robotime-tgb06-sunset-carnival-garden-house-with-176-pieces\/"},"modified":"2023-07-25T09:22:26","modified_gmt":"2023-07-25T02:22:26","slug":"robotime-tgb06-sunset-carnival-garden-house-with-176-pieces","status":"publish","type":"product","link":"https:\/\/mouldking.store\/hu\/shop\/robotime-tgb06-sunset-carnival-garden-house-with-176-pieces\/","title":{"rendered":"Robotime TGB06 Naplement\u00e9s karnev\u00e1li kerti h\u00e1zik\u00f3 176 darabbal"},"content":{"rendered":"<div>\u2705 Robotime TGB06 Naplement\u00e9s Karnev\u00e1l Kerti H\u00e1z<br \/>&nbsp;<br \/>\u2705A kerti h\u00e1z, m\u00e1s n\u00e9ven kerti f\u00e9szer vagy kerti h\u00e1zik\u00f3, egy kisebb \u00e9p\u00edtm\u00e9ny a kertben vagy a h\u00e1ts\u00f3 udvarban, amely k\u00fcl\u00f6nf\u00e9le c\u00e9lokat szolg\u00e1l. \u00c1ltal\u00e1ban \u00fagy tervezt\u00e9k, hogy kieg\u00e9sz\u00edtse a k\u00fclt\u00e9ri teret, \u00e9s tov\u00e1bbi funkci\u00f3kat vagy t\u00e1rol\u00e1si lehet\u0151s\u00e9geket biztos\u00edtson.<br \/>&nbsp;<br \/>\ud83d\udeab FONTOS!&nbsp;<br \/>&nbsp;<br \/>Term\u00e9k neve: Naplemente Karnev\u00e1l Kerti H\u00e1z<br \/>&nbsp;<br \/>Kateg\u00f3ria: Alkot\u00f3&nbsp;<br \/>&nbsp;<br \/>A k\u00e9szlet tartalma: Robotime TGB06&nbsp;<br \/>&nbsp;<br \/>176 db j\u00f3 min\u0151s\u00e9g\u0171 t\u00e9gla&nbsp;<br \/>&nbsp;<br \/>K\u00e9zi utas\u00edt\u00e1sok&nbsp;<br \/>&nbsp;<br \/>\ud83d\udcccA f\u0151szerepl\u0151 term\u00e9szete&nbsp;<br \/>&nbsp;<br \/>Bemutatjuk b\u00fcszke kollekci\u00f3nkat, a \u201eSunset Carnival Garden House\u201d-t, amelyet nem szabad kihagynia.&nbsp;<br \/>&nbsp;<br \/>A kerti h\u00e1zak k\u00fcl\u00f6nb\u00f6z\u0151 st\u00edlusokban \u00e9s m\u00e9retekben kaphat\u00f3k, az egyszer\u0171 f\u00e9szerekt\u0151l a bonyolultabb, ablakokkal, ajt\u00f3kkal \u00e9s d\u00edsz\u00edt\u0151elemekkel ell\u00e1tott szerkezetekig. K\u00fcl\u00f6nb\u00f6z\u0151 anyagokb\u00f3l, p\u00e9ld\u00e1ul f\u00e1b\u00f3l, f\u00e9mb\u0151l vagy m\u0171anyagb\u00f3l k\u00e9sz\u00fclhetnek, a szem\u00e9lyes preferenci\u00e1kt\u00f3l \u00e9s a tervezett felhaszn\u00e1l\u00e1st\u00f3l f\u00fcgg\u0151en.<\/div>","protected":false},"excerpt":{"rendered":"<p>M\u00e1rka: Robotime<br \/>\nNem: Uniszex<br \/>\nKoroszt\u00e1ly: &gt; 6 \u00e9v<br \/>\nModellsz\u00e1m: TGB06<br \/>\nBesorol\u00e1s: \u00d6sszeszerel\u00e9s<br \/>\nM\u0171anyag blokk forma: \u00f6nz\u00e1r\u00f3 t\u00e9gla<br \/>\nAnyaga: M\u0171anyag<br \/>\nM\u0171anyag t\u00edpus: ABS<br \/>\nT\u00e9gl\u00e1k Blokkok: 176 +<br \/>\nEredeti doboza nincs<\/p>","protected":false},"featured_media":48439,"comment_status":"open","ping_status":"closed","template":"","meta":{"_acf_changed":false},"product_cat":[1365,371],"product_tag":[12335,11072,8452,7572,2318,11747],"class_list":["product","first","instock","shipping-taxable","purchasable","product-type-simple"],"acf":[],"_links":{"self":[{"href":"https:\/\/mouldking.store\/hu\/wp-json\/wp\/v2\/product\/48446","targetHints":{"allow":["GET"]}}],"collection":[{"href":"https:\/\/mouldking.store\/hu\/wp-json\/wp\/v2\/product"}],"about":[{"href":"https:\/\/mouldking.store\/hu\/wp-json\/wp\/v2\/types\/product"}],"replies":[{"embeddable":true,"href":"https:\/\/mouldking.store\/hu\/wp-json\/wp\/v2\/comments?post=48446"}],"wp:featuredmedia":[{"embeddable":true,"href":"https:\/\/mouldking.store\/hu\/wp-json\/wp\/v2\/media\/48439"}],"wp:attachment":[{"href":"https:\/\/mouldking.store\/hu\/wp-json\/wp\/v2\/media?parent=48446"}],"wp:term":[{"taxonomy":"product_cat","embeddable":true,"href":"https:\/\/mouldking.store\/hu\/wp-json\/wp\/v2\/product_cat?post=48446"},{"taxonomy":"product_tag","embeddable":true,"href":"https:\/\/mouldking.store\/hu\/wp-json\/wp\/v2\/product_tag?post=48446"}],"curies":[{"name":"wp","href":"https:\/\/api.w.org\/{rel}","templated":true}]}}