{"id":48450,"date":"2023-07-25T09:23:07","date_gmt":"2023-07-25T02:23:07","guid":{"rendered":"https:\/\/mouldking.store\/shop\/robotime-dw001-coffee-shop-with-100-pieces\/"},"modified":"2023-07-25T09:23:07","modified_gmt":"2023-07-25T02:23:07","slug":"robotime-dw001-coffee-shop-with-100-pieces","status":"publish","type":"product","link":"https:\/\/mouldking.store\/hu\/shop\/robotime-dw001-coffee-shop-with-100-pieces\/","title":{"rendered":"Robotime DW001 K\u00e1v\u00e9z\u00f3 100 darabbal"},"content":{"rendered":"<div>\u2705 Robotime DW001 Coffee Shop<br \/>&nbsp;<br \/>\u2705A coffee shop, also known as a caf\u00e9 or coffeehouse, is an establishment that specializes in serving coffee-based beverages and often offers a variety of other drinks and light refreshments. Coffee shops are popular gathering places for people to socialize, work, or simply enjoy a cup of coffee in a relaxed environment.<br \/>&nbsp;<br \/>\ud83d\udeab FONTOS!&nbsp;<br \/>&nbsp;<br \/>Product Name: Coffee Shop<br \/>&nbsp;<br \/>Kateg\u00f3ria: Alkot\u00f3&nbsp;<br \/>&nbsp;<br \/>This Kit Contains:&nbsp; Robotime DW001&nbsp;<br \/>&nbsp;<br \/>100 db j\u00f3 min\u0151s\u00e9g\u0171 t\u00e9gla&nbsp;<br \/>&nbsp;<br \/>M\u00e9rete: 16 cm&nbsp;<br \/>&nbsp;<br \/>K\u00e9zi utas\u00edt\u00e1sok&nbsp;<br \/>&nbsp;<br \/>\ud83d\udcccA f\u0151szerepl\u0151 term\u00e9szete&nbsp;<br \/>&nbsp;<br \/>Introducing our proud collection named \u201cCoffee Shop\u201d you should not miss.&nbsp;<br \/>&nbsp;<br \/>In a coffee shop, the main focus is on coffee. They typically serve a range of coffee drinks, including classics like espresso, cappuccino, latte, Americano, macchiato, and mocha. Coffee shops often have skilled baristas who prepare these beverages with precision, using freshly roasted coffee beans and various techniques to create the perfect cup.<\/div>","protected":false},"excerpt":{"rendered":"<p>M\u00e1rka: Robotime<br \/>\nNem: Uniszex<br \/>\nKoroszt\u00e1ly: &gt; 6 \u00e9v<br \/>\nModel Number: DW001<br \/>\nBesorol\u00e1s: \u00d6sszeszerel\u00e9s<br \/>\nM\u0171anyag blokk forma: \u00f6nz\u00e1r\u00f3 t\u00e9gla<br \/>\nAnyaga: M\u0171anyag<br \/>\nM\u0171anyag t\u00edpus: ABS<br \/>\nT\u00e9gla T\u00e9gla: 100+<br \/>\nEredeti doboza nincs<\/p>","protected":false},"featured_media":48447,"comment_status":"open","ping_status":"closed","template":"","meta":{"_acf_changed":false},"product_cat":[1365,1395,371,390],"product_tag":[5228,11128,11072,8452,392],"class_list":["product","first","instock","shipping-taxable","purchasable","product-type-simple"],"acf":[],"_links":{"self":[{"href":"https:\/\/mouldking.store\/hu\/wp-json\/wp\/v2\/product\/48450","targetHints":{"allow":["GET"]}}],"collection":[{"href":"https:\/\/mouldking.store\/hu\/wp-json\/wp\/v2\/product"}],"about":[{"href":"https:\/\/mouldking.store\/hu\/wp-json\/wp\/v2\/types\/product"}],"replies":[{"embeddable":true,"href":"https:\/\/mouldking.store\/hu\/wp-json\/wp\/v2\/comments?post=48450"}],"wp:featuredmedia":[{"embeddable":true,"href":"https:\/\/mouldking.store\/hu\/wp-json\/wp\/v2\/media\/48447"}],"wp:attachment":[{"href":"https:\/\/mouldking.store\/hu\/wp-json\/wp\/v2\/media?parent=48450"}],"wp:term":[{"taxonomy":"product_cat","embeddable":true,"href":"https:\/\/mouldking.store\/hu\/wp-json\/wp\/v2\/product_cat?post=48450"},{"taxonomy":"product_tag","embeddable":true,"href":"https:\/\/mouldking.store\/hu\/wp-json\/wp\/v2\/product_tag?post=48450"}],"curies":[{"name":"wp","href":"https:\/\/api.w.org\/{rel}","templated":true}]}}