{"id":48460,"date":"2023-07-25T09:24:21","date_gmt":"2023-07-25T02:24:21","guid":{"rendered":"https:\/\/mouldking.store\/shop\/robotime-dw003-super-fruit-store-with-116-pieces\/"},"modified":"2023-07-25T09:24:21","modified_gmt":"2023-07-25T02:24:21","slug":"robotime-dw003-super-fruit-store-with-116-pieces","status":"publish","type":"product","link":"https:\/\/mouldking.store\/hu\/shop\/robotime-dw003-super-fruit-store-with-116-pieces\/","title":{"rendered":"Robotime DW003 Super Fruit Store with 116 Pieces"},"content":{"rendered":"<div>\u2705 Robotime DW003 Super Fruit Store<br \/>&nbsp;<br \/>\u2705A fruit store, also known as a fruit shop or produce market, is a retail establishment that specializes in selling fresh fruits. These stores offer a wide variety of fruits, often sourced from local farms or regional distributors, to provide customers with a diverse selection of high-quality produce.<br \/>&nbsp;<br \/>\ud83d\udeab FONTOS!&nbsp;<br \/>&nbsp;<br \/>Product Name: Super Fruit Store<br \/>&nbsp;<br \/>Kateg\u00f3ria: Alkot\u00f3&nbsp;<br \/>&nbsp;<br \/>This Kit Contains: Robotime DW003<br \/>&nbsp;<br \/>116 pcs Good Quality Bricks&nbsp;<br \/>&nbsp;<br \/>Size: 6.4 x 6.4 x 6 inch<br \/>&nbsp;<br \/>K\u00e9zi utas\u00edt\u00e1sok&nbsp;<br \/>&nbsp;<br \/>\ud83d\udcccA f\u0151szerepl\u0151 term\u00e9szete&nbsp;<br \/>&nbsp;<br \/>Introducing our proud collection named \u201cSuper Fruit Store\u201d you should not miss.&nbsp;<br \/>&nbsp;<br \/>In a fruit store, you can expect to find a range of fruits depending on the season and availability. Common fruits offered include apples, oranges, bananas, grapes, strawberries, blueberries, watermelons, pineapples, mangoes, peaches, plums, and many more. Some fruit stores may also carry exotic or specialty fruits that are less commonly found in regular grocery stores.<\/div>","protected":false},"excerpt":{"rendered":"<p>M\u00e1rka: Robotime<br \/>\nNem: Uniszex<br \/>\nKoroszt\u00e1ly: &gt; 6 \u00e9v<br \/>\nModel Number: DW003<br \/>\nBesorol\u00e1s: \u00d6sszeszerel\u00e9s<br \/>\nM\u0171anyag blokk forma: \u00f6nz\u00e1r\u00f3 t\u00e9gla<br \/>\nAnyaga: M\u0171anyag<br \/>\nM\u0171anyag t\u00edpus: ABS<br \/>\nBricks Blocks: 116 +<br \/>\nEredeti doboza nincs<\/p>","protected":false},"featured_media":48456,"comment_status":"open","ping_status":"closed","template":"","meta":{"_acf_changed":false},"product_cat":[1365,1395,371,390],"product_tag":[11072,8452,12337,12338,392],"class_list":["product","first","instock","shipping-taxable","purchasable","product-type-simple"],"acf":[],"_links":{"self":[{"href":"https:\/\/mouldking.store\/hu\/wp-json\/wp\/v2\/product\/48460","targetHints":{"allow":["GET"]}}],"collection":[{"href":"https:\/\/mouldking.store\/hu\/wp-json\/wp\/v2\/product"}],"about":[{"href":"https:\/\/mouldking.store\/hu\/wp-json\/wp\/v2\/types\/product"}],"replies":[{"embeddable":true,"href":"https:\/\/mouldking.store\/hu\/wp-json\/wp\/v2\/comments?post=48460"}],"wp:featuredmedia":[{"embeddable":true,"href":"https:\/\/mouldking.store\/hu\/wp-json\/wp\/v2\/media\/48456"}],"wp:attachment":[{"href":"https:\/\/mouldking.store\/hu\/wp-json\/wp\/v2\/media?parent=48460"}],"wp:term":[{"taxonomy":"product_cat","embeddable":true,"href":"https:\/\/mouldking.store\/hu\/wp-json\/wp\/v2\/product_cat?post=48460"},{"taxonomy":"product_tag","embeddable":true,"href":"https:\/\/mouldking.store\/hu\/wp-json\/wp\/v2\/product_tag?post=48460"}],"curies":[{"name":"wp","href":"https:\/\/api.w.org\/{rel}","templated":true}]}}