{"id":48464,"date":"2023-07-25T09:25:04","date_gmt":"2023-07-25T02:25:04","guid":{"rendered":"https:\/\/mouldking.store\/shop\/robotime-dw004-book-store-with-108-pieces\/"},"modified":"2023-07-25T09:25:04","modified_gmt":"2023-07-25T02:25:04","slug":"robotime-dw004-book-store-with-108-pieces","status":"publish","type":"product","link":"https:\/\/mouldking.store\/hu\/shop\/robotime-dw004-book-store-with-108-pieces\/","title":{"rendered":"Robotime DW004 Book Store with 108 Pieces"},"content":{"rendered":"<div>\u2705 Robotime DW004 Book Store<br \/>&nbsp;<br \/>\u2705A book store, also known as a bookstore or bookshop, is a retail establishment that specializes in selling books and other reading materials. Book stores offer a wide selection of books across various genres, catering to different interests and reading preferences.<br \/>&nbsp;<br \/>\ud83d\udeab FONTOS!&nbsp;<br \/>&nbsp;<br \/>Product Name:&nbsp; Book Store<br \/>&nbsp;<br \/>Kateg\u00f3ria: Alkot\u00f3&nbsp;<br \/>&nbsp;<br \/>This Kit Contains:&nbsp; Robotime DW004<br \/>&nbsp;<br \/>108 db J\u00f3 min\u0151s\u00e9g\u0171 t\u00e9gla&nbsp;<br \/>&nbsp;<br \/>Size: 16. 3 x 16.3 x 15.2 cm&nbsp;<br \/>&nbsp;<br \/>K\u00e9zi utas\u00edt\u00e1sok&nbsp;<br \/>&nbsp;<br \/>\ud83d\udcccA f\u0151szerepl\u0151 term\u00e9szete&nbsp;<br \/>&nbsp;<br \/>Introducing our proud collection named \u201cBook Store\u201d you should not miss.&nbsp;<br \/>&nbsp;<br \/>In a book store, you can find books in different formats, including hardcover, paperback, and digital formats like e-books. The selection typically includes fiction and non-fiction books, spanning genres such as literature, science fiction, fantasy, mystery, romance, history, biography, self-help, children&#8217;s books, and many more. Some book stores may also feature specialized sections dedicated to specific topics like art, cooking, travel, or spirituality.<\/div>","protected":false},"excerpt":{"rendered":"<p>M\u00e1rka: Robotime<br \/>\nNem: Uniszex<br \/>\nKoroszt\u00e1ly: &gt; 6 \u00e9v<br \/>\nModel Number: DW004<br \/>\nBesorol\u00e1s: \u00d6sszeszerel\u00e9s<br \/>\nM\u0171anyag blokk forma: \u00f6nz\u00e1r\u00f3 t\u00e9gla<br \/>\nAnyaga: M\u0171anyag<br \/>\nM\u0171anyag t\u00edpus: ABS<br \/>\nT\u00e9gla T\u00e9gla: 108+<br \/>\nEredeti doboza nincs<\/p>","protected":false},"featured_media":48461,"comment_status":"open","ping_status":"closed","template":"","meta":{"_acf_changed":false},"product_cat":[1365,1395,371,390],"product_tag":[1411,11602,11072,8452,392],"class_list":["product","first","instock","shipping-taxable","purchasable","product-type-simple"],"acf":[],"_links":{"self":[{"href":"https:\/\/mouldking.store\/hu\/wp-json\/wp\/v2\/product\/48464","targetHints":{"allow":["GET"]}}],"collection":[{"href":"https:\/\/mouldking.store\/hu\/wp-json\/wp\/v2\/product"}],"about":[{"href":"https:\/\/mouldking.store\/hu\/wp-json\/wp\/v2\/types\/product"}],"replies":[{"embeddable":true,"href":"https:\/\/mouldking.store\/hu\/wp-json\/wp\/v2\/comments?post=48464"}],"wp:featuredmedia":[{"embeddable":true,"href":"https:\/\/mouldking.store\/hu\/wp-json\/wp\/v2\/media\/48461"}],"wp:attachment":[{"href":"https:\/\/mouldking.store\/hu\/wp-json\/wp\/v2\/media?parent=48464"}],"wp:term":[{"taxonomy":"product_cat","embeddable":true,"href":"https:\/\/mouldking.store\/hu\/wp-json\/wp\/v2\/product_cat?post=48464"},{"taxonomy":"product_tag","embeddable":true,"href":"https:\/\/mouldking.store\/hu\/wp-json\/wp\/v2\/product_tag?post=48464"}],"curies":[{"name":"wp","href":"https:\/\/api.w.org\/{rel}","templated":true}]}}