{"id":48473,"date":"2023-07-25T09:26:06","date_gmt":"2023-07-25T02:26:06","guid":{"rendered":"https:\/\/mouldking.store\/shop\/robotime-dw006-super-bubble-tea-with-130-pieces\/"},"modified":"2023-07-25T09:26:06","modified_gmt":"2023-07-25T02:26:06","slug":"robotime-dw006-super-bubble-tea-with-130-pieces","status":"publish","type":"product","link":"https:\/\/mouldking.store\/hu\/shop\/robotime-dw006-super-bubble-tea-with-130-pieces\/","title":{"rendered":"Robotime DW006 Super Bubble Tea with 130 Pieces"},"content":{"rendered":"<div>\u2705 Robotime DW006 Super Bubble Tea<br \/>&nbsp;<br \/>\u2705A bubble tea shop, also known as a boba tea shop, is an establishment that specializes in serving bubble tea, a popular Taiwanese beverage. Bubble tea consists of a base tea, typically black or green tea, mixed with milk or fruit flavors and sweetened with sugar or syrup. It is often served cold, with ice, and contains chewy tapioca pearls or other toppings.<br \/>&nbsp;<br \/>\ud83d\udeab FONTOS!&nbsp;<br \/>&nbsp;<br \/>Product Name: Super Bubble Tea<br \/>&nbsp;<br \/>Kateg\u00f3ria: Alkot\u00f3&nbsp;<br \/>&nbsp;<br \/>This Kit Contains: Robotime DW006<br \/>&nbsp;<br \/>130 db J\u00f3 min\u0151s\u00e9g\u0171 t\u00e9gla&nbsp;<br \/>&nbsp;<br \/>Size: 16. 3 x 16.3 x 15.2 cm&nbsp;<br \/>&nbsp;<br \/>K\u00e9zi utas\u00edt\u00e1sok&nbsp;<br \/>&nbsp;<br \/>\ud83d\udcccA f\u0151szerepl\u0151 term\u00e9szete&nbsp;<br \/>&nbsp;<br \/>Introducing our proud collection named \u201cSuper Bubble Tea\u201d you should not miss.&nbsp;<br \/>&nbsp;<br \/>Bubble tea shops provide a wide variety of flavors and combinations to cater to different tastes. Some common flavors include taro, matcha, honeydew, mango, strawberry, and more. Customers can often customize their drinks by selecting the tea base, sweetness level, and the amount and type of toppings they prefer.<\/div>","protected":false},"excerpt":{"rendered":"<p>M\u00e1rka: Robotime<br \/>\nNem: Uniszex<br \/>\nKoroszt\u00e1ly: &gt; 6 \u00e9v<br \/>\nModel Number: DW006<br \/>\nBesorol\u00e1s: \u00d6sszeszerel\u00e9s<br \/>\nM\u0171anyag blokk forma: \u00f6nz\u00e1r\u00f3 t\u00e9gla<br \/>\nAnyaga: M\u0171anyag<br \/>\nM\u0171anyag t\u00edpus: ABS<br \/>\nT\u00e9gla blokkok: 130+<br \/>\nEredeti doboza nincs<\/p>","protected":false},"featured_media":48470,"comment_status":"open","ping_status":"closed","template":"","meta":{"_acf_changed":false},"product_cat":[1365,1395,371,390],"product_tag":[11765,11072,8452,392,11132,3152],"class_list":["product","first","instock","shipping-taxable","purchasable","product-type-simple"],"acf":[],"_links":{"self":[{"href":"https:\/\/mouldking.store\/hu\/wp-json\/wp\/v2\/product\/48473","targetHints":{"allow":["GET"]}}],"collection":[{"href":"https:\/\/mouldking.store\/hu\/wp-json\/wp\/v2\/product"}],"about":[{"href":"https:\/\/mouldking.store\/hu\/wp-json\/wp\/v2\/types\/product"}],"replies":[{"embeddable":true,"href":"https:\/\/mouldking.store\/hu\/wp-json\/wp\/v2\/comments?post=48473"}],"wp:featuredmedia":[{"embeddable":true,"href":"https:\/\/mouldking.store\/hu\/wp-json\/wp\/v2\/media\/48470"}],"wp:attachment":[{"href":"https:\/\/mouldking.store\/hu\/wp-json\/wp\/v2\/media?parent=48473"}],"wp:term":[{"taxonomy":"product_cat","embeddable":true,"href":"https:\/\/mouldking.store\/hu\/wp-json\/wp\/v2\/product_cat?post=48473"},{"taxonomy":"product_tag","embeddable":true,"href":"https:\/\/mouldking.store\/hu\/wp-json\/wp\/v2\/product_tag?post=48473"}],"curies":[{"name":"wp","href":"https:\/\/api.w.org\/{rel}","templated":true}]}}