{"id":48507,"date":"2023-07-25T09:42:08","date_gmt":"2023-07-25T02:42:08","guid":{"rendered":"https:\/\/mouldking.store\/shop\/sluban-m38b-p8003-astronaut-out-of-cabin-ornament-with-2000-pieces\/"},"modified":"2023-07-25T09:42:08","modified_gmt":"2023-07-25T02:42:08","slug":"sluban-m38b-p8003-astronaut-out-of-cabin-ornament-with-2000-pieces","status":"publish","type":"product","link":"https:\/\/mouldking.store\/hu\/shop\/sluban-m38b-p8003-astronaut-out-of-cabin-ornament-with-2000-pieces\/","title":{"rendered":"Sluban M38B-P8003 Astronaut Out of Cabin Ornament with 2000 Pieces"},"content":{"rendered":"<div>\u2705 Sluban M38B-P8003 Astronaut Out of Cabin Ornament<br \/>&nbsp;<br \/>\u2705An astronaut is a person who is trained and qualified to travel and work in space. Astronauts are part of space exploration programs conducted by various countries, such as NASA (National Aeronautics and Space Administration) in the United States, Roscosmos in Russia, ESA (European Space Agency), and others.<br \/>&nbsp;<br \/>\ud83d\udeab FONTOS!&nbsp;<br \/>&nbsp;<br \/>Product Name: Astronaut Out of Cabin Ornament<br \/>&nbsp;<br \/>Kateg\u00f3ria: \u0170r&nbsp;<br \/>&nbsp;<br \/>This Kit Contains: Sluban M38B-P8003<br \/>&nbsp;<br \/>2000 db J\u00f3 min\u0151s\u00e9g\u0171 t\u00e9gla&nbsp;<br \/>&nbsp;<br \/>Size:&nbsp; 17.2 \u00d7 27.5 cm<br \/>&nbsp;<br \/>K\u00e9zi utas\u00edt\u00e1sok&nbsp;<br \/>&nbsp;<br \/>\ud83d\udcccA f\u0151szerepl\u0151 term\u00e9szete&nbsp;<br \/>&nbsp;<br \/>Introducing our proud collection named \u201cAstronaut Out of Cabin Ornament\u201d you should not miss.&nbsp;<br \/>&nbsp;<br \/>Astronauts undergo extensive training to prepare for the physical, mental, and technical challenges they will face during space missions. This training typically includes learning about spacecraft systems, performing scientific experiments, practicing spacewalks, undergoing physical fitness training, and learning to live in isolated and confined environments. Some well-known astronauts include Neil Armstrong, the first person to walk on the Moon during the Apollo 11 mission, and Buzz Aldrin, who also walked on the Moon during that same mission. Other notable astronauts include Yuri Gagarin, the first human to orbit the Earth, and Sally Ride, the first American woman in space.<\/div>","protected":false},"excerpt":{"rendered":"<p>M\u00e1rka: Sluban<br \/>\nNem: Uniszex<br \/>\nKoroszt\u00e1ly: &gt; 12 \u00e9ves<br \/>\nModel Number: M38B-P8003<br \/>\nBesorol\u00e1s: \u00d6sszeszerel\u00e9s<br \/>\nM\u0171anyag blokk forma: \u00f6nz\u00e1r\u00f3 t\u00e9gla<br \/>\nAnyaga: M\u0171anyag<br \/>\nM\u0171anyag t\u00edpus: ABS<br \/>\nT\u00e9gla blokkok: 2000+<br \/>\nEredeti doboza nincs<br \/>\nA darabok v\u00e1ltozhatnak<\/p>","protected":false},"featured_media":48502,"comment_status":"open","ping_status":"closed","template":"","meta":{"_acf_changed":false},"product_cat":[1365,371,6016],"product_tag":[11921,11072,8452,12351,2276],"class_list":["product","first","instock","shipping-taxable","purchasable","product-type-simple"],"acf":[],"_links":{"self":[{"href":"https:\/\/mouldking.store\/hu\/wp-json\/wp\/v2\/product\/48507","targetHints":{"allow":["GET"]}}],"collection":[{"href":"https:\/\/mouldking.store\/hu\/wp-json\/wp\/v2\/product"}],"about":[{"href":"https:\/\/mouldking.store\/hu\/wp-json\/wp\/v2\/types\/product"}],"replies":[{"embeddable":true,"href":"https:\/\/mouldking.store\/hu\/wp-json\/wp\/v2\/comments?post=48507"}],"wp:featuredmedia":[{"embeddable":true,"href":"https:\/\/mouldking.store\/hu\/wp-json\/wp\/v2\/media\/48502"}],"wp:attachment":[{"href":"https:\/\/mouldking.store\/hu\/wp-json\/wp\/v2\/media?parent=48507"}],"wp:term":[{"taxonomy":"product_cat","embeddable":true,"href":"https:\/\/mouldking.store\/hu\/wp-json\/wp\/v2\/product_cat?post=48507"},{"taxonomy":"product_tag","embeddable":true,"href":"https:\/\/mouldking.store\/hu\/wp-json\/wp\/v2\/product_tag?post=48507"}],"curies":[{"name":"wp","href":"https:\/\/api.w.org\/{rel}","templated":true}]}}