{"id":48516,"date":"2023-07-25T09:42:51","date_gmt":"2023-07-25T02:42:51","guid":{"rendered":"https:\/\/mouldking.store\/shop\/reobrix-787-infinite-universe-lagrange-stingray-with-846-pieces\/"},"modified":"2023-07-25T09:42:51","modified_gmt":"2023-07-25T02:42:51","slug":"reobrix-787-infinite-universe-lagrange-stingray-with-846-pieces","status":"publish","type":"product","link":"https:\/\/mouldking.store\/hu\/shop\/reobrix-787-infinite-universe-lagrange-stingray-with-846-pieces\/","title":{"rendered":"REOBRIX 787 Infinite Universe Lagrange Stingray with 846 Pieces"},"content":{"rendered":"<div>\u2705 Reobrix 787 Infinite Universe Lagrange Stingray<br \/>&nbsp;<br \/>\u2705Lagrange: Infinite Universe Lagrange belongs to the theme series of building block sets, and the entire set contains 846 building block particles. First release in 2023.<br \/>&nbsp;<br \/>\ud83d\udeab FONTOS!&nbsp;<br \/>&nbsp;<br \/>Product Name: Infinite Universe Lagrange Stingray<br \/>&nbsp;<br \/>Kateg\u00f3ria: Star Wars<br \/>&nbsp;<br \/>This Kit Contains:&nbsp; Reobrix 787&nbsp;<br \/>&nbsp;<br \/>846 pcs Good Quality Bricks&nbsp;<br \/>&nbsp;<br \/>Size: 21.5 \u00d7 25.5 \u00d7 7 cm<br \/>&nbsp;<br \/>K\u00e9zi utas\u00edt\u00e1sok&nbsp;<br \/>&nbsp;<br \/>\ud83d\udcccA f\u0151szerepl\u0151 term\u00e9szete&nbsp;<br \/>&nbsp;<br \/>Introducing our proud collection named \u201c Infinite Universe Lagrange Stingray\u201d you should not miss.&nbsp;<br \/>&nbsp;<br \/>In classical mechanics, Lagrange formulated a reformulation of Newtonian mechanics called Lagrangian mechanics. This approach provides a powerful and elegant framework for describing the motion of particles and systems by defining a quantity called the Lagrangian. The principles of Lagrangian mechanics, known as the principle of least action, allow the derivation of the equations of motion for mechanical systems. This formulation is widely used in modern physics and engineering to analyze the dynamics of complex systems.<\/div>","protected":false},"excerpt":{"rendered":"<p>M\u00e1rka: REOBRIX<br \/>\nNem: Uniszex<br \/>\nKorhat\u00e1r: 14 \u00e9v felett<br \/>\nModel Number: 787<br \/>\nBesorol\u00e1s: \u00d6sszeszerel\u00e9s<br \/>\nM\u0171anyag blokk forma: \u00f6nz\u00e1r\u00f3 t\u00e9gla<br \/>\nAnyaga: M\u0171anyag<br \/>\nM\u0171anyag t\u00edpus: ABS<br \/>\nBricks Blocks: 846 +<br \/>\nEredeti doboza nincs<\/p>","protected":false},"featured_media":48508,"comment_status":"open","ping_status":"closed","template":"","meta":{"_acf_changed":false},"product_cat":[1357,581,6016,415,364,1408],"product_tag":[12354,12352,434,2276,436,12353,389,12355],"class_list":["product","first","instock","shipping-taxable","purchasable","product-type-simple"],"acf":[],"_links":{"self":[{"href":"https:\/\/mouldking.store\/hu\/wp-json\/wp\/v2\/product\/48516","targetHints":{"allow":["GET"]}}],"collection":[{"href":"https:\/\/mouldking.store\/hu\/wp-json\/wp\/v2\/product"}],"about":[{"href":"https:\/\/mouldking.store\/hu\/wp-json\/wp\/v2\/types\/product"}],"replies":[{"embeddable":true,"href":"https:\/\/mouldking.store\/hu\/wp-json\/wp\/v2\/comments?post=48516"}],"wp:featuredmedia":[{"embeddable":true,"href":"https:\/\/mouldking.store\/hu\/wp-json\/wp\/v2\/media\/48508"}],"wp:attachment":[{"href":"https:\/\/mouldking.store\/hu\/wp-json\/wp\/v2\/media?parent=48516"}],"wp:term":[{"taxonomy":"product_cat","embeddable":true,"href":"https:\/\/mouldking.store\/hu\/wp-json\/wp\/v2\/product_cat?post=48516"},{"taxonomy":"product_tag","embeddable":true,"href":"https:\/\/mouldking.store\/hu\/wp-json\/wp\/v2\/product_tag?post=48516"}],"curies":[{"name":"wp","href":"https:\/\/api.w.org\/{rel}","templated":true}]}}