{"id":48524,"date":"2023-07-25T09:43:43","date_gmt":"2023-07-25T02:43:43","guid":{"rendered":"https:\/\/mouldking.store\/shop\/reobrix-788-infinite-universe-lagrange-artillery-escort-with-966-pieces\/"},"modified":"2023-07-25T09:43:43","modified_gmt":"2023-07-25T02:43:43","slug":"reobrix-788-infinite-universe-lagrange-artillery-escort-with-966-pieces","status":"publish","type":"product","link":"https:\/\/mouldking.store\/hu\/shop\/reobrix-788-infinite-universe-lagrange-artillery-escort-with-966-pieces\/","title":{"rendered":"REOBRIX 788 Infinite Universe Lagrange Artillery Escort with 966 Pieces"},"content":{"rendered":"<div>\u2705 Reobrix 788 Infinite Universe Lagrange Artillery Escort<br \/>&nbsp;<br \/>\u2705 Artillery Escort typically refers to a military vehicle or unit that is designed and employed to protect and support artillery units during combat operations. An artillery escort is responsible for providing security, mobility, and protection to artillery assets, ensuring their safe movement and operation on the battlefield.<br \/>&nbsp;<br \/>\ud83d\udeab FONTOS!&nbsp;<br \/>&nbsp;<br \/>Product Name: Infinite Universe Lagrange Artillery Escort<br \/>&nbsp;<br \/>Kateg\u00f3ria: Star Wars&nbsp;<br \/>&nbsp;<br \/>This Kit Contains: Reobrix 788&nbsp;<br \/>&nbsp;<br \/>966 pcs Good Quality Bricks&nbsp;<br \/>&nbsp;<br \/>Size: 31 \u00d7 15 \u00d7 10.5 cm<br \/>&nbsp;<br \/>K\u00e9zi utas\u00edt\u00e1sok&nbsp;<br \/>&nbsp;<br \/>\ud83d\udcccA f\u0151szerepl\u0151 term\u00e9szete&nbsp;<br \/>&nbsp;<br \/>Introducing our proud collection named \u201c Infinite Universe Lagrange Artillery Escort\u201d you should not miss.&nbsp;<br \/>&nbsp;<br \/>The specific configuration and capabilities of an artillery escort can vary depending on the military&#8217;s requirements and the nature of the conflict. It may involve different types of vehicles, such as armored personnel carriers, infantry fighting vehicles, or self-propelled artillery systems.&nbsp;<\/div>","protected":false},"excerpt":{"rendered":"<p>M\u00e1rka: REOBRIX<br \/>\nNem: Uniszex<br \/>\nKorhat\u00e1r: 14 \u00e9v felett<br \/>\nModel Number: 788<br \/>\nBesorol\u00e1s: \u00d6sszeszerel\u00e9s<br \/>\nM\u0171anyag blokk forma: \u00f6nz\u00e1r\u00f3 t\u00e9gla<br \/>\nAnyaga: M\u0171anyag<br \/>\nM\u0171anyag t\u00edpus: ABS<br \/>\nBricks Blocks: 966 +<br \/>\nEredeti doboza nincs<\/p>","protected":false},"featured_media":48517,"comment_status":"open","ping_status":"closed","template":"","meta":{"_acf_changed":false},"product_cat":[1357,581,6016,415,364,1408],"product_tag":[4076,11097,12354,12352,434,2276,436,389,12355],"class_list":["product","first","instock","shipping-taxable","purchasable","product-type-simple"],"acf":[],"_links":{"self":[{"href":"https:\/\/mouldking.store\/hu\/wp-json\/wp\/v2\/product\/48524","targetHints":{"allow":["GET"]}}],"collection":[{"href":"https:\/\/mouldking.store\/hu\/wp-json\/wp\/v2\/product"}],"about":[{"href":"https:\/\/mouldking.store\/hu\/wp-json\/wp\/v2\/types\/product"}],"replies":[{"embeddable":true,"href":"https:\/\/mouldking.store\/hu\/wp-json\/wp\/v2\/comments?post=48524"}],"wp:featuredmedia":[{"embeddable":true,"href":"https:\/\/mouldking.store\/hu\/wp-json\/wp\/v2\/media\/48517"}],"wp:attachment":[{"href":"https:\/\/mouldking.store\/hu\/wp-json\/wp\/v2\/media?parent=48524"}],"wp:term":[{"taxonomy":"product_cat","embeddable":true,"href":"https:\/\/mouldking.store\/hu\/wp-json\/wp\/v2\/product_cat?post=48524"},{"taxonomy":"product_tag","embeddable":true,"href":"https:\/\/mouldking.store\/hu\/wp-json\/wp\/v2\/product_tag?post=48524"}],"curies":[{"name":"wp","href":"https:\/\/api.w.org\/{rel}","templated":true}]}}