{"id":48535,"date":"2023-07-25T09:45:14","date_gmt":"2023-07-25T02:45:14","guid":{"rendered":"https:\/\/mouldking.store\/shop\/jiestar-58032-bayel-mecha-with-1611-pieces\/"},"modified":"2023-07-25T09:45:14","modified_gmt":"2023-07-25T02:45:14","slug":"jiestar-58032-bayel-mecha-with-1611-pieces","status":"publish","type":"product","link":"https:\/\/mouldking.store\/hu\/shop\/jiestar-58032-bayel-mecha-with-1611-pieces\/","title":{"rendered":"JIESTAR 58032 Bayel Mecha with 1611 Pieces"},"content":{"rendered":"<div>\u2705 JIESTAR 58032 Bayel Mecha<br \/>&nbsp;<br \/>\u2705The Gundam Bael is a mobile suit from the Calamity War era, which took place 300 years prior to the events of Iron-Blooded Orphans. It was originally piloted by Agnika Kaieru, who was considered a legendary figure. In the present day of the series, the Gundam Bael becomes a focal point as different factions seek to obtain its power.<br \/>&nbsp;<br \/>\ud83d\udeab FONTOS!&nbsp;<br \/>&nbsp;<br \/>Product Name: Bayel Mecha<br \/>&nbsp;<br \/>Kateg\u00f3ria: Film<br \/>&nbsp;<br \/>This Kit Contains: JIESTAR 58032<br \/>&nbsp;<br \/>1611 pcs Good Quality Bricks&nbsp;<br \/>&nbsp;<br \/>Size: 20 \u00d7 16 \u00d7 32 cm<br \/>&nbsp;<br \/>K\u00e9zi utas\u00edt\u00e1sok&nbsp;<br \/>&nbsp;<br \/>\ud83d\udcccA f\u0151szerepl\u0151 term\u00e9szete&nbsp;<br \/>&nbsp;<br \/>Introducing our proud collection named \u201cBayel Mecha\u201d you should not miss.&nbsp;<br \/>&nbsp;<br \/>The Gundam Bael has a distinctive and elegant design, featuring a white and gold color scheme. It has a slim profile and is equipped with a variety of weapons. The Gundam Bael is designed to accommodate the Alaya-Vijnana System, a neural interface that allows the pilot to achieve heightened reflexes and control over the mobile suit. The Gundam Bael is armed with a range of weapons, including a pair of swords called the Bael Sword and a large shield known as the Bael Shield. The swords are capable of generating beam blades and are highly effective in close combat. Throughout the series, multiple characters pilot the Gundam Bael. Gaelio Bauduin, a major character in the series, inherits the mobile suit and uses it as his primary machine.<\/div>","protected":false},"excerpt":{"rendered":"<p>M\u00e1rka: JIESTAR<br \/>\nNem: Uniszex<br \/>\nKoroszt\u00e1ly: 8 \u00e9v felett<br \/>\nModel Number: 58032<br \/>\nBesorol\u00e1s: \u00d6sszeszerel\u00e9s<br \/>\nM\u0171anyag blokk forma: \u00f6nz\u00e1r\u00f3 t\u00e9gla<br \/>\nAnyaga: M\u0171anyag<br \/>\nM\u0171anyag t\u00edpus: ABS<br \/>\nBricks Blocks: 1611 +<br \/>\nEredeti doboza nincs<\/p>","protected":false},"featured_media":48534,"comment_status":"open","ping_status":"closed","template":"","meta":{"_acf_changed":false},"product_cat":[1365,371,581,1408],"product_tag":[12356,11072,8452,434,590],"class_list":["product","first","instock","shipping-taxable","purchasable","product-type-simple"],"acf":[],"_links":{"self":[{"href":"https:\/\/mouldking.store\/hu\/wp-json\/wp\/v2\/product\/48535","targetHints":{"allow":["GET"]}}],"collection":[{"href":"https:\/\/mouldking.store\/hu\/wp-json\/wp\/v2\/product"}],"about":[{"href":"https:\/\/mouldking.store\/hu\/wp-json\/wp\/v2\/types\/product"}],"replies":[{"embeddable":true,"href":"https:\/\/mouldking.store\/hu\/wp-json\/wp\/v2\/comments?post=48535"}],"wp:featuredmedia":[{"embeddable":true,"href":"https:\/\/mouldking.store\/hu\/wp-json\/wp\/v2\/media\/48534"}],"wp:attachment":[{"href":"https:\/\/mouldking.store\/hu\/wp-json\/wp\/v2\/media?parent=48535"}],"wp:term":[{"taxonomy":"product_cat","embeddable":true,"href":"https:\/\/mouldking.store\/hu\/wp-json\/wp\/v2\/product_cat?post=48535"},{"taxonomy":"product_tag","embeddable":true,"href":"https:\/\/mouldking.store\/hu\/wp-json\/wp\/v2\/product_tag?post=48535"}],"curies":[{"name":"wp","href":"https:\/\/api.w.org\/{rel}","templated":true}]}}