{"id":48553,"date":"2023-07-25T09:46:41","date_gmt":"2023-07-25T02:46:41","guid":{"rendered":"https:\/\/mouldking.store\/shop\/52toys-bb-59-orbital-halo-unreal-with-60-pieces\/"},"modified":"2023-07-25T09:46:41","modified_gmt":"2023-07-25T02:46:41","slug":"52toys-bb-59-orbital-halo-unreal-with-60-pieces","status":"publish","type":"product","link":"https:\/\/mouldking.store\/hu\/shop\/52toys-bb-59-orbital-halo-unreal-with-60-pieces\/","title":{"rendered":"52TOYS BB-59 ORBITAL HALO UNREAL with 60 Pieces"},"content":{"rendered":"<div>\u2705 52TOYS BB-59 ORBITAL HALO UNREAL<br \/>&nbsp;<br \/>\u270552TOYS is a company known for producing collectible designer toys and figures. They offer a range of unique and imaginative creations, often characterized by their distinctive designs and attention to detail.&nbsp;<br \/>&nbsp;<br \/>\ud83d\udeab FONTOS!&nbsp;<br \/>&nbsp;<br \/>Product Name: ORBITAL HALO UNREAL<br \/>&nbsp;<br \/>Kateg\u00f3ria: Alkot\u00f3&nbsp;<br \/>&nbsp;<br \/>This Kit Contains: ORBITAL HALO UNREAL<br \/>&nbsp;<br \/>60 pcs Good Quality Bricks&nbsp;<br \/>&nbsp;<br \/>Size: 11.5cm<br \/>&nbsp;<br \/>K\u00e9zi utas\u00edt\u00e1sok&nbsp;<br \/>&nbsp;<br \/>\ud83d\udcccA f\u0151szerepl\u0151 term\u00e9szete&nbsp;<br \/>&nbsp;<br \/>Introducing our proud collection named \u201cORBITAL HALO UNREAL\u201d you should not miss.&nbsp;<br \/>&nbsp;<br \/>The BB-59 ORBITAL HALO UNREAL features a robotic animal-like design, typically resembling a creature such as a bear, rhino, or dinosaur. These figures are made of high-quality materials and are often intricately detailed. The notable feature of the Beastbox series is their transformation mechanism, where the figures can be converted from their animal forms into small cubes or other shapes, and vice versa.&nbsp;<\/div>","protected":false},"excerpt":{"rendered":"<p>M\u00e1rka: 52TOYS<br \/>\nNem: Uniszex<br \/>\nKoroszt\u00e1ly: &gt; 6 \u00e9v<br \/>\nModel Number: BB-59<br \/>\nBesorol\u00e1s: \u00d6sszeszerel\u00e9s<br \/>\nM\u0171anyag blokk forma: \u00f6nz\u00e1r\u00f3 t\u00e9gla<br \/>\nAnyaga: M\u0171anyag<br \/>\nM\u0171anyag t\u00edpus: ABS<br \/>\nBricks Blocks: 60 +<br \/>\nEredeti doboza nincs<br \/>\nA darabok v\u00e1ltozhatnak<\/p>","protected":false},"featured_media":48543,"comment_status":"open","ping_status":"closed","template":"","meta":{"_acf_changed":false},"product_cat":[1365,371],"product_tag":[11110,11072,8452,11192,12358,590,12359],"class_list":["product","first","instock","shipping-taxable","purchasable","product-type-simple"],"acf":[],"_links":{"self":[{"href":"https:\/\/mouldking.store\/hu\/wp-json\/wp\/v2\/product\/48553","targetHints":{"allow":["GET"]}}],"collection":[{"href":"https:\/\/mouldking.store\/hu\/wp-json\/wp\/v2\/product"}],"about":[{"href":"https:\/\/mouldking.store\/hu\/wp-json\/wp\/v2\/types\/product"}],"replies":[{"embeddable":true,"href":"https:\/\/mouldking.store\/hu\/wp-json\/wp\/v2\/comments?post=48553"}],"wp:featuredmedia":[{"embeddable":true,"href":"https:\/\/mouldking.store\/hu\/wp-json\/wp\/v2\/media\/48543"}],"wp:attachment":[{"href":"https:\/\/mouldking.store\/hu\/wp-json\/wp\/v2\/media?parent=48553"}],"wp:term":[{"taxonomy":"product_cat","embeddable":true,"href":"https:\/\/mouldking.store\/hu\/wp-json\/wp\/v2\/product_cat?post=48553"},{"taxonomy":"product_tag","embeddable":true,"href":"https:\/\/mouldking.store\/hu\/wp-json\/wp\/v2\/product_tag?post=48553"}],"curies":[{"name":"wp","href":"https:\/\/api.w.org\/{rel}","templated":true}]}}