{"id":48579,"date":"2023-07-25T10:26:37","date_gmt":"2023-07-25T03:26:37","guid":{"rendered":"https:\/\/mouldking.store\/shop\/pantasy-86401-popeye-olive-oyl-with-1209-pieces\/"},"modified":"2023-07-25T10:26:37","modified_gmt":"2023-07-25T03:26:37","slug":"pantasy-86401-popeye-olive-oyl-with-1209-pieces","status":"publish","type":"product","link":"https:\/\/mouldking.store\/hu\/shop\/pantasy-86401-popeye-olive-oyl-with-1209-pieces\/","title":{"rendered":"Pantasy 86401 Popeye &amp; Olive Oyl with 1209 Pieces"},"content":{"rendered":"<div>\u2705 Pantasy 86401 Popeye &amp; Olive Oyl<br \/>&nbsp;<br \/>\u2705Popeye and Olive Oyl are two iconic fictional characters from the comic strip &#8220;Thimble Theatre,&#8221; created by Elzie Crisler Segar. They have become synonymous with classic cartoon characters and have appeared in numerous animated adaptations, movies, and other media.<br \/>&nbsp;<br \/>\ud83d\udeab FONTOS!&nbsp;<br \/>&nbsp;<br \/>Product Name: Popeye &amp; Olive Oyl<br \/>&nbsp;<br \/>Kateg\u00f3ria: Alkot\u00f3&nbsp;<br \/>&nbsp;<br \/>This Kit Contains: Pantasy 86401<br \/>&nbsp;<br \/>1209 pcs Good Quality Bricks&nbsp;<br \/>&nbsp;<br \/>Size: 29.1 \u00d7 35.6 \u00d7 33 cm<br \/>&nbsp;<br \/>K\u00e9zi utas\u00edt\u00e1sok&nbsp;<br \/>&nbsp;<br \/>\ud83d\udcccA f\u0151szerepl\u0151 term\u00e9szete&nbsp;<br \/>&nbsp;<br \/>Introducing our proud collection named \u201cPopeye &amp; Olive Oyl\u201d you should not miss.&nbsp;<br \/>&nbsp;<br \/>Popeye the Sailor Man: Popeye is the main protagonist of the series. He is a muscular and tough sailor with a distinctive speaking style and a love for spinach. Popeye is known for his sailor&#8217;s outfit, his corncob pipe, and his one squinty eye. He is a kind-hearted and honorable character, always ready to defend the weak and fight injustice. When he consumes a can of spinach, he gains incredible strength, which he often uses to protect himself, Olive Oyl, and others from various threats, particularly his rival, Bluto. Olive Oyl: Olive Oyl is Popeye&#8217;s love interest and is portrayed as a tall, slim, and often clumsy woman with big eyes and her hair styled in a tall bun. She is kind and compassionate but can also be indecisive and easily influenced. Throughout the series, Olive Oyl is often in distress, finding herself in predicaments that require Popeye&#8217;s assistance. Despite her sometimes naive and vulnerable nature, she cares deeply for Popeye and is a central character in the adventures of the series.<\/div>","protected":false},"excerpt":{"rendered":"<p>M\u00e1rka: Pantasy<br \/>\nNem: Uniszex<br \/>\nKoroszt\u00e1ly: &gt; 6 \u00e9v<br \/>\nModel Number: 86401<br \/>\nBesorol\u00e1s: \u00d6sszeszerel\u00e9s<br \/>\nM\u0171anyag blokk forma: \u00f6nz\u00e1r\u00f3 t\u00e9gla<br \/>\nAnyaga: M\u0171anyag<br \/>\nM\u0171anyag t\u00edpus: ABS<br \/>\nBricks Blocks: 1209 +<br \/>\nEredeti doboza nincs<\/p>","protected":false},"featured_media":48576,"comment_status":"open","ping_status":"closed","template":"","meta":{"_acf_changed":false},"product_cat":[1365,371],"product_tag":[11072,8452,10235],"class_list":["product","first","instock","shipping-taxable","purchasable","product-type-simple"],"acf":[],"_links":{"self":[{"href":"https:\/\/mouldking.store\/hu\/wp-json\/wp\/v2\/product\/48579","targetHints":{"allow":["GET"]}}],"collection":[{"href":"https:\/\/mouldking.store\/hu\/wp-json\/wp\/v2\/product"}],"about":[{"href":"https:\/\/mouldking.store\/hu\/wp-json\/wp\/v2\/types\/product"}],"replies":[{"embeddable":true,"href":"https:\/\/mouldking.store\/hu\/wp-json\/wp\/v2\/comments?post=48579"}],"wp:featuredmedia":[{"embeddable":true,"href":"https:\/\/mouldking.store\/hu\/wp-json\/wp\/v2\/media\/48576"}],"wp:attachment":[{"href":"https:\/\/mouldking.store\/hu\/wp-json\/wp\/v2\/media?parent=48579"}],"wp:term":[{"taxonomy":"product_cat","embeddable":true,"href":"https:\/\/mouldking.store\/hu\/wp-json\/wp\/v2\/product_cat?post=48579"},{"taxonomy":"product_tag","embeddable":true,"href":"https:\/\/mouldking.store\/hu\/wp-json\/wp\/v2\/product_tag?post=48579"}],"curies":[{"name":"wp","href":"https:\/\/api.w.org\/{rel}","templated":true}]}}