{"id":48587,"date":"2023-07-25T10:46:01","date_gmt":"2023-07-25T03:46:01","guid":{"rendered":"https:\/\/mouldking.store\/shop\/mj-13013-jungle-tree-house-block-book-with-969-pieces\/"},"modified":"2023-07-25T10:46:01","modified_gmt":"2023-07-25T03:46:01","slug":"mj-13013-jungle-tree-house-block-book-with-969-pieces","status":"publish","type":"product","link":"https:\/\/mouldking.store\/hu\/shop\/mj-13013-jungle-tree-house-block-book-with-969-pieces\/","title":{"rendered":"MJ 13013 Jungle Tree House Block Book with 969 Pieces"},"content":{"rendered":"<div>\u2705 MJI 13013 Jungle Tree House Block Book<br \/>&nbsp;<br \/>\u2705A jungle tree house is a type of dwelling built high up in the trees of a rainforest or dense forest. These unique structures combine the adventure of living amidst nature with the comfort of a traditional house. Jungle tree houses are often popular among eco-tourists and nature enthusiasts seeking a more immersive experience in the wilderness.<br \/>&nbsp;<br \/>\ud83d\udeab FONTOS!&nbsp;<br \/>&nbsp;<br \/>Product name: Jungle Tree House Block Book<br \/>&nbsp;<br \/>Kateg\u00f3ria: Alkot\u00f3&nbsp;<br \/>&nbsp;<br \/>This Kit Contains:&nbsp; MJI 13013&nbsp;<br \/>&nbsp;<br \/>969 pcs Good Quality Bricks&nbsp;<br \/>&nbsp;<br \/>Size: 21.3 \u00d7 22.9 \u00d7 22.1 cm<br \/>&nbsp;<br \/>K\u00e9zi utas\u00edt\u00e1sok&nbsp;<br \/>&nbsp;<br \/>\ud83d\udcccA f\u0151szerepl\u0151 term\u00e9szete&nbsp;<br \/>&nbsp;<br \/>Introducing our proud collection named \u201cJungle Tree House Block Book you should not miss.&nbsp;<br \/>&nbsp;<br \/>The house is constructed on sturdy platforms or supports, usually using wooden materials, to elevate it above the forest floor. Tree house builders prioritize using sustainable and eco-friendly materials to minimize the impact on the surrounding environment. A jungle tree house typically has a balcony or deck area that provides breathtaking views of the surrounding jungle and wildlife. Staying in a jungle tree house can be an extraordinary experience, as it allows visitors to immerse themselves in the natural beauty and unique ecosystem of the rainforest while enjoying the comforts of a safe and cozy abode. It&#8217;s important to note that the construction and operation of such accommodations should adhere to local regulations and sustainability principles to preserve the delicate environment they inhabit.<\/div>","protected":false},"excerpt":{"rendered":"<p>M\u00e1rka: MJ<br \/>\nNem: Uniszex<br \/>\nKoroszt\u00e1ly: &gt; 12 \u00e9ves<br \/>\nModel Number: 13013<br \/>\nBesorol\u00e1s: \u00d6sszeszerel\u00e9s<br \/>\nM\u0171anyag blokk forma: \u00f6nz\u00e1r\u00f3 t\u00e9gla<br \/>\nAnyaga: M\u0171anyag<br \/>\nM\u0171anyag t\u00edpus: ABS<br \/>\nBricks Blocks: 969 +<br \/>\nEredeti doboza nincs<\/p>","protected":false},"featured_media":48580,"comment_status":"open","ping_status":"closed","template":"","meta":{"_acf_changed":false},"product_cat":[1365,371],"product_tag":[1411,11072,8452,11659,548],"class_list":["product","first","instock","shipping-taxable","purchasable","product-type-simple"],"acf":[],"_links":{"self":[{"href":"https:\/\/mouldking.store\/hu\/wp-json\/wp\/v2\/product\/48587","targetHints":{"allow":["GET"]}}],"collection":[{"href":"https:\/\/mouldking.store\/hu\/wp-json\/wp\/v2\/product"}],"about":[{"href":"https:\/\/mouldking.store\/hu\/wp-json\/wp\/v2\/types\/product"}],"replies":[{"embeddable":true,"href":"https:\/\/mouldking.store\/hu\/wp-json\/wp\/v2\/comments?post=48587"}],"wp:featuredmedia":[{"embeddable":true,"href":"https:\/\/mouldking.store\/hu\/wp-json\/wp\/v2\/media\/48580"}],"wp:attachment":[{"href":"https:\/\/mouldking.store\/hu\/wp-json\/wp\/v2\/media?parent=48587"}],"wp:term":[{"taxonomy":"product_cat","embeddable":true,"href":"https:\/\/mouldking.store\/hu\/wp-json\/wp\/v2\/product_cat?post=48587"},{"taxonomy":"product_tag","embeddable":true,"href":"https:\/\/mouldking.store\/hu\/wp-json\/wp\/v2\/product_tag?post=48587"}],"curies":[{"name":"wp","href":"https:\/\/api.w.org\/{rel}","templated":true}]}}