{"id":48596,"date":"2023-07-25T10:58:36","date_gmt":"2023-07-25T03:58:36","guid":{"rendered":"https:\/\/mouldking.store\/shop\/mould-king-27044-porsche-918-with-338-pieces\/"},"modified":"2023-07-25T10:58:36","modified_gmt":"2023-07-25T03:58:36","slug":"mould-king-27044-porsche-918-with-338-pieces","status":"publish","type":"product","link":"https:\/\/mouldking.store\/hu\/shop\/mould-king-27044-porsche-918-with-338-pieces\/","title":{"rendered":"MOULD KING 27044 Porsche 918 with 338 Pieces"},"content":{"rendered":"<div>\u2705 Mould King 27044 Porsche 918<br \/>&nbsp;<br \/>\u2705The Porsche 918 Spyder is a high-performance plug-in hybrid sports car manufactured by the German automobile manufacturer Porsche AG. It was first introduced as a concept car at the 2010 Geneva Motor Show and later went into production as a limited-edition model from 2013 to 2015. The 918 Spyder is part of Porsche&#8217;s exclusive line of hypercars, and it represents the cutting edge of automotive engineering and technology.<br \/>&nbsp;<br \/>\ud83d\udeab FONTOS!&nbsp;<br \/>&nbsp;<br \/>Product Name: Porsche 918<br \/>&nbsp;<br \/>Kateg\u00f3ria: M\u0171szaki<br \/>&nbsp;<br \/>This Kit Contains:&nbsp; Mould King 27044<br \/>&nbsp;<br \/>338 pcs Good Quality Bricks&nbsp;<br \/>&nbsp;<br \/>Size: 15 \u00d7 8 \u00d7 4.5 cm<br \/>&nbsp;<br \/>K\u00e9zi utas\u00edt\u00e1sok&nbsp;<br \/>&nbsp;<br \/>\ud83d\udcccA f\u0151szerepl\u0151 term\u00e9szete&nbsp;<br \/>&nbsp;<br \/>Introducing our proud collection named \u201cPorsche 918\u201d you should not miss.&nbsp;<br \/>&nbsp;<br \/>The Porsche 918 Spyder is not only a testament to Porsche&#8217;s engineering prowess but also a glimpse into the future of high-performance automotive technology, with its combination of electrification and mind-blowing performance. Its rarity and performance capabilities have made it a valuable and iconic addition to Porsche&#8217;s history and the automotive world.<\/div>","protected":false},"excerpt":{"rendered":"<p>M\u00e1rka: MOLD KING<br \/>\nNem: Uniszex<br \/>\nKoroszt\u00e1ly: 8 \u00e9v felett<br \/>\nModel Number: 27044<br \/>\nBesorol\u00e1s: \u00d6sszeszerel\u00e9s<br \/>\nM\u0171anyag blokk forma: \u00f6nz\u00e1r\u00f3 t\u00e9gla<br \/>\nAnyaga: M\u0171anyag<br \/>\nM\u0171anyag t\u00edpus: ABS<br \/>\nBricks Blocks: 338 +<br \/>\nEredeti doboza nincs<\/p>","protected":false},"featured_media":48595,"comment_status":"open","ping_status":"closed","template":"","meta":{"_acf_changed":false},"product_cat":[1360,1357,364],"product_tag":[457,2754,11150,5166,389,11080],"class_list":["product","first","instock","shipping-taxable","purchasable","product-type-simple"],"acf":[],"_links":{"self":[{"href":"https:\/\/mouldking.store\/hu\/wp-json\/wp\/v2\/product\/48596","targetHints":{"allow":["GET"]}}],"collection":[{"href":"https:\/\/mouldking.store\/hu\/wp-json\/wp\/v2\/product"}],"about":[{"href":"https:\/\/mouldking.store\/hu\/wp-json\/wp\/v2\/types\/product"}],"replies":[{"embeddable":true,"href":"https:\/\/mouldking.store\/hu\/wp-json\/wp\/v2\/comments?post=48596"}],"wp:featuredmedia":[{"embeddable":true,"href":"https:\/\/mouldking.store\/hu\/wp-json\/wp\/v2\/media\/48595"}],"wp:attachment":[{"href":"https:\/\/mouldking.store\/hu\/wp-json\/wp\/v2\/media?parent=48596"}],"wp:term":[{"taxonomy":"product_cat","embeddable":true,"href":"https:\/\/mouldking.store\/hu\/wp-json\/wp\/v2\/product_cat?post=48596"},{"taxonomy":"product_tag","embeddable":true,"href":"https:\/\/mouldking.store\/hu\/wp-json\/wp\/v2\/product_tag?post=48596"}],"curies":[{"name":"wp","href":"https:\/\/api.w.org\/{rel}","templated":true}]}}