{"id":48608,"date":"2023-07-25T11:31:05","date_gmt":"2023-07-25T04:31:05","guid":{"rendered":"https:\/\/mouldking.store\/shop\/reobrix-11029-mazda-rx-7-with-1482-pieces\/"},"modified":"2023-07-25T11:31:05","modified_gmt":"2023-07-25T04:31:05","slug":"reobrix-11029-mazda-rx-7-with-1482-pieces","status":"publish","type":"product","link":"https:\/\/mouldking.store\/hu\/shop\/reobrix-11029-mazda-rx-7-with-1482-pieces\/","title":{"rendered":"REOBRIX 11029 Mazda RX-7 with 1482 Pieces"},"content":{"rendered":"<div>\u2705 Reobrix 11029 Mazda RX-7<br \/>&nbsp;<br \/>\u2705The Mazda RX-7 is a classic sports car produced by the Japanese automaker Mazda. It has a rich history and is known for its distinctive rotary engine, lightweight construction, and exceptional handling. The RX-7 has earned a reputation as an enthusiast&#8217;s car and has a dedicated fan base worldwide.<br \/>&nbsp;<br \/>\ud83d\udeab FONTOS!&nbsp;<br \/>&nbsp;<br \/>Product Name:&nbsp; Mazda RX-7<br \/>&nbsp;<br \/>Kateg\u00f3ria: M\u0171szaki<br \/>&nbsp;<br \/>This Kit Contains: Reobrix 11029<br \/>&nbsp;<br \/>1482 pcs Good Quality Bricks&nbsp;<br \/>&nbsp;<br \/>Size: 34 \u00d7 15.5 \u00d7 9.5 cm<br \/>&nbsp;<br \/>K\u00e9zi utas\u00edt\u00e1sok&nbsp;<br \/>&nbsp;<br \/>\ud83d\udcccA f\u0151szerepl\u0151 term\u00e9szete&nbsp;<br \/>&nbsp;<br \/>Introducing our proud collection named \u201cMazda RX-7\u201d you should not miss.&nbsp;<br \/>&nbsp;<br \/>Though the RX-7 is no longer in production, its legacy and impact on the sports car market have left an indelible mark on automotive history. Its combination of rotary engine technology, agile handling, and striking design continues to captivate car enthusiasts around the world.<\/div>","protected":false},"excerpt":{"rendered":"<p>M\u00e1rka: REOBRIX<br \/>\nNem: Uniszex<br \/>\nKorhat\u00e1r: 14 \u00e9v felett<br \/>\nModel Number: 11029<br \/>\nBesorol\u00e1s: \u00d6sszeszerel\u00e9s<br \/>\nM\u0171anyag blokk forma: \u00f6nz\u00e1r\u00f3 t\u00e9gla<br \/>\nAnyaga: M\u0171anyag<br \/>\nM\u0171anyag t\u00edpus: ABS<br \/>\nBricks Blocks: 1482 +<br \/>\nEredeti doboza nincs<\/p>","protected":false},"featured_media":48606,"comment_status":"open","ping_status":"closed","template":"","meta":{"_acf_changed":false},"product_cat":[1360,1357,364],"product_tag":[457,2331,12365,389,11080],"class_list":["product","first","instock","shipping-taxable","purchasable","product-type-simple"],"acf":[],"_links":{"self":[{"href":"https:\/\/mouldking.store\/hu\/wp-json\/wp\/v2\/product\/48608","targetHints":{"allow":["GET"]}}],"collection":[{"href":"https:\/\/mouldking.store\/hu\/wp-json\/wp\/v2\/product"}],"about":[{"href":"https:\/\/mouldking.store\/hu\/wp-json\/wp\/v2\/types\/product"}],"replies":[{"embeddable":true,"href":"https:\/\/mouldking.store\/hu\/wp-json\/wp\/v2\/comments?post=48608"}],"wp:featuredmedia":[{"embeddable":true,"href":"https:\/\/mouldking.store\/hu\/wp-json\/wp\/v2\/media\/48606"}],"wp:attachment":[{"href":"https:\/\/mouldking.store\/hu\/wp-json\/wp\/v2\/media?parent=48608"}],"wp:term":[{"taxonomy":"product_cat","embeddable":true,"href":"https:\/\/mouldking.store\/hu\/wp-json\/wp\/v2\/product_cat?post=48608"},{"taxonomy":"product_tag","embeddable":true,"href":"https:\/\/mouldking.store\/hu\/wp-json\/wp\/v2\/product_tag?post=48608"}],"curies":[{"name":"wp","href":"https:\/\/api.w.org\/{rel}","templated":true}]}}