{"id":48638,"date":"2023-07-25T12:10:14","date_gmt":"2023-07-25T05:10:14","guid":{"rendered":"https:\/\/mouldking.store\/shop\/moc-factory-89293-eggy-party-red-adzuki-bean-with-117-pieces\/"},"modified":"2025-12-16T22:24:50","modified_gmt":"2025-12-16T15:24:50","slug":"moc-factory-89293-eggy-party-red-adzuki-bean-with-117-pieces","status":"publish","type":"product","link":"https:\/\/mouldking.store\/hu\/shop\/moc-factory-89293-eggy-party-red-adzuki-bean-with-117-pieces\/","title":{"rendered":"MOC Factory 89293 Eggy Party Red Adzuki Bean with 117 Pieces"},"content":{"rendered":"<div>\u2705MOC-89293 Eggy Party Red Adzuki Bean<\/p>\n<p>\ud83d\udeab FONTOS!<\/p>\n<p>Product Name: Eggy Party Red Adzuki Bean<\/p>\n<p>Kateg\u00f3ria: Film<\/p>\n<p>This Kit Contains: C9389Y10<\/p>\n<p>117 pcs Good Quality Bricks<\/p>\n<p>Size: 6.4 x 6.4 x 7.3 cm<\/p>\n<p>Weight: 0.05 kg<\/p>\n<p>PDF \u00datmutat\u00f3<\/p>\n<p>\ud83d\udcccA f\u0151szerepl\u0151 term\u00e9szete<\/p>\n<p>Introducing our proud collection named \u201cEggy Party Red Adzuki Bean\u201d you should not miss.<\/p>\n<p>&#8220;Egg Party&#8221; is a casual competitive mobile game launched by NetEase. It started test operation on February 6, 2021. According to the 2022 financial information annual report released by NetEase, Egg Party is the daily active user in the history of NetEase. top game.<\/p><\/div>","protected":false},"excerpt":{"rendered":"<p>M\u00e1rka: MOC Factory<br \/>\nNem: Uniszex<br \/>\nKoroszt\u00e1ly: &gt; 6 \u00e9v<br \/>\nModel Number: 89293<br \/>\nBesorol\u00e1s: \u00d6sszeszerel\u00e9s<br \/>\nM\u0171anyag blokk forma: \u00f6nz\u00e1r\u00f3 t\u00e9gla<br \/>\nAnyaga: M\u0171anyag<br \/>\nM\u0171anyag t\u00edpus: ABS<br \/>\nBricks Blocks: 117 +<br \/>\nEredeti doboza nincs<\/p>","protected":false},"featured_media":48630,"comment_status":"open","ping_status":"closed","template":"","meta":{"_acf_changed":false},"product_cat":[1365,371],"product_tag":[12368,11072,8452,11688,9139,8337],"class_list":["product","first","instock","shipping-taxable","purchasable","product-type-simple"],"acf":[],"_links":{"self":[{"href":"https:\/\/mouldking.store\/hu\/wp-json\/wp\/v2\/product\/48638","targetHints":{"allow":["GET"]}}],"collection":[{"href":"https:\/\/mouldking.store\/hu\/wp-json\/wp\/v2\/product"}],"about":[{"href":"https:\/\/mouldking.store\/hu\/wp-json\/wp\/v2\/types\/product"}],"replies":[{"embeddable":true,"href":"https:\/\/mouldking.store\/hu\/wp-json\/wp\/v2\/comments?post=48638"}],"wp:featuredmedia":[{"embeddable":true,"href":"https:\/\/mouldking.store\/hu\/wp-json\/wp\/v2\/media\/48630"}],"wp:attachment":[{"href":"https:\/\/mouldking.store\/hu\/wp-json\/wp\/v2\/media?parent=48638"}],"wp:term":[{"taxonomy":"product_cat","embeddable":true,"href":"https:\/\/mouldking.store\/hu\/wp-json\/wp\/v2\/product_cat?post=48638"},{"taxonomy":"product_tag","embeddable":true,"href":"https:\/\/mouldking.store\/hu\/wp-json\/wp\/v2\/product_tag?post=48638"}],"curies":[{"name":"wp","href":"https:\/\/api.w.org\/{rel}","templated":true}]}}