{"id":48660,"date":"2023-07-25T12:27:14","date_gmt":"2023-07-25T05:27:14","guid":{"rendered":"https:\/\/mouldking.store\/shop\/moc-factory-89290-horror-chucky-childs-play-with-292-pieces\/"},"modified":"2025-12-16T22:24:49","modified_gmt":"2025-12-16T15:24:49","slug":"moc-factory-89290-horror-chucky-childs-play-with-292-pieces","status":"publish","type":"product","link":"https:\/\/mouldking.store\/hu\/shop\/moc-factory-89290-horror-chucky-childs-play-with-292-pieces\/","title":{"rendered":"MOC Factory 89290 Horror Chucky Childs Play with 292 Pieces"},"content":{"rendered":"<div>\u2705MOC-89290 Horror Chucky Childs Play<\/p>\n<p>\u2705Chucky, also known as &#8220;The Lakeshore Strangler,&#8221; is a fictional character and the main antagonist of the &#8220;Child&#8217;s Play&#8221; horror film series. The &#8220;Child&#8217;s Play&#8221; franchise, created by Don Mancini, centers around the malevolent doll possessed by the soul of a serial killer. Chucky has become one of the most iconic and recognizable horror movie villains.<\/p>\n<p>\ud83d\udeab FONTOS!<\/p>\n<p>Product Name: Horror Chucky Childs Play<\/p>\n<p>Kateg\u00f3ria: Film<\/p>\n<p>This Kit Contains: C9627<\/p>\n<p>292&nbsp; pcs Good Quality Bricks<\/p>\n<p>Size: 11.9 x 10.3 x 16.3 cm<\/p>\n<p>Weight: 0.17 kg<\/p>\n<p>PDF \u00datmutat\u00f3<\/p>\n<p>\ud83d\udcccA f\u0151szerepl\u0151 term\u00e9szete<\/p>\n<p>Introducing our proud collection named \u201cHorror Chucky Childs Play\u201d you should not miss.<\/p>\n<p>Chucky starts as a seemingly innocent &#8220;Good Guy&#8221; doll named Charles Lee Ray, the name of the serial killer who transferred his soul into the doll using voodoo rituals just before his death. Once inhabited by the soul of Charles Lee Ray, Chucky becomes a malevolent, homicidal doll with a thirst for murder. He exhibits a sinister and sadistic personality, killing anyone who stands in his way. Chucky is known for his chilling catchphrase, &#8220;Hi, I&#8217;m Chucky! Wanna play?&#8221; He often uses it before attacking his victims. Despite his small size, Chucky is highly intelligent and resourceful, using his doll appearance to deceive and surprise his victims.<\/p><\/div>","protected":false},"excerpt":{"rendered":"<p>M\u00e1rka: MOC Factory<br \/>\nNem: Uniszex<br \/>\nKoroszt\u00e1ly: &gt; 6 \u00e9v<br \/>\nModel Number: 89290<br \/>\nBesorol\u00e1s: \u00d6sszeszerel\u00e9s<br \/>\nM\u0171anyag blokk forma: \u00f6nz\u00e1r\u00f3 t\u00e9gla<br \/>\nAnyaga: M\u0171anyag<br \/>\nM\u0171anyag t\u00edpus: ABS<br \/>\nT\u00e9gla T\u00e9gla: 292+<br \/>\nEredeti doboza nincs<\/p>","protected":false},"featured_media":48652,"comment_status":"open","ping_status":"closed","template":"","meta":{"_acf_changed":false},"product_cat":[1365,371,581,1408],"product_tag":[12374,12373,11072,8452,434],"class_list":["product","first","instock","shipping-taxable","purchasable","product-type-simple"],"acf":[],"_links":{"self":[{"href":"https:\/\/mouldking.store\/hu\/wp-json\/wp\/v2\/product\/48660","targetHints":{"allow":["GET"]}}],"collection":[{"href":"https:\/\/mouldking.store\/hu\/wp-json\/wp\/v2\/product"}],"about":[{"href":"https:\/\/mouldking.store\/hu\/wp-json\/wp\/v2\/types\/product"}],"replies":[{"embeddable":true,"href":"https:\/\/mouldking.store\/hu\/wp-json\/wp\/v2\/comments?post=48660"}],"wp:featuredmedia":[{"embeddable":true,"href":"https:\/\/mouldking.store\/hu\/wp-json\/wp\/v2\/media\/48652"}],"wp:attachment":[{"href":"https:\/\/mouldking.store\/hu\/wp-json\/wp\/v2\/media?parent=48660"}],"wp:term":[{"taxonomy":"product_cat","embeddable":true,"href":"https:\/\/mouldking.store\/hu\/wp-json\/wp\/v2\/product_cat?post=48660"},{"taxonomy":"product_tag","embeddable":true,"href":"https:\/\/mouldking.store\/hu\/wp-json\/wp\/v2\/product_tag?post=48660"}],"curies":[{"name":"wp","href":"https:\/\/api.w.org\/{rel}","templated":true}]}}