{"id":48703,"date":"2023-07-25T16:31:02","date_gmt":"2023-07-25T09:31:02","guid":{"rendered":"https:\/\/mouldking.store\/shop\/juhang-88009-chengdu-j-20-with-1991-pieces\/"},"modified":"2023-07-25T16:31:02","modified_gmt":"2023-07-25T09:31:02","slug":"juhang-88009-chengdu-j-20-with-1991-pieces","status":"publish","type":"product","link":"https:\/\/mouldking.store\/hu\/shop\/juhang-88009-chengdu-j-20-with-1991-pieces\/","title":{"rendered":"Juhang 88009 Chengdu J-20 with 1991 Pieces"},"content":{"rendered":"<div>\u2705 Juhang 88009 Chengdu J-20<br \/>&nbsp;<br \/>\u2705The Chengdu J-20 is a fifth-generation, stealth, twin-engine fighter aircraft developed by China. It is also known as the &#8220;Mighty Dragon&#8221; and is the first operational stealth aircraft in the People&#8217;s Liberation Army Air Force (PLAAF). The J-20 is designed for air superiority and multirole combat capabilities, making it one of the most advanced aircraft in China&#8217;s military arsenal.<br \/>&nbsp;<br \/>\ud83d\udeab FONTOS!&nbsp;<br \/>&nbsp;<br \/>Product Name: Chengdu J-20<\/p>\n<p>Kateg\u00f3ria: Katonai<br \/>&nbsp;<br \/>This Kit Contains:&nbsp; Juhang 88009<br \/>&nbsp;<br \/>1991 pcs Good Quality Bricks&nbsp;<br \/>&nbsp;<br \/>K\u00e9zi utas\u00edt\u00e1sok&nbsp;<br \/>&nbsp;<br \/>\ud83d\udcccA f\u0151szerepl\u0151 term\u00e9szete&nbsp;<br \/>&nbsp;<br \/>Introducing our proud collection named \u201cChengdu J-20\u201d you should not miss.&nbsp;<br \/>&nbsp;<br \/>The development and deployment of the Chengdu J-20 represent a significant advancement in China&#8217;s military aviation capabilities. The aircraft&#8217;s stealth features, advanced avionics, and multirole capabilities are intended to enhance China&#8217;s ability to project airpower and protect its interests in the region. As with any advanced military technology, the J-20&#8217;s capabilities and development may continue to evolve over time.<\/div>","protected":false},"excerpt":{"rendered":"<p>Brand: Juhang<br \/>\nNem: Uniszex<br \/>\nKoroszt\u00e1ly: &gt; 6 \u00e9v<br \/>\nModel Number: 88009<br \/>\nBesorol\u00e1s: \u00d6sszeszerel\u00e9s<br \/>\nM\u0171anyag blokk forma: \u00f6nz\u00e1r\u00f3 t\u00e9gla<br \/>\nAnyaga: M\u0171anyag<br \/>\nM\u0171anyag t\u00edpus: ABS<br \/>\nBricks Blocks: 1991 +<br \/>\nEredeti doboza nincs<\/p>","protected":false},"featured_media":48701,"comment_status":"open","ping_status":"closed","template":"","meta":{"_acf_changed":false},"product_cat":[1350,1357,372,364],"product_tag":[12379,10892,7374,11394,374,11488,389],"class_list":["product","first","instock","shipping-taxable","purchasable","product-type-simple"],"acf":[],"_links":{"self":[{"href":"https:\/\/mouldking.store\/hu\/wp-json\/wp\/v2\/product\/48703","targetHints":{"allow":["GET"]}}],"collection":[{"href":"https:\/\/mouldking.store\/hu\/wp-json\/wp\/v2\/product"}],"about":[{"href":"https:\/\/mouldking.store\/hu\/wp-json\/wp\/v2\/types\/product"}],"replies":[{"embeddable":true,"href":"https:\/\/mouldking.store\/hu\/wp-json\/wp\/v2\/comments?post=48703"}],"wp:featuredmedia":[{"embeddable":true,"href":"https:\/\/mouldking.store\/hu\/wp-json\/wp\/v2\/media\/48701"}],"wp:attachment":[{"href":"https:\/\/mouldking.store\/hu\/wp-json\/wp\/v2\/media?parent=48703"}],"wp:term":[{"taxonomy":"product_cat","embeddable":true,"href":"https:\/\/mouldking.store\/hu\/wp-json\/wp\/v2\/product_cat?post=48703"},{"taxonomy":"product_tag","embeddable":true,"href":"https:\/\/mouldking.store\/hu\/wp-json\/wp\/v2\/product_tag?post=48703"}],"curies":[{"name":"wp","href":"https:\/\/api.w.org\/{rel}","templated":true}]}}