{"id":48708,"date":"2023-07-25T16:45:10","date_gmt":"2023-07-25T09:45:10","guid":{"rendered":"https:\/\/mouldking.store\/shop\/juhang-88006-j-15-flying-shark-with-1999-pieces\/"},"modified":"2023-07-25T16:45:10","modified_gmt":"2023-07-25T09:45:10","slug":"juhang-88006-j-15-flying-shark-with-1999-pieces","status":"publish","type":"product","link":"https:\/\/mouldking.store\/hu\/shop\/juhang-88006-j-15-flying-shark-with-1999-pieces\/","title":{"rendered":"Juhang 88006 J-15 Flying Shark 1999 darabbal"},"content":{"rendered":"<div>\u2705 Juhang 88006 J-15 Flying Shark<br \/>&nbsp;<br \/>\u2705The J-15 Flying Shark is a carrier-based fighter aircraft developed and deployed by the People&#8217;s Liberation Army Navy (PLAN) of China. The J-15 is a naval variant of the Russian Sukhoi Su-33, and it is China&#8217;s first domestically produced carrier-based fighter jet.<br \/>&nbsp;<br \/>\ud83d\udeab FONTOS!&nbsp;<br \/>&nbsp;<br \/>Product Name: J-15 Flying Shark<br \/>&nbsp;<br \/>Kateg\u00f3ria: Katonai<br \/>&nbsp;<br \/>This Kit Contains:&nbsp; Juhang 88006&nbsp;<br \/>&nbsp;<br \/>1999 pcs Good Quality Bricks&nbsp;<br \/>&nbsp;<br \/>Size: 63 \u00d7 43 \u00d7 16 cm<br \/>&nbsp;<br \/>K\u00e9zi utas\u00edt\u00e1sok&nbsp;<br \/>&nbsp;<br \/>\ud83d\udcccA f\u0151szerepl\u0151 term\u00e9szete&nbsp;<br \/>&nbsp;<br \/>Introducing our proud collection named \u201cJ-15 Flying Shark\u201d you should not miss.&nbsp;<br \/>&nbsp;<br \/>The J-15 Flying Shark is part of China&#8217;s broader efforts to modernize and expand its naval capabilities. As China continues to invest in its aircraft carrier program and naval aviation, the J-15 is likely to play a crucial role in strengthening China&#8217;s maritime presence and defending its territorial interests.<\/div>","protected":false},"excerpt":{"rendered":"<p>Brand: Juhang<br \/>\nNem: Uniszex<br \/>\nKoroszt\u00e1ly: &gt; 6 \u00e9v<br \/>\nModel Number: 88006<br \/>\nBesorol\u00e1s: \u00d6sszeszerel\u00e9s<br \/>\nM\u0171anyag blokk forma: \u00f6nz\u00e1r\u00f3 t\u00e9gla<br \/>\nAnyaga: M\u0171anyag<br \/>\nM\u0171anyag t\u00edpus: ABS<br \/>\nBricks Blocks: 1999 +<br \/>\nEredeti doboza nincs<\/p>","protected":false},"featured_media":48707,"comment_status":"open","ping_status":"closed","template":"","meta":{"_acf_changed":false},"product_cat":[1350,1357,372,364],"product_tag":[12302,12137,374,5969,389],"class_list":["product","first","instock","shipping-taxable","purchasable","product-type-simple"],"acf":[],"_links":{"self":[{"href":"https:\/\/mouldking.store\/hu\/wp-json\/wp\/v2\/product\/48708","targetHints":{"allow":["GET"]}}],"collection":[{"href":"https:\/\/mouldking.store\/hu\/wp-json\/wp\/v2\/product"}],"about":[{"href":"https:\/\/mouldking.store\/hu\/wp-json\/wp\/v2\/types\/product"}],"replies":[{"embeddable":true,"href":"https:\/\/mouldking.store\/hu\/wp-json\/wp\/v2\/comments?post=48708"}],"wp:featuredmedia":[{"embeddable":true,"href":"https:\/\/mouldking.store\/hu\/wp-json\/wp\/v2\/media\/48707"}],"wp:attachment":[{"href":"https:\/\/mouldking.store\/hu\/wp-json\/wp\/v2\/media?parent=48708"}],"wp:term":[{"taxonomy":"product_cat","embeddable":true,"href":"https:\/\/mouldking.store\/hu\/wp-json\/wp\/v2\/product_cat?post=48708"},{"taxonomy":"product_tag","embeddable":true,"href":"https:\/\/mouldking.store\/hu\/wp-json\/wp\/v2\/product_tag?post=48708"}],"curies":[{"name":"wp","href":"https:\/\/api.w.org\/{rel}","templated":true}]}}